{"id":3710,"date":"2025-08-21T09:59:03","date_gmt":"2025-08-21T07:59:03","guid":{"rendered":"https:\/\/underwaterwindows.eu\/?page_id=3710"},"modified":"2025-08-21T14:09:42","modified_gmt":"2025-08-21T12:09:42","slug":"ventanas-subacuaticas-para-complejos-turisticos-y-centros-de-bienestar","status":"publish","type":"page","link":"https:\/\/underwaterwindows.eu\/es\/onderwaterramen-voor-resorts-en-wellness\/","title":{"rendered":"Ventanas subacu\u00e1ticas para complejos tur\u00edsticos y centros de bienestar"},"content":{"rendered":"<section class=\"section header-section\" id=\"section_324572397\">\n\t\t<div class=\"section-bg fill\" >\n\t\t\t<img loading=\"lazy\" decoding=\"async\" width=\"1559\" height=\"808\" src=\"https:\/\/underwaterwindows.eu\/app\/uploads\/2024\/12\/underwater-windows-header1.jpg\" class=\"bg attachment- size-\" alt=\"\" \/>\t\t\t\t\t\t\n\t\t\t\n\n\t\t<\/div>\n\n\t\t\n\n\t\t<div class=\"section-content relative\">\n\t\t\t\n<div class=\"row\"  id=\"row-818287038\">\n\n\t<div id=\"col-142444711\" class=\"col small-12 large-12\"  >\n\t\t\t\t<div class=\"col-inner\"  >\n\t\t\t\n\t\t\t\n\t<div id=\"text-3032072609\" class=\"text border-left-white\">\n\t\t\n<h1 style=\"font-weight: 600; font-size: 2.5rem;\">Ventanas subacu\u00e1ticas para complejos tur\u00edsticos y centros de bienestar<\/h1>\n\t\t\n<style>\n#text-3032072609 {\n  font-size: 2.5rem;\n  line-height: 1.2;\n  color: rgb(255, 255, 255);\n}\n#text-3032072609 > * {\n  color: rgb(255, 255, 255);\n}\n<\/style>\n\t<\/div>\n\t\n\t\t<\/div>\n\t\t\t\t\n<style>\n#col-142444711 > .col-inner {\n  padding: 0px 0px 0px 3%;\n}\n@media (min-width:850px) {\n  #col-142444711 > .col-inner {\n    padding: 0px 0px 0px 0;\n  }\n}\n<\/style>\n\t<\/div>\n\n\t\n<\/div>\n\t\t<\/div>\n\n\t\t\n<style>\n#section_324572397 {\n  padding-top: 30px;\n  padding-bottom: 30px;\n  margin-bottom: 91px;\n}\n#section_324572397 .section-bg img {\n  object-position: 56% 77%;\n}\n<\/style>\n\t<\/section>\n\t\n\n\t<section class=\"section\" id=\"section_347894222\">\n\t\t<div class=\"section-bg fill\" >\n\t\t\t\t\t\t\t\t\t\n\t\t\t\n\n\t\t<\/div>\n\n\t\t\n\n\t\t<div class=\"section-content relative\">\n\t\t\t\n<div class=\"row\"  id=\"row-643936024\">\n\n\t<div id=\"col-1212905869\" class=\"col small-12 large-12\"  >\n\t\t\t\t<div class=\"col-inner\"  >\n\t\t\t\n\t\t\t\n  <div class=\"banner-grid-wrapper\">\n  <div id=\"banner-grid-1340064065\" class=\"banner-grid row row-grid row-small\" data-packery-options=\"\">\n                      \n<div class=\"col grid-col large-6 grid-col-1\" ><div class=\"col-inner\">\n\t<div class=\"img has-hover x md-x lg-x y md-y lg-y\" id=\"image_336926587\">\n\t\t\t\t\t\t\t\t<div class=\"img-inner dark\" style=\"margin:0px 0px 0px 0px;\">\n\t\t\t<img loading=\"lazy\" decoding=\"async\" width=\"1020\" height=\"612\" src=\"https:\/\/underwaterwindows.eu\/app\/uploads\/2025\/08\/barcelona-1-1024x614.jpg\" class=\"attachment-large size-large\" alt=\"\" srcset=\"https:\/\/underwaterwindows.eu\/app\/uploads\/2025\/08\/barcelona-1-1024x614.jpg 1024w, https:\/\/underwaterwindows.eu\/app\/uploads\/2025\/08\/barcelona-1-300x180.jpg 300w, https:\/\/underwaterwindows.eu\/app\/uploads\/2025\/08\/barcelona-1-768x461.jpg 768w, https:\/\/underwaterwindows.eu\/app\/uploads\/2025\/08\/barcelona-1-1536x922.jpg 1536w, https:\/\/underwaterwindows.eu\/app\/uploads\/2025\/08\/barcelona-1.jpg 1600w\" sizes=\"auto, (max-width: 1020px) 100vw, 1020px\" \/>\t\t\t\t\t\t\n\t\t\t\t\t<\/div>\n\t\t\t\t\t\t\t\t\n<style>\n#image_336926587 {\n  width: 100%;\n}\n<\/style>\n\t<\/div>\n\t\n<\/div><\/div>\n<div class=\"col grid-col large-3 grid-col-1\" ><div class=\"col-inner\">\n\t<div class=\"img has-hover x md-x lg-x y md-y lg-y\" id=\"image_622001365\">\n\t\t\t\t\t\t\t\t<div class=\"img-inner dark\" style=\"margin:0px 0px 0px 0px;\">\n\t\t\t<img loading=\"lazy\" decoding=\"async\" width=\"2016\" height=\"1512\" src=\"https:\/\/underwaterwindows.eu\/app\/uploads\/2025\/08\/unnamed-3-1.jpg\" class=\"attachment-original size-original\" alt=\"\" srcset=\"https:\/\/underwaterwindows.eu\/app\/uploads\/2025\/08\/unnamed-3-1.jpg 2016w, https:\/\/underwaterwindows.eu\/app\/uploads\/2025\/08\/unnamed-3-1-300x225.jpg 300w, https:\/\/underwaterwindows.eu\/app\/uploads\/2025\/08\/unnamed-3-1-1024x768.jpg 1024w, https:\/\/underwaterwindows.eu\/app\/uploads\/2025\/08\/unnamed-3-1-768x576.jpg 768w, https:\/\/underwaterwindows.eu\/app\/uploads\/2025\/08\/unnamed-3-1-1536x1152.jpg 1536w\" sizes=\"auto, (max-width: 2016px) 100vw, 2016px\" \/>\t\t\t\t\t\t\n\t\t\t\t\t<\/div>\n\t\t\t\t\t\t\t\t\n<style>\n#image_622001365 {\n  width: 100%;\n}\n<\/style>\n\t<\/div>\n\t\n<\/div><\/div>\n<div class=\"col grid-col large-3 grid-col-1-2\" ><div class=\"col-inner\">\n\t<div class=\"img has-hover x md-x lg-x y md-y lg-y\" id=\"image_235271573\">\n\t\t\t\t\t\t\t\t<div class=\"img-inner dark\" >\n\t\t\t<img loading=\"lazy\" decoding=\"async\" width=\"500\" height=\"450\" src=\"https:\/\/underwaterwindows.eu\/app\/uploads\/2025\/08\/piscina-armando-desde-arrriba-1-500x450-1.jpg\" class=\"attachment-large size-large\" alt=\"\" srcset=\"https:\/\/underwaterwindows.eu\/app\/uploads\/2025\/08\/piscina-armando-desde-arrriba-1-500x450-1.jpg 500w, https:\/\/underwaterwindows.eu\/app\/uploads\/2025\/08\/piscina-armando-desde-arrriba-1-500x450-1-300x270.jpg 300w\" sizes=\"auto, (max-width: 500px) 100vw, 500px\" \/>\t\t\t\t\t\t\n\t\t\t\t\t<\/div>\n\t\t\t\t\t\t\t\t\n<style>\n#image_235271573 {\n  width: 100%;\n}\n<\/style>\n\t<\/div>\n\t\n<\/div><\/div>\n<div class=\"col grid-col large-3 grid-col-1-2\" ><div class=\"col-inner\">\n\t<div class=\"img has-hover x md-x lg-x y md-y lg-y\" id=\"image_656795471\">\n\t\t\t\t\t\t\t\t<div class=\"img-inner dark\" >\n\t\t\t<img loading=\"lazy\" decoding=\"async\" width=\"500\" height=\"450\" src=\"https:\/\/underwaterwindows.eu\/app\/uploads\/2025\/08\/Underwater-Windows-overflow-pools-balcony-500x450-1.jpg\" class=\"attachment-large size-large\" alt=\"\" srcset=\"https:\/\/underwaterwindows.eu\/app\/uploads\/2025\/08\/Underwater-Windows-overflow-pools-balcony-500x450-1.jpg 500w, https:\/\/underwaterwindows.eu\/app\/uploads\/2025\/08\/Underwater-Windows-overflow-pools-balcony-500x450-1-300x270.jpg 300w\" sizes=\"auto, (max-width: 500px) 100vw, 500px\" \/>\t\t\t\t\t\t\n\t\t\t\t\t<\/div>\n\t\t\t\t\t\t\t\t\n<style>\n#image_656795471 {\n  width: 100%;\n}\n<\/style>\n\t<\/div>\n\t\n<\/div><\/div>\n            <\/div>\n    <style>\n    #banner-grid-1340064065 .grid-col-1{height: 600px}\n    #banner-grid-1340064065 .grid-col-1-2{height: 300px}\n    #banner-grid-1340064065 .grid-col-1-3{height:200px}\n    #banner-grid-1340064065 .grid-col-2-3{height: 400px}\n    #banner-grid-1340064065 .grid-col-1-4{height: 150px}\n    #banner-grid-1340064065 .grid-col-3-4{height: 450px}\n\n\n    \n    \n\n  <\/style>\n    <\/div>\n  \n\t\t<\/div>\n\t\t\t\t\t<\/div>\n\n\t\n<\/div>\n<div class=\"row\"  id=\"row-221190519\">\n\n\t<div id=\"col-2113130558\" class=\"col medium-12 small-12 large-6\"  >\n\t\t\t\t<div class=\"col-inner\"  >\n\t\t\t\n\t\t\t\n\t<div id=\"text-2994395754\" class=\"text\">\n\t\t\n<h2 data-start=\"4387\" data-end=\"4438\"><span style=\"font-size: 75%;\"><strong>Ventanas subacu\u00e1ticas para complejos tur\u00edsticos y centros de bienestar<\/strong><\/span><\/h2>\n<p data-start=\"4440\" data-end=\"4736\">En los complejos tur\u00edsticos y centros de bienestar, todo gira en torno a la experiencia y la exclusividad. Nuestras ventanas subacu\u00e1ticas proporcionan un efecto espectacular y elevan cualquier dise\u00f1o a un nivel superior. Desde piscinas infinitas con vistas al mar hasta tranquilos spas con relajante iluminaci\u00f3n subacu\u00e1tica, lo hacemos todo a medida.<\/p>\n<h2 data-start=\"4738\" data-end=\"4919\"><span style=\"font-size: 75%;\"><strong data-start=\"4738\" data-end=\"4774\">Dise\u00f1o exclusivo y personalizado<\/strong><\/span><\/h2>\n<p data-start=\"4738\" data-end=\"4919\">Nuestras ventanas se integran perfectamente en el dise\u00f1o. Realzan el aspecto lujoso y proporcionan una experiencia \u00fanica a sus hu\u00e9spedes.<\/p>\n<h2 data-start=\"4921\" data-end=\"5108\"><span style=\"font-size: 75%;\"><strong data-start=\"4921\" data-end=\"4960\">Resistente al uso intensivo<\/strong><\/span><\/h2>\n<p data-start=\"4921\" data-end=\"5108\">Los complejos tur\u00edsticos y los centros de bienestar tienen requisitos muy exigentes. Nuestras ventanas son resistentes al cloro y a la sal, duraderas y han sido probadas para un uso prolongado e intensivo.<\/p>\n\t\t\n<style>\n#text-2994395754 {\n  line-height: 1.3;\n}\n<\/style>\n\t<\/div>\n\t\n\t\t<\/div>\n\t\t\t\t\n<style>\n#col-2113130558 > .col-inner {\n  padding: 0px 1% 0px 1%;\n}\n@media (min-width:550px) {\n  #col-2113130558 > .col-inner {\n    padding: 0px 2% 0px 2%;\n  }\n}\n@media (min-width:850px) {\n  #col-2113130558 > .col-inner {\n    padding: 0px 0px 20px 0%;\n  }\n}\n<\/style>\n\t<\/div>\n\n\t\n\n\t<div id=\"col-255737029\" class=\"col medium-12 small-12 large-6\"  >\n\t\t\t\t<div class=\"col-inner\"  >\n\t\t\t\n\t\t\t\n\t<div id=\"text-2732012443\" class=\"text\">\n\t\t\n<h2 data-start=\"5110\" data-end=\"5355\"><span style=\"font-size: 75%;\"><strong data-start=\"5110\" data-end=\"5168\">Instalaci\u00f3n en todo el mundo, incluso en lugares remotos<\/strong><\/span><\/h2>\n<p data-start=\"5110\" data-end=\"5355\">Ya sea un complejo tur\u00edstico en una isla tropical o un centro de bienestar en las monta\u00f1as, nuestro equipo se encarga de la instalaci\u00f3n, incluido el transporte y la maquinaria. Ninguna ubicaci\u00f3n es demasiado dif\u00edcil.<\/p>\n<h2 data-start=\"5357\" data-end=\"5379\"><span style=\"font-size: 75%;\"><strong data-start=\"5357\" data-end=\"5377\">Aplicaciones<\/strong><\/span><\/h2>\n<ul>\n<li data-start=\"5382\" data-end=\"5398\">piscinas infinitas<\/li>\n<li data-start=\"5401\" data-end=\"5426\">spas y centros de bienestar<\/li>\n<li data-start=\"5429\" data-end=\"5456\">piscinas exclusivas de hotel<\/li>\n<li data-start=\"5459\" data-end=\"5479\">resorts privados de lujo<\/li>\n<\/ul>\n<p data-start=\"5481\" data-end=\"5584\"><em data-start=\"5481\" data-end=\"5582\">Servicios relacionados: <a href=\"https:\/\/underwaterwindows.eu\/es\/instalacion-de-ventanas-subacuaticas\/\">Instalaci\u00f3n de ventanas subacu\u00e1ticas<\/a>, <a href=\"https:\/\/underwaterwindows.eu\/es\/impermeabilizar-sellar-ventanas-submarinas\/\">Impermeabilizar,<\/a> <a href=\"https:\/\/underwaterwindows.eu\/es\/inspeccion-de-ventanas-subacuaticas\/\">Inspecci\u00f3n.<\/a><\/em><\/p>\n\t\t\n<style>\n#text-2732012443 {\n  line-height: 1.3;\n}\n<\/style>\n\t<\/div>\n\t\n<a href=\"https:\/\/underwaterwindows.eu\/es\/contacto\/\" class=\"button primary button-categories\"  >\n\t\t<span>Solicite un presupuesto<\/span>\n\t<\/a>\n\n\t\t<\/div>\n\t\t\t\t\n<style>\n#col-255737029 > .col-inner {\n  padding: 0px 1% 78px 1%;\n}\n@media (min-width:550px) {\n  #col-255737029 > .col-inner {\n    padding: 0px 2% 0px 2%;\n  }\n}\n@media (min-width:850px) {\n  #col-255737029 > .col-inner {\n    padding: 0px 0px 0px 10%;\n  }\n}\n<\/style>\n\t<\/div>\n\n\t\n<\/div>\n<div class=\"is-divider divider clearfix\" ><\/div>\n<div class=\"slider-wrapper relative\" id=\"slider-219527081\" >\n    <div class=\"slider slider-nav-circle slider-nav-large slider-nav-light slider-style-normal\"\n        data-flickity-options='{            \"cellAlign\": \"center\",            \"imagesLoaded\": true,            \"lazyLoad\": 1,            \"freeScroll\": false,            \"wrapAround\": true,            \"autoPlay\": 6000,            \"pauseAutoPlayOnHover\" : true,            \"prevNextButtons\": true,            \"contain\" : true,            \"adaptiveHeight\" : true,            \"dragThreshold\" : 10,            \"percentPosition\": true,            \"pageDots\": true,            \"rightToLeft\": false,            \"draggable\": true,            \"selectedAttraction\": 0.1,            \"parallax\" : 0,            \"friction\": 0.6        }'\n        >\n        \n<div class=\"row\"  id=\"row-1796087993\">\n\n\t<div id=\"col-319399274\" class=\"col medium-4 small-12 large-4\"  >\n\t\t\t\t<div class=\"col-inner\"  >\n\t\t\t\n\t\t\t\n\t<div class=\"img has-hover x md-x lg-x y md-y lg-y\" id=\"image_1228470180\">\n\t\t\t\t\t\t\t\t<div class=\"img-inner dark\" >\n\t\t\t<img loading=\"lazy\" decoding=\"async\" width=\"1020\" height=\"770\" src=\"https:\/\/underwaterwindows.eu\/app\/uploads\/2025\/08\/IMG_0702-1-1024x773.jpg\" class=\"attachment-large size-large\" alt=\"\" srcset=\"https:\/\/underwaterwindows.eu\/app\/uploads\/2025\/08\/IMG_0702-1-1024x773.jpg 1024w, https:\/\/underwaterwindows.eu\/app\/uploads\/2025\/08\/IMG_0702-1-300x226.jpg 300w, https:\/\/underwaterwindows.eu\/app\/uploads\/2025\/08\/IMG_0702-1-768x580.jpg 768w, https:\/\/underwaterwindows.eu\/app\/uploads\/2025\/08\/IMG_0702-1-1536x1160.jpg 1536w, https:\/\/underwaterwindows.eu\/app\/uploads\/2025\/08\/IMG_0702-1.jpg 2048w\" sizes=\"auto, (max-width: 1020px) 100vw, 1020px\" \/>\t\t\t\t\t\t\n\t\t\t\t\t<\/div>\n\t\t\t\t\t\t\t\t\n<style>\n#image_1228470180 {\n  width: 100%;\n}\n<\/style>\n\t<\/div>\n\t\n\t\t<\/div>\n\t\t\t\t\t<\/div>\n\n\t\n\n\t<div id=\"col-677271366\" class=\"col medium-4 small-12 large-4\"  >\n\t\t\t\t<div class=\"col-inner\"  >\n\t\t\t\n\t\t\t\n\t<div class=\"img has-hover x md-x lg-x y md-y lg-y\" id=\"image_1554693052\">\n\t\t\t\t\t\t\t\t<div class=\"img-inner dark\" >\n\t\t\t<img loading=\"lazy\" decoding=\"async\" width=\"1020\" height=\"755\" src=\"https:\/\/underwaterwindows.eu\/app\/uploads\/2025\/08\/Bodrum-Turkije-3-1024x758.jpg\" class=\"attachment-large size-large\" alt=\"\" srcset=\"https:\/\/underwaterwindows.eu\/app\/uploads\/2025\/08\/Bodrum-Turkije-3-1024x758.jpg 1024w, https:\/\/underwaterwindows.eu\/app\/uploads\/2025\/08\/Bodrum-Turkije-3-300x222.jpg 300w, https:\/\/underwaterwindows.eu\/app\/uploads\/2025\/08\/Bodrum-Turkije-3-768x568.jpg 768w, https:\/\/underwaterwindows.eu\/app\/uploads\/2025\/08\/Bodrum-Turkije-3.jpg 1270w\" sizes=\"auto, (max-width: 1020px) 100vw, 1020px\" \/>\t\t\t\t\t\t\n\t\t\t\t\t<\/div>\n\t\t\t\t\t\t\t\t\n<style>\n#image_1554693052 {\n  width: 100%;\n}\n<\/style>\n\t<\/div>\n\t\n\t\t<\/div>\n\t\t\t\t\t<\/div>\n\n\t\n\n\t<div id=\"col-1837602806\" class=\"col medium-4 small-12 large-4\"  >\n\t\t\t\t<div class=\"col-inner\"  >\n\t\t\t\n\t\t\t\n\t<div class=\"img has-hover x md-x lg-x y md-y lg-y\" id=\"image_744984017\">\n\t\t\t\t\t\t\t\t<div class=\"img-inner dark\" >\n\t\t\t<img loading=\"lazy\" decoding=\"async\" width=\"1020\" height=\"765\" src=\"https:\/\/underwaterwindows.eu\/app\/uploads\/2025\/08\/WhatsApp-Image-2024-08-13-at-11.43.40-4-1024x768.jpeg\" class=\"attachment-large size-large\" alt=\"\" srcset=\"https:\/\/underwaterwindows.eu\/app\/uploads\/2025\/08\/WhatsApp-Image-2024-08-13-at-11.43.40-4-1024x768.jpeg 1024w, https:\/\/underwaterwindows.eu\/app\/uploads\/2025\/08\/WhatsApp-Image-2024-08-13-at-11.43.40-4-300x225.jpeg 300w, https:\/\/underwaterwindows.eu\/app\/uploads\/2025\/08\/WhatsApp-Image-2024-08-13-at-11.43.40-4-768x576.jpeg 768w, https:\/\/underwaterwindows.eu\/app\/uploads\/2025\/08\/WhatsApp-Image-2024-08-13-at-11.43.40-4-1536x1152.jpeg 1536w, https:\/\/underwaterwindows.eu\/app\/uploads\/2025\/08\/WhatsApp-Image-2024-08-13-at-11.43.40-4.jpeg 1600w\" sizes=\"auto, (max-width: 1020px) 100vw, 1020px\" \/>\t\t\t\t\t\t\n\t\t\t\t\t<\/div>\n\t\t\t\t\t\t\t\t\n<style>\n#image_744984017 {\n  width: 100%;\n}\n<\/style>\n\t<\/div>\n\t\n\t\t<\/div>\n\t\t\t\t\t<\/div>\n\n\t\n<\/div>\n<div class=\"row\"  id=\"row-29925664\">\n\n\t<div id=\"col-1599028556\" class=\"col medium-4 small-12 large-4\"  >\n\t\t\t\t<div class=\"col-inner\"  >\n\t\t\t\n\t\t\t\n\t<div class=\"img has-hover x md-x lg-x y md-y lg-y\" id=\"image_1229135753\">\n\t\t\t\t\t\t\t\t<div class=\"img-inner dark\" >\n\t\t\t<img loading=\"lazy\" decoding=\"async\" width=\"960\" height=\"640\" src=\"https:\/\/underwaterwindows.eu\/app\/uploads\/2025\/08\/belgie-4.jpg\" class=\"attachment-large size-large\" alt=\"\" srcset=\"https:\/\/underwaterwindows.eu\/app\/uploads\/2025\/08\/belgie-4.jpg 960w, https:\/\/underwaterwindows.eu\/app\/uploads\/2025\/08\/belgie-4-300x200.jpg 300w, https:\/\/underwaterwindows.eu\/app\/uploads\/2025\/08\/belgie-4-768x512.jpg 768w\" sizes=\"auto, (max-width: 960px) 100vw, 960px\" \/>\t\t\t\t\t\t\n\t\t\t\t\t<\/div>\n\t\t\t\t\t\t\t\t\n<style>\n#image_1229135753 {\n  width: 100%;\n}\n<\/style>\n\t<\/div>\n\t\n\t\t<\/div>\n\t\t\t\t\t<\/div>\n\n\t\n\n\t<div id=\"col-1657563856\" class=\"col medium-4 small-12 large-4\"  >\n\t\t\t\t<div class=\"col-inner\"  >\n\t\t\t\n\t\t\t\n\t<div class=\"img has-hover x md-x lg-x y md-y lg-y\" id=\"image_1038147557\">\n\t\t\t\t\t\t\t\t<div class=\"img-inner dark\" >\n\t\t\t<img loading=\"lazy\" decoding=\"async\" width=\"622\" height=\"440\" src=\"https:\/\/underwaterwindows.eu\/app\/uploads\/2025\/08\/unnamed-8.jpg\" class=\"attachment-large size-large\" alt=\"\" srcset=\"https:\/\/underwaterwindows.eu\/app\/uploads\/2025\/08\/unnamed-8.jpg 622w, https:\/\/underwaterwindows.eu\/app\/uploads\/2025\/08\/unnamed-8-300x212.jpg 300w\" sizes=\"auto, (max-width: 622px) 100vw, 622px\" \/>\t\t\t\t\t\t\n\t\t\t\t\t<\/div>\n\t\t\t\t\t\t\t\t\n<style>\n#image_1038147557 {\n  width: 100%;\n}\n<\/style>\n\t<\/div>\n\t\n\t\t<\/div>\n\t\t\t\t\t<\/div>\n\n\t\n\n\t<div id=\"col-1977699985\" class=\"col medium-4 small-12 large-4\"  >\n\t\t\t\t<div class=\"col-inner\"  >\n\t\t\t\n\t\t\t\n\t<div class=\"img has-hover x md-x lg-x y md-y lg-y\" id=\"image_1685994779\">\n\t\t\t\t\t\t\t\t<div class=\"img-inner dark\" >\n\t\t\t<img loading=\"lazy\" decoding=\"async\" width=\"1020\" height=\"765\" src=\"https:\/\/underwaterwindows.eu\/app\/uploads\/2025\/08\/IMG_6445-1024x768.jpg\" class=\"attachment-large size-large\" alt=\"\" srcset=\"https:\/\/underwaterwindows.eu\/app\/uploads\/2025\/08\/IMG_6445-1024x768.jpg 1024w, https:\/\/underwaterwindows.eu\/app\/uploads\/2025\/08\/IMG_6445-300x225.jpg 300w, https:\/\/underwaterwindows.eu\/app\/uploads\/2025\/08\/IMG_6445-768x576.jpg 768w, https:\/\/underwaterwindows.eu\/app\/uploads\/2025\/08\/IMG_6445-1536x1152.jpg 1536w, https:\/\/underwaterwindows.eu\/app\/uploads\/2025\/08\/IMG_6445.jpg 2016w\" sizes=\"auto, (max-width: 1020px) 100vw, 1020px\" \/>\t\t\t\t\t\t\n\t\t\t\t\t<\/div>\n\t\t\t\t\t\t\t\t\n<style>\n#image_1685994779 {\n  width: 100%;\n}\n<\/style>\n\t<\/div>\n\t\n\t\t<\/div>\n\t\t\t\t\t<\/div>\n\n\t\n<\/div>\n     <\/div>\n\n     <div class=\"loading-spin dark large centered\"><\/div>\n\n\t<\/div>\n\n\n\t\t<\/div>\n\n\t\t\n<style>\n#section_347894222 {\n  padding-top: 0px;\n  padding-bottom: 0px;\n}\n@media (min-width:550px) {\n  #section_347894222 {\n    padding-top: 45px;\n    padding-bottom: 45px;\n  }\n}\n<\/style>\n\t<\/section>","protected":false},"excerpt":{"rendered":"","protected":false},"author":2,"featured_media":0,"parent":0,"menu_order":0,"comment_status":"closed","ping_status":"closed","template":"page-blank.php","meta":{"footnotes":""},"class_list":["post-3710","page","type-page","status-publish","hentry"],"yoast_head":"<!-- This site is optimized with the Yoast SEO plugin v27.0 - https:\/\/yoast.com\/product\/yoast-seo-wordpress\/ -->\n<title>Onderwaterramen voor resorts en wellness - Underwaterwindows -Luxe en design<\/title>\n<meta name=\"description\" content=\"Cre\u00eber luxe en unieke beleving met onderwater ramen voor resorts en wellness. Op maat gemaakt en wereldwijd ge\u00efnstalleerd.\" \/>\n<meta name=\"robots\" content=\"index, follow, max-snippet:-1, max-image-preview:large, max-video-preview:-1\" \/>\n<link rel=\"canonical\" href=\"https:\/\/underwaterwindows.eu\/es\/ventanas-subacuaticas-para-complejos-turisticos-y-centros-de-bienestar\/\" \/>\n<meta property=\"og:locale\" content=\"es_ES\" \/>\n<meta property=\"og:type\" content=\"article\" \/>\n<meta property=\"og:title\" content=\"Onderwaterramen voor resorts en wellness - Underwaterwindows -Luxe en design\" \/>\n<meta property=\"og:description\" content=\"Cre\u00eber luxe en unieke beleving met onderwater ramen voor resorts en wellness. Op maat gemaakt en wereldwijd ge\u00efnstalleerd.\" \/>\n<meta property=\"og:url\" content=\"https:\/\/underwaterwindows.eu\/es\/ventanas-subacuaticas-para-complejos-turisticos-y-centros-de-bienestar\/\" \/>\n<meta property=\"og:site_name\" content=\"Underwaterwindows\" \/>\n<meta property=\"article:modified_time\" content=\"2025-08-21T12:09:42+00:00\" \/>\n<meta name=\"twitter:card\" content=\"summary_large_image\" \/>\n<meta name=\"twitter:label1\" content=\"Est. reading time\" \/>\n\t<meta name=\"twitter:data1\" content=\"2 minutos\" \/>\n<script type=\"application\/ld+json\" class=\"yoast-schema-graph\">{\"@context\":\"https:\/\/schema.org\",\"@graph\":[{\"@type\":\"WebPage\",\"@id\":\"https:\/\/underwaterwindows.eu\/onderwaterramen-voor-resorts-en-wellness\/\",\"url\":\"https:\/\/underwaterwindows.eu\/onderwaterramen-voor-resorts-en-wellness\/\",\"name\":\"Onderwaterramen voor resorts en wellness - Underwaterwindows -Luxe en design\",\"isPartOf\":{\"@id\":\"https:\/\/underwaterwindows.eu\/#website\"},\"datePublished\":\"2025-08-21T07:59:03+00:00\",\"dateModified\":\"2025-08-21T12:09:42+00:00\",\"description\":\"Cre\u00eber luxe en unieke beleving met onderwater ramen voor resorts en wellness. Op maat gemaakt en wereldwijd ge\u00efnstalleerd.\",\"breadcrumb\":{\"@id\":\"https:\/\/underwaterwindows.eu\/onderwaterramen-voor-resorts-en-wellness\/#breadcrumb\"},\"inLanguage\":\"es\",\"potentialAction\":[{\"@type\":\"ReadAction\",\"target\":[\"https:\/\/underwaterwindows.eu\/onderwaterramen-voor-resorts-en-wellness\/\"]}]},{\"@type\":\"BreadcrumbList\",\"@id\":\"https:\/\/underwaterwindows.eu\/onderwaterramen-voor-resorts-en-wellness\/#breadcrumb\",\"itemListElement\":[{\"@type\":\"ListItem\",\"position\":1,\"name\":\"Home\",\"item\":\"https:\/\/underwaterwindows.eu\/\"},{\"@type\":\"ListItem\",\"position\":2,\"name\":\"Onderwaterramen voor resorts en wellness\"}]},{\"@type\":\"WebSite\",\"@id\":\"https:\/\/underwaterwindows.eu\/#website\",\"url\":\"https:\/\/underwaterwindows.eu\/\",\"name\":\"Underwaterwindows\",\"description\":\"\",\"potentialAction\":[{\"@type\":\"SearchAction\",\"target\":{\"@type\":\"EntryPoint\",\"urlTemplate\":\"https:\/\/underwaterwindows.eu\/?s={search_term_string}\"},\"query-input\":{\"@type\":\"PropertyValueSpecification\",\"valueRequired\":true,\"valueName\":\"search_term_string\"}}],\"inLanguage\":\"es\"}]}<\/script>\n<!-- \/ Yoast SEO plugin. -->","yoast_head_json":{"title":"Ventanas subacu\u00e1ticas para complejos tur\u00edsticos y centros de bienestar - Underwaterwindows - Lujo y dise\u00f1o","description":"Cree una experiencia \u00fanica y lujosa con ventanas submarinas para complejos tur\u00edsticos y centros de bienestar. Fabricadas a medida e instaladas en todo el mundo.","robots":{"index":"index","follow":"follow","max-snippet":"max-snippet:-1","max-image-preview":"max-image-preview:large","max-video-preview":"max-video-preview:-1"},"canonical":"https:\/\/underwaterwindows.eu\/es\/ventanas-subacuaticas-para-complejos-turisticos-y-centros-de-bienestar\/","og_locale":"es_ES","og_type":"article","og_title":"Onderwaterramen voor resorts en wellness - Underwaterwindows -Luxe en design","og_description":"Cre\u00eber luxe en unieke beleving met onderwater ramen voor resorts en wellness. Op maat gemaakt en wereldwijd ge\u00efnstalleerd.","og_url":"https:\/\/underwaterwindows.eu\/es\/ventanas-subacuaticas-para-complejos-turisticos-y-centros-de-bienestar\/","og_site_name":"Underwaterwindows","article_modified_time":"2025-08-21T12:09:42+00:00","twitter_card":"summary_large_image","twitter_misc":{"Est. reading time":"2 minutos"},"schema":{"@context":"https:\/\/schema.org","@graph":[{"@type":"WebPage","@id":"https:\/\/underwaterwindows.eu\/onderwaterramen-voor-resorts-en-wellness\/","url":"https:\/\/underwaterwindows.eu\/onderwaterramen-voor-resorts-en-wellness\/","name":"Ventanas subacu\u00e1ticas para complejos tur\u00edsticos y centros de bienestar - Underwaterwindows - Lujo y dise\u00f1o","isPartOf":{"@id":"https:\/\/underwaterwindows.eu\/#website"},"datePublished":"2025-08-21T07:59:03+00:00","dateModified":"2025-08-21T12:09:42+00:00","description":"Cree una experiencia \u00fanica y lujosa con ventanas submarinas para complejos tur\u00edsticos y centros de bienestar. Fabricadas a medida e instaladas en todo el mundo.","breadcrumb":{"@id":"https:\/\/underwaterwindows.eu\/onderwaterramen-voor-resorts-en-wellness\/#breadcrumb"},"inLanguage":"es","potentialAction":[{"@type":"ReadAction","target":["https:\/\/underwaterwindows.eu\/onderwaterramen-voor-resorts-en-wellness\/"]}]},{"@type":"BreadcrumbList","@id":"https:\/\/underwaterwindows.eu\/onderwaterramen-voor-resorts-en-wellness\/#breadcrumb","itemListElement":[{"@type":"ListItem","position":1,"name":"Home","item":"https:\/\/underwaterwindows.eu\/"},{"@type":"ListItem","position":2,"name":"Onderwaterramen voor resorts en wellness"}]},{"@type":"WebSite","@id":"https:\/\/underwaterwindows.eu\/#website","url":"https:\/\/underwaterwindows.eu\/","name":"Ventanas submarinas","description":"","potentialAction":[{"@type":"SearchAction","target":{"@type":"EntryPoint","urlTemplate":"https:\/\/underwaterwindows.eu\/?s={search_term_string}"},"query-input":{"@type":"PropertyValueSpecification","valueRequired":true,"valueName":"search_term_string"}}],"inLanguage":"es"}]}},"_links":{"self":[{"href":"https:\/\/underwaterwindows.eu\/es\/wp-json\/wp\/v2\/pages\/3710","targetHints":{"allow":["GET"]}}],"collection":[{"href":"https:\/\/underwaterwindows.eu\/es\/wp-json\/wp\/v2\/pages"}],"about":[{"href":"https:\/\/underwaterwindows.eu\/es\/wp-json\/wp\/v2\/types\/page"}],"author":[{"embeddable":true,"href":"https:\/\/underwaterwindows.eu\/es\/wp-json\/wp\/v2\/users\/2"}],"replies":[{"embeddable":true,"href":"https:\/\/underwaterwindows.eu\/es\/wp-json\/wp\/v2\/comments?post=3710"}],"version-history":[{"count":5,"href":"https:\/\/underwaterwindows.eu\/es\/wp-json\/wp\/v2\/pages\/3710\/revisions"}],"predecessor-version":[{"id":3722,"href":"https:\/\/underwaterwindows.eu\/es\/wp-json\/wp\/v2\/pages\/3710\/revisions\/3722"}],"wp:attachment":[{"href":"https:\/\/underwaterwindows.eu\/es\/wp-json\/wp\/v2\/media?parent=3710"}],"curies":[{"name":"wp","href":"https:\/\/api.w.org\/{rel}","templated":true}]}}