{"id":3705,"date":"2025-08-21T09:34:20","date_gmt":"2025-08-21T07:34:20","guid":{"rendered":"https:\/\/underwaterwindows.eu\/?page_id=3705"},"modified":"2025-08-21T09:51:28","modified_gmt":"2025-08-21T07:51:28","slug":"ventanas-de-acuarios-y-zoologicos","status":"publish","type":"page","link":"https:\/\/underwaterwindows.eu\/es\/aquarium-en-dierentuin-ramen\/","title":{"rendered":"Ventanas para acuarios y zool\u00f3gicos"},"content":{"rendered":"<section class=\"section header-section\" id=\"section_1912784300\">\n\t\t<div class=\"section-bg fill\" >\n\t\t\t<img loading=\"lazy\" decoding=\"async\" width=\"1559\" height=\"808\" src=\"https:\/\/underwaterwindows.eu\/app\/uploads\/2024\/12\/underwater-windows-header1.jpg\" class=\"bg attachment- size-\" alt=\"\" \/>\t\t\t\t\t\t\n\t\t\t\n\n\t\t<\/div>\n\n\t\t\n\n\t\t<div class=\"section-content relative\">\n\t\t\t\n<div class=\"row\"  id=\"row-48377874\">\n\n\t<div id=\"col-1101812687\" class=\"col small-12 large-12\"  >\n\t\t\t\t<div class=\"col-inner\"  >\n\t\t\t\n\t\t\t\n\t<div id=\"text-1905648004\" class=\"text border-left-white\">\n\t\t\n<h1 style=\"font-weight: 600; font-size: 2.5rem;\">Ventanas para acuarios y zool\u00f3gicos<\/h1>\n\t\t\n<style>\n#text-1905648004 {\n  font-size: 2.5rem;\n  line-height: 1.2;\n  color: rgb(255, 255, 255);\n}\n#text-1905648004 > * {\n  color: rgb(255, 255, 255);\n}\n<\/style>\n\t<\/div>\n\t\n\t\t<\/div>\n\t\t\t\t\n<style>\n#col-1101812687 > .col-inner {\n  padding: 0px 0px 0px 3%;\n}\n@media (min-width:850px) {\n  #col-1101812687 > .col-inner {\n    padding: 0px 0px 0px 0;\n  }\n}\n<\/style>\n\t<\/div>\n\n\t\n<\/div>\n\t\t<\/div>\n\n\t\t\n<style>\n#section_1912784300 {\n  padding-top: 30px;\n  padding-bottom: 30px;\n  margin-bottom: 91px;\n}\n#section_1912784300 .section-bg img {\n  object-position: 56% 77%;\n}\n<\/style>\n\t<\/section>\n\t\n\n\t<section class=\"section\" id=\"section_1123264170\">\n\t\t<div class=\"section-bg fill\" >\n\t\t\t\t\t\t\t\t\t\n\t\t\t\n\n\t\t<\/div>\n\n\t\t\n\n\t\t<div class=\"section-content relative\">\n\t\t\t\n<div class=\"row\"  id=\"row-51606937\">\n\n\t<div id=\"col-979467482\" class=\"col small-12 large-12\"  >\n\t\t\t\t<div class=\"col-inner\"  >\n\t\t\t\n\t\t\t\n  <div class=\"banner-grid-wrapper\">\n  <div id=\"banner-grid-1075756447\" class=\"banner-grid row row-grid row-small\" data-packery-options=\"\">\n                      \n<div class=\"col grid-col large-12 grid-col-1\" ><div class=\"col-inner\">\n\t<div class=\"img has-hover x md-x lg-x y md-y lg-y\" id=\"image_1079186711\">\n\t\t\t\t\t\t\t\t<div class=\"img-inner dark\" style=\"margin:0px 0px 0px 0px;\">\n\t\t\t<img loading=\"lazy\" decoding=\"async\" width=\"1020\" height=\"765\" src=\"https:\/\/underwaterwindows.eu\/app\/uploads\/2025\/08\/8389bd55-fcc9-48b2-a985-a038dbcbb1c0.jpg\" class=\"attachment-large size-large\" alt=\"\" srcset=\"https:\/\/underwaterwindows.eu\/app\/uploads\/2025\/08\/8389bd55-fcc9-48b2-a985-a038dbcbb1c0.jpg 1024w, https:\/\/underwaterwindows.eu\/app\/uploads\/2025\/08\/8389bd55-fcc9-48b2-a985-a038dbcbb1c0-300x225.jpg 300w, https:\/\/underwaterwindows.eu\/app\/uploads\/2025\/08\/8389bd55-fcc9-48b2-a985-a038dbcbb1c0-768x576.jpg 768w\" sizes=\"auto, (max-width: 1020px) 100vw, 1020px\" \/>\t\t\t\t\t\t\n\t\t\t\t\t<\/div>\n\t\t\t\t\t\t\t\t\n<style>\n#image_1079186711 {\n  width: 100%;\n}\n<\/style>\n\t<\/div>\n\t\n<\/div><\/div>\n            <\/div>\n    <style>\n    #banner-grid-1075756447 .grid-col-1{height: 600px}\n    #banner-grid-1075756447 .grid-col-1-2{height: 300px}\n    #banner-grid-1075756447 .grid-col-1-3{height:200px}\n    #banner-grid-1075756447 .grid-col-2-3{height: 400px}\n    #banner-grid-1075756447 .grid-col-1-4{height: 150px}\n    #banner-grid-1075756447 .grid-col-3-4{height: 450px}\n\n\n    \n    \n\n  <\/style>\n    <\/div>\n  \n\t\t<\/div>\n\t\t\t\t\t<\/div>\n\n\t\n<\/div>\n<div class=\"row\"  id=\"row-585395650\">\n\n\t<div id=\"col-1662830105\" class=\"col medium-12 small-12 large-6\"  >\n\t\t\t\t<div class=\"col-inner\"  >\n\t\t\t\n\t\t\t\n\t<div id=\"text-700771549\" class=\"text\">\n\t\t\n<h2 data-start=\"2611\" data-end=\"2687\"><span style=\"font-size: 75%;\"><strong>Ventanas de acuario y zool\u00f3gico para una espectacular vista submarina<\/strong><\/span><\/h2>\n<p data-start=\"2689\" data-end=\"2877\">Los acuarios y los zool\u00f3gicos atraen a los visitantes con impresionantes mundos submarinos. Nuestras ventanas ofrecen una visi\u00f3n cristalina y son resistentes a las condiciones extremas de los grandes tanques de agua.<\/p>\n<h2 data-start=\"2879\" data-end=\"3111\"><strong><span style=\"font-size: 75%;\">Seguro para los animales y la calidad del agua<\/span><\/strong><\/h2>\n<p data-start=\"2879\" data-end=\"3111\">Nuestras ventanas no tienen ning\u00fan impacto en la vida org\u00e1nica y han sido completamente probadas y certificadas. Son aptas tanto para agua dulce como salada y garantizan una calidad estable del agua.<\/p>\n<h2 data-start=\"3113\" data-end=\"3334\"><span style=\"font-size: 75%;\"><strong data-start=\"3113\" data-end=\"3146\">Extremadamente resistente y duradero<\/strong><\/span><\/h2>\n<p data-start=\"3113\" data-end=\"3334\">Las ventanas de acuarios y zool\u00f3gicos deben soportar una alta presi\u00f3n de agua. Nuestro acr\u00edlico es m\u00e1s ligero y resistente que el vidrio y se procesa especialmente para garantizar la m\u00e1xima seguridad y claridad.<\/p>\n\t\t\n<style>\n#text-700771549 {\n  line-height: 1.3;\n}\n<\/style>\n\t<\/div>\n\t\n\t\t<\/div>\n\t\t\t\t\n<style>\n#col-1662830105 > .col-inner {\n  padding: 0px 1% 0px 1%;\n}\n@media (min-width:550px) {\n  #col-1662830105 > .col-inner {\n    padding: 0px 2% 0px 2%;\n  }\n}\n@media (min-width:850px) {\n  #col-1662830105 > .col-inner {\n    padding: 0px 0px 20px 0%;\n  }\n}\n<\/style>\n\t<\/div>\n\n\t\n\n\t<div id=\"col-548717245\" class=\"col medium-12 small-12 large-6\"  >\n\t\t\t\t<div class=\"col-inner\"  >\n\t\t\t\n\t\t\t\n\t<div id=\"text-1646856547\" class=\"text\">\n\t\t\n<h2 data-start=\"3336\" data-end=\"3503\"><span style=\"font-size: 75%;\"><strong data-start=\"3336\" data-end=\"3371\">Personalizaci\u00f3n en tama\u00f1o y forma<\/strong><\/span><\/h2>\n<p data-start=\"3336\" data-end=\"3503\">Desde ventanas rectas hasta curvas y tama\u00f1os XXL: fabricamos ventanas que se adaptan al dise\u00f1o de cualquier acuario o recinto.<\/p>\n<h2 data-start=\"3505\" data-end=\"3748\"><span style=\"font-size: 75%;\"><strong data-start=\"3505\" data-end=\"3555\">Instalado en todo el mundo por especialistas<\/strong><\/span><\/h2>\n<p data-start=\"3505\" data-end=\"3748\">Nuestros experimentados instaladores colocan ventanas en zool\u00f3gicos y acuarios de todo el mundo, incluso en lugares dif\u00edciles. Nos encargamos de toda la instalaci\u00f3n, incluidos los materiales y la maquinaria.<\/p>\n<h2 data-start=\"3750\" data-end=\"3772\"><span style=\"font-size: 75%;\"><strong data-start=\"3750\" data-end=\"3770\">Aplicaciones<\/strong><\/span><\/h2>\n<ul>\n<li data-start=\"3775\" data-end=\"3799\">grandes acuarios p\u00fablicos<\/li>\n<li data-start=\"3802\" data-end=\"3833\">zool\u00f3gicos con piscinas<\/li>\n<li data-start=\"3836\" data-end=\"3864\">centros educativos y museos<\/li>\n<li data-start=\"3867\" data-end=\"3903\">parques tem\u00e1ticos con mundos submarinos<\/li>\n<\/ul>\n<p data-start=\"3905\" data-end=\"4000\"><em data-start=\"3905\" data-end=\"3998\">Servicios relacionados: <a href=\"https:\/\/underwaterwindows.eu\/es\/inspeccion-de-ventanas-subacuaticas\/\">Inspecci\u00f3n de ventanas submarinas<\/a>, <a href=\"https:\/\/underwaterwindows.eu\/es\/pulido-de-ventanas-submarinas\/\">Pulido<\/a>, <a href=\"https:\/\/underwaterwindows.eu\/es\/servicio-de-mantenimiento-de-ventanas-submarinas\/\">Mantenimiento.<\/a><\/em><\/p>\n\t\t\n<style>\n#text-1646856547 {\n  line-height: 1.3;\n}\n<\/style>\n\t<\/div>\n\t\n<a href=\"https:\/\/underwaterwindows.eu\/es\/contacto\/\" class=\"button primary button-categories\"  >\n\t\t<span>Solicite un presupuesto<\/span>\n\t<\/a>\n\n\t\t<\/div>\n\t\t\t\t\n<style>\n#col-548717245 > .col-inner {\n  padding: 0px 1% 78px 1%;\n}\n@media (min-width:550px) {\n  #col-548717245 > .col-inner {\n    padding: 0px 2% 0px 2%;\n  }\n}\n@media (min-width:850px) {\n  #col-548717245 > .col-inner {\n    padding: 0px 0px 0px 10%;\n  }\n}\n<\/style>\n\t<\/div>\n\n\t\n<\/div>\n<div class=\"is-divider divider clearfix\" ><\/div>\n\t\t<\/div>\n\n\t\t\n<style>\n#section_1123264170 {\n  padding-top: 0px;\n  padding-bottom: 0px;\n}\n@media (min-width:550px) {\n  #section_1123264170 {\n    padding-top: 45px;\n    padding-bottom: 45px;\n  }\n}\n<\/style>\n\t<\/section>","protected":false},"excerpt":{"rendered":"","protected":false},"author":2,"featured_media":0,"parent":0,"menu_order":0,"comment_status":"closed","ping_status":"closed","template":"page-blank.php","meta":{"footnotes":""},"class_list":["post-3705","page","type-page","status-publish","hentry"],"yoast_head":"<!-- This site is optimized with the Yoast SEO plugin v27.0 - https:\/\/yoast.com\/product\/yoast-seo-wordpress\/ -->\n<title>Aquarium en dierentuin ramen - Underwaterwindows Veilig en glashelder zicht<\/title>\n<meta name=\"description\" content=\"Wij produceren en installeren veilige, duurzame onderwater ramen voor aquaria en dierentuinen. Gecertificeerd en wereldwijd toepasbaar.\" \/>\n<meta name=\"robots\" content=\"index, follow, max-snippet:-1, max-image-preview:large, max-video-preview:-1\" \/>\n<link rel=\"canonical\" href=\"https:\/\/underwaterwindows.eu\/es\/ventanas-de-acuarios-y-zoologicos\/\" \/>\n<meta property=\"og:locale\" content=\"es_ES\" \/>\n<meta property=\"og:type\" content=\"article\" \/>\n<meta property=\"og:title\" content=\"Aquarium en dierentuin ramen - Underwaterwindows Veilig en glashelder zicht\" \/>\n<meta property=\"og:description\" content=\"Wij produceren en installeren veilige, duurzame onderwater ramen voor aquaria en dierentuinen. Gecertificeerd en wereldwijd toepasbaar.\" \/>\n<meta property=\"og:url\" content=\"https:\/\/underwaterwindows.eu\/es\/ventanas-de-acuarios-y-zoologicos\/\" \/>\n<meta property=\"og:site_name\" content=\"Underwaterwindows\" \/>\n<meta property=\"article:modified_time\" content=\"2025-08-21T07:51:28+00:00\" \/>\n<meta name=\"twitter:card\" content=\"summary_large_image\" \/>\n<meta name=\"twitter:label1\" content=\"Est. reading time\" \/>\n\t<meta name=\"twitter:data1\" content=\"2 minutos\" \/>\n<script type=\"application\/ld+json\" class=\"yoast-schema-graph\">{\"@context\":\"https:\/\/schema.org\",\"@graph\":[{\"@type\":\"WebPage\",\"@id\":\"https:\/\/underwaterwindows.eu\/aquarium-en-dierentuin-ramen\/\",\"url\":\"https:\/\/underwaterwindows.eu\/aquarium-en-dierentuin-ramen\/\",\"name\":\"Aquarium en dierentuin ramen - Underwaterwindows Veilig en glashelder zicht\",\"isPartOf\":{\"@id\":\"https:\/\/underwaterwindows.eu\/#website\"},\"datePublished\":\"2025-08-21T07:34:20+00:00\",\"dateModified\":\"2025-08-21T07:51:28+00:00\",\"description\":\"Wij produceren en installeren veilige, duurzame onderwater ramen voor aquaria en dierentuinen. Gecertificeerd en wereldwijd toepasbaar.\",\"breadcrumb\":{\"@id\":\"https:\/\/underwaterwindows.eu\/aquarium-en-dierentuin-ramen\/#breadcrumb\"},\"inLanguage\":\"es\",\"potentialAction\":[{\"@type\":\"ReadAction\",\"target\":[\"https:\/\/underwaterwindows.eu\/aquarium-en-dierentuin-ramen\/\"]}]},{\"@type\":\"BreadcrumbList\",\"@id\":\"https:\/\/underwaterwindows.eu\/aquarium-en-dierentuin-ramen\/#breadcrumb\",\"itemListElement\":[{\"@type\":\"ListItem\",\"position\":1,\"name\":\"Home\",\"item\":\"https:\/\/underwaterwindows.eu\/\"},{\"@type\":\"ListItem\",\"position\":2,\"name\":\"Aquarium en dierentuin ramen\"}]},{\"@type\":\"WebSite\",\"@id\":\"https:\/\/underwaterwindows.eu\/#website\",\"url\":\"https:\/\/underwaterwindows.eu\/\",\"name\":\"Underwaterwindows\",\"description\":\"\",\"potentialAction\":[{\"@type\":\"SearchAction\",\"target\":{\"@type\":\"EntryPoint\",\"urlTemplate\":\"https:\/\/underwaterwindows.eu\/?s={search_term_string}\"},\"query-input\":{\"@type\":\"PropertyValueSpecification\",\"valueRequired\":true,\"valueName\":\"search_term_string\"}}],\"inLanguage\":\"es\"}]}<\/script>\n<!-- \/ Yoast SEO plugin. -->","yoast_head_json":{"title":"Ventanas para acuarios y zool\u00f3gicos - Underwaterwindows Visi\u00f3n segura y cristalina","description":"Fabricamos e instalamos ventanas submarinas seguras y duraderas para acuarios y zool\u00f3gicos. Certificadas y aptas para su uso en todo el mundo.","robots":{"index":"index","follow":"follow","max-snippet":"max-snippet:-1","max-image-preview":"max-image-preview:large","max-video-preview":"max-video-preview:-1"},"canonical":"https:\/\/underwaterwindows.eu\/es\/ventanas-de-acuarios-y-zoologicos\/","og_locale":"es_ES","og_type":"article","og_title":"Aquarium en dierentuin ramen - Underwaterwindows Veilig en glashelder zicht","og_description":"Wij produceren en installeren veilige, duurzame onderwater ramen voor aquaria en dierentuinen. Gecertificeerd en wereldwijd toepasbaar.","og_url":"https:\/\/underwaterwindows.eu\/es\/ventanas-de-acuarios-y-zoologicos\/","og_site_name":"Underwaterwindows","article_modified_time":"2025-08-21T07:51:28+00:00","twitter_card":"summary_large_image","twitter_misc":{"Est. reading time":"2 minutos"},"schema":{"@context":"https:\/\/schema.org","@graph":[{"@type":"WebPage","@id":"https:\/\/underwaterwindows.eu\/aquarium-en-dierentuin-ramen\/","url":"https:\/\/underwaterwindows.eu\/aquarium-en-dierentuin-ramen\/","name":"Ventanas para acuarios y zool\u00f3gicos - Underwaterwindows Visi\u00f3n segura y cristalina","isPartOf":{"@id":"https:\/\/underwaterwindows.eu\/#website"},"datePublished":"2025-08-21T07:34:20+00:00","dateModified":"2025-08-21T07:51:28+00:00","description":"Fabricamos e instalamos ventanas submarinas seguras y duraderas para acuarios y zool\u00f3gicos. Certificadas y aptas para su uso en todo el mundo.","breadcrumb":{"@id":"https:\/\/underwaterwindows.eu\/aquarium-en-dierentuin-ramen\/#breadcrumb"},"inLanguage":"es","potentialAction":[{"@type":"ReadAction","target":["https:\/\/underwaterwindows.eu\/aquarium-en-dierentuin-ramen\/"]}]},{"@type":"BreadcrumbList","@id":"https:\/\/underwaterwindows.eu\/aquarium-en-dierentuin-ramen\/#breadcrumb","itemListElement":[{"@type":"ListItem","position":1,"name":"Home","item":"https:\/\/underwaterwindows.eu\/"},{"@type":"ListItem","position":2,"name":"Aquarium en dierentuin ramen"}]},{"@type":"WebSite","@id":"https:\/\/underwaterwindows.eu\/#website","url":"https:\/\/underwaterwindows.eu\/","name":"Ventanas submarinas","description":"","potentialAction":[{"@type":"SearchAction","target":{"@type":"EntryPoint","urlTemplate":"https:\/\/underwaterwindows.eu\/?s={search_term_string}"},"query-input":{"@type":"PropertyValueSpecification","valueRequired":true,"valueName":"search_term_string"}}],"inLanguage":"es"}]}},"_links":{"self":[{"href":"https:\/\/underwaterwindows.eu\/es\/wp-json\/wp\/v2\/pages\/3705","targetHints":{"allow":["GET"]}}],"collection":[{"href":"https:\/\/underwaterwindows.eu\/es\/wp-json\/wp\/v2\/pages"}],"about":[{"href":"https:\/\/underwaterwindows.eu\/es\/wp-json\/wp\/v2\/types\/page"}],"author":[{"embeddable":true,"href":"https:\/\/underwaterwindows.eu\/es\/wp-json\/wp\/v2\/users\/2"}],"replies":[{"embeddable":true,"href":"https:\/\/underwaterwindows.eu\/es\/wp-json\/wp\/v2\/comments?post=3705"}],"version-history":[{"count":4,"href":"https:\/\/underwaterwindows.eu\/es\/wp-json\/wp\/v2\/pages\/3705\/revisions"}],"predecessor-version":[{"id":3709,"href":"https:\/\/underwaterwindows.eu\/es\/wp-json\/wp\/v2\/pages\/3705\/revisions\/3709"}],"wp:attachment":[{"href":"https:\/\/underwaterwindows.eu\/es\/wp-json\/wp\/v2\/media?parent=3705"}],"curies":[{"name":"wp","href":"https:\/\/api.w.org\/{rel}","templated":true}]}}