{"id":3697,"date":"2025-08-19T15:42:01","date_gmt":"2025-08-19T13:42:01","guid":{"rendered":"https:\/\/underwaterwindows.eu\/?page_id=3697"},"modified":"2025-08-19T16:33:10","modified_gmt":"2025-08-19T14:33:10","slug":"ventanas-para-piscinas-a-medida","status":"publish","type":"page","link":"https:\/\/underwaterwindows.eu\/es\/zwembad-ramen-op-maat\/","title":{"rendered":"Ventanas para piscinas a medida"},"content":{"rendered":"<section class=\"section header-section\" id=\"section_1890646350\">\n\t\t<div class=\"section-bg fill\" >\n\t\t\t<img loading=\"lazy\" decoding=\"async\" width=\"1559\" height=\"808\" src=\"https:\/\/underwaterwindows.eu\/app\/uploads\/2024\/12\/underwater-windows-header1.jpg\" class=\"bg attachment- size-\" alt=\"\" \/>\t\t\t\t\t\t\n\t\t\t\n\n\t\t<\/div>\n\n\t\t\n\n\t\t<div class=\"section-content relative\">\n\t\t\t\n<div class=\"row\"  id=\"row-641316977\">\n\n\t<div id=\"col-1030868294\" class=\"col small-12 large-12\"  >\n\t\t\t\t<div class=\"col-inner\"  >\n\t\t\t\n\t\t\t\n\t<div id=\"text-1280004107\" class=\"text border-left-white\">\n\t\t\n<h1 style=\"font-weight: 600; font-size: 2.5rem;\">Ventanas para piscinas a medida<\/h1>\n\t\t\n<style>\n#text-1280004107 {\n  font-size: 2.5rem;\n  line-height: 1.2;\n  color: rgb(255, 255, 255);\n}\n#text-1280004107 > * {\n  color: rgb(255, 255, 255);\n}\n<\/style>\n\t<\/div>\n\t\n\t\t<\/div>\n\t\t\t\t\n<style>\n#col-1030868294 > .col-inner {\n  padding: 0px 0px 0px 3%;\n}\n@media (min-width:850px) {\n  #col-1030868294 > .col-inner {\n    padding: 0px 0px 0px 0;\n  }\n}\n<\/style>\n\t<\/div>\n\n\t\n<\/div>\n\t\t<\/div>\n\n\t\t\n<style>\n#section_1890646350 {\n  padding-top: 30px;\n  padding-bottom: 30px;\n  margin-bottom: 91px;\n}\n#section_1890646350 .section-bg img {\n  object-position: 56% 77%;\n}\n<\/style>\n\t<\/section>\n\t\n\n\t<section class=\"section\" id=\"section_124381101\">\n\t\t<div class=\"section-bg fill\" >\n\t\t\t\t\t\t\t\t\t\n\t\t\t\n\n\t\t<\/div>\n\n\t\t\n\n\t\t<div class=\"section-content relative\">\n\t\t\t\n<div class=\"row\"  id=\"row-106445143\">\n\n\t<div id=\"col-547358751\" class=\"col small-12 large-12\"  >\n\t\t\t\t<div class=\"col-inner\"  >\n\t\t\t\n\t\t\t\n  <div class=\"banner-grid-wrapper\">\n  <div id=\"banner-grid-1066086876\" class=\"banner-grid row row-grid row-small\" data-packery-options=\"\">\n                      \n<div class=\"col grid-col large-6 grid-col-1\" ><div class=\"col-inner\">\n\t<div class=\"img has-hover x md-x lg-x y md-y lg-y\" id=\"image_1200348147\">\n\t\t\t\t\t\t\t\t<div class=\"img-inner dark\" style=\"margin:0px 0px 0px 0px;\">\n\t\t\t<img loading=\"lazy\" decoding=\"async\" width=\"531\" height=\"709\" src=\"https:\/\/underwaterwindows.eu\/app\/uploads\/2025\/08\/Ibiza-3-3.jpg\" class=\"attachment-large size-large\" alt=\"\" srcset=\"https:\/\/underwaterwindows.eu\/app\/uploads\/2025\/08\/Ibiza-3-3.jpg 531w, https:\/\/underwaterwindows.eu\/app\/uploads\/2025\/08\/Ibiza-3-3-225x300.jpg 225w\" sizes=\"auto, (max-width: 531px) 100vw, 531px\" \/>\t\t\t\t\t\t\n\t\t\t\t\t<\/div>\n\t\t\t\t\t\t\t\t\n<style>\n#image_1200348147 {\n  width: 100%;\n}\n<\/style>\n\t<\/div>\n\t\n<\/div><\/div>\n<div class=\"col grid-col large-3 grid-col-1\" ><div class=\"col-inner\">\n\t<div class=\"img has-hover x md-x lg-x y md-y lg-y\" id=\"image_104359692\">\n\t\t\t\t\t\t\t\t<div class=\"img-inner dark\" style=\"margin:0px 0px 0px 0px;\">\n\t\t\t<img loading=\"lazy\" decoding=\"async\" width=\"1020\" height=\"765\" src=\"https:\/\/underwaterwindows.eu\/app\/uploads\/2025\/08\/PHOTO-2025-01-06-08-54-20-1024x768.jpg\" class=\"attachment-large size-large\" alt=\"\" srcset=\"https:\/\/underwaterwindows.eu\/app\/uploads\/2025\/08\/PHOTO-2025-01-06-08-54-20-1024x768.jpg 1024w, https:\/\/underwaterwindows.eu\/app\/uploads\/2025\/08\/PHOTO-2025-01-06-08-54-20-300x225.jpg 300w, https:\/\/underwaterwindows.eu\/app\/uploads\/2025\/08\/PHOTO-2025-01-06-08-54-20-768x576.jpg 768w, https:\/\/underwaterwindows.eu\/app\/uploads\/2025\/08\/PHOTO-2025-01-06-08-54-20-1536x1152.jpg 1536w, https:\/\/underwaterwindows.eu\/app\/uploads\/2025\/08\/PHOTO-2025-01-06-08-54-20.jpg 1600w\" sizes=\"auto, (max-width: 1020px) 100vw, 1020px\" \/>\t\t\t\t\t\t\n\t\t\t\t\t<\/div>\n\t\t\t\t\t\t\t\t\n<style>\n#image_104359692 {\n  width: 100%;\n}\n<\/style>\n\t<\/div>\n\t\n<\/div><\/div>\n<div class=\"col grid-col large-3 grid-col-1-2\" ><div class=\"col-inner\">\n\t<div class=\"img has-hover x md-x lg-x y md-y lg-y\" id=\"image_1827838862\">\n\t\t\t\t\t\t\t\t<div class=\"img-inner dark\" >\n\t\t\t<img loading=\"lazy\" decoding=\"async\" width=\"1020\" height=\"680\" src=\"https:\/\/underwaterwindows.eu\/app\/uploads\/2025\/08\/beglie-1.jpg\" class=\"attachment-large size-large\" alt=\"\" srcset=\"https:\/\/underwaterwindows.eu\/app\/uploads\/2025\/08\/beglie-1.jpg 1024w, https:\/\/underwaterwindows.eu\/app\/uploads\/2025\/08\/beglie-1-300x200.jpg 300w, https:\/\/underwaterwindows.eu\/app\/uploads\/2025\/08\/beglie-1-768x512.jpg 768w\" sizes=\"auto, (max-width: 1020px) 100vw, 1020px\" \/>\t\t\t\t\t\t\n\t\t\t\t\t<\/div>\n\t\t\t\t\t\t\t\t\n<style>\n#image_1827838862 {\n  width: 100%;\n}\n<\/style>\n\t<\/div>\n\t\n<\/div><\/div>\n<div class=\"col grid-col large-3 grid-col-1-2\" ><div class=\"col-inner\">\n\t<div class=\"img has-hover x md-x lg-x y md-y lg-y\" id=\"image_1510959066\">\n\t\t\t\t\t\t\t\t<div class=\"img-inner dark\" >\n\t\t\t<img loading=\"lazy\" decoding=\"async\" width=\"1020\" height=\"765\" src=\"https:\/\/underwaterwindows.eu\/app\/uploads\/2025\/08\/front-2-1024x768.jpg\" class=\"attachment-large size-large\" alt=\"\" srcset=\"https:\/\/underwaterwindows.eu\/app\/uploads\/2025\/08\/front-2-1024x768.jpg 1024w, https:\/\/underwaterwindows.eu\/app\/uploads\/2025\/08\/front-2-300x225.jpg 300w, https:\/\/underwaterwindows.eu\/app\/uploads\/2025\/08\/front-2-768x576.jpg 768w, https:\/\/underwaterwindows.eu\/app\/uploads\/2025\/08\/front-2-1536x1152.jpg 1536w, https:\/\/underwaterwindows.eu\/app\/uploads\/2025\/08\/front-2.jpg 1600w\" sizes=\"auto, (max-width: 1020px) 100vw, 1020px\" \/>\t\t\t\t\t\t\n\t\t\t\t\t<\/div>\n\t\t\t\t\t\t\t\t\n<style>\n#image_1510959066 {\n  width: 100%;\n}\n<\/style>\n\t<\/div>\n\t\n<\/div><\/div>\n            <\/div>\n    <style>\n    #banner-grid-1066086876 .grid-col-1{height: 600px}\n    #banner-grid-1066086876 .grid-col-1-2{height: 300px}\n    #banner-grid-1066086876 .grid-col-1-3{height:200px}\n    #banner-grid-1066086876 .grid-col-2-3{height: 400px}\n    #banner-grid-1066086876 .grid-col-1-4{height: 150px}\n    #banner-grid-1066086876 .grid-col-3-4{height: 450px}\n\n\n    \n    \n\n  <\/style>\n    <\/div>\n  \n\t\t<\/div>\n\t\t\t\t\t<\/div>\n\n\t\n<\/div>\n<div class=\"row\"  id=\"row-1677157469\">\n\n\t<div id=\"col-1774321427\" class=\"col medium-12 small-12 large-6\"  >\n\t\t\t\t<div class=\"col-inner\"  >\n\t\t\t\n\t\t\t\n\t<div id=\"text-3711312032\" class=\"text\">\n\t\t\n<h2><strong><span style=\"font-size: 75%;\">Ventanas para piscinas a medida para una vista clara y lujosa<\/span><\/strong><\/h2>\n<p>Las ventanas subacu\u00e1ticas en una piscina proporcionan una experiencia \u00fanica. Aportan un aspecto lujoso, crean una sensaci\u00f3n de amplitud y hacen que cualquier piscina sea espectacular. En Underwater Windows creations\u00ae dise\u00f1amos y fabricamos ventanas para piscinas totalmente a medida, adaptadas a su dise\u00f1o y sus deseos.<\/p>\n<h2><strong><span style=\"font-size: 75%;\">Alta calidad y durabilidad<\/span><\/strong><\/h2>\n<p>Nuestras ventanas est\u00e1n fabricadas con acrilato de la m\u00e1s alta calidad. Son resistentes al cloro, la sal y el uso intensivo, y permanecen transparentes y seguras durante a\u00f1os.<\/p>\n<h2><span style=\"font-size: 75%;\"><strong data-start=\"1432\" data-end=\"1464\">Flexible en tama\u00f1o y forma<\/strong><\/span><\/h2>\n<p>Suministramos ventanas est\u00e1ndar de hasta 7800 x 3000 mm. Para proyectos m\u00e1s grandes, encolamos ventanas de hasta 14 metros en nuestro taller o incluso in situ. Rectas, curvas o en \u00e1ngulo: todo es posible.<\/p>\n\t\t\n<style>\n#text-3711312032 {\n  line-height: 1.3;\n}\n<\/style>\n\t<\/div>\n\t\n\t\t<\/div>\n\t\t\t\t\n<style>\n#col-1774321427 > .col-inner {\n  padding: 0px 1% 0px 1%;\n}\n@media (min-width:550px) {\n  #col-1774321427 > .col-inner {\n    padding: 0px 2% 0px 2%;\n  }\n}\n@media (min-width:850px) {\n  #col-1774321427 > .col-inner {\n    padding: 0px 0px 20px 0%;\n  }\n}\n<\/style>\n\t<\/div>\n\n\t\n\n\t<div id=\"col-540850043\" class=\"col medium-12 small-12 large-6\"  >\n\t\t\t\t<div class=\"col-inner\"  >\n\t\t\t\n\t\t\t\n\t<div id=\"text-985759725\" class=\"text\">\n\t\t\n<h2 data-start=\"1666\" data-end=\"1940\"><span style=\"font-size: 75%;\"><strong data-start=\"1666\" data-end=\"1715\">Instalaci\u00f3n global por especialistas<\/strong><\/span><\/h2>\n<p data-start=\"1666\" data-end=\"1940\">Nuestros t\u00e9cnicos holandeses pueden trabajar en cualquier parte del mundo. Ya se trate de una villa de lujo, la piscina de un hotel o una piscina p\u00fablica, nos encargamos de realizar una instalaci\u00f3n impecable, incluyendo materiales y maquinaria, como gr\u00faas.<\/p>\n<h2 data-start=\"1942\" data-end=\"1982\"><span style=\"font-size: 75%;\"><strong data-start=\"1942\" data-end=\"1980\">Aplicaciones de las ventanas para piscinas<\/strong><\/span><\/h2>\n<ul>\n<li data-start=\"1985\" data-end=\"2016\">villas privadas y viviendas de lujo<\/li>\n<li data-start=\"2019\" data-end=\"2045\">hoteles y centros de bienestar<\/li>\n<li data-start=\"2048\" data-end=\"2068\">piscinas p\u00fablicas<\/li>\n<li data-start=\"2071\" data-end=\"2096\">piscinas deportivas y terap\u00e9uticas<\/li>\n<\/ul>\n<p data-start=\"2098\" data-end=\"2201\"><em data-start=\"2098\" data-end=\"2199\">Servicios relacionados: <a href=\"https:\/\/underwaterwindows.eu\/es\/instalacion-de-ventanas-subacuaticas\/\">Instalaci\u00f3n de ventanas subacu\u00e1ticas<\/a>, <a href=\"https:\/\/underwaterwindows.eu\/es\/inspeccion-de-ventanas-subacuaticas\/\">Inspecci\u00f3n,<\/a> <a href=\"https:\/\/underwaterwindows.eu\/es\/impermeabilizar-sellar-ventanas-submarinas\/\">Impermeabilizar.<\/a><\/em><\/p>\n\t\t\n<style>\n#text-985759725 {\n  line-height: 1.3;\n}\n<\/style>\n\t<\/div>\n\t\n<a href=\"https:\/\/underwaterwindows.eu\/es\/contacto\/\" class=\"button primary button-categories\"  >\n\t\t<span>Solicite un presupuesto<\/span>\n\t<\/a>\n\n\t\t<\/div>\n\t\t\t\t\n<style>\n#col-540850043 > .col-inner {\n  padding: 0px 1% 78px 1%;\n}\n@media (min-width:550px) {\n  #col-540850043 > .col-inner {\n    padding: 0px 2% 0px 2%;\n  }\n}\n@media (min-width:850px) {\n  #col-540850043 > .col-inner {\n    padding: 0px 0px 0px 10%;\n  }\n}\n<\/style>\n\t<\/div>\n\n\t\n<\/div>\n<div class=\"is-divider divider clearfix\" ><\/div>\n<div class=\"slider-wrapper relative\" id=\"slider-1544378451\" >\n    <div class=\"slider slider-nav-circle slider-nav-large slider-nav-light slider-style-normal\"\n        data-flickity-options='{            \"cellAlign\": \"center\",            \"imagesLoaded\": true,            \"lazyLoad\": 1,            \"freeScroll\": false,            \"wrapAround\": true,            \"autoPlay\": 6000,            \"pauseAutoPlayOnHover\" : true,            \"prevNextButtons\": true,            \"contain\" : true,            \"adaptiveHeight\" : true,            \"dragThreshold\" : 10,            \"percentPosition\": true,            \"pageDots\": true,            \"rightToLeft\": false,            \"draggable\": true,            \"selectedAttraction\": 0.1,            \"parallax\" : 0,            \"friction\": 0.6        }'\n        >\n        \n<div class=\"row\"  id=\"row-600251979\">\n\n\t<div id=\"col-365961977\" class=\"col medium-4 small-12 large-4\"  >\n\t\t\t\t<div class=\"col-inner\"  >\n\t\t\t\n\t\t\t\n\t<div class=\"img has-hover x md-x lg-x y md-y lg-y\" id=\"image_546267409\">\n\t\t\t\t\t\t\t\t<div class=\"img-inner dark\" >\n\t\t\t<img loading=\"lazy\" decoding=\"async\" width=\"1020\" height=\"765\" src=\"https:\/\/underwaterwindows.eu\/app\/uploads\/2025\/08\/front-2-1024x768.jpg\" class=\"attachment-large size-large\" alt=\"\" srcset=\"https:\/\/underwaterwindows.eu\/app\/uploads\/2025\/08\/front-2-1024x768.jpg 1024w, https:\/\/underwaterwindows.eu\/app\/uploads\/2025\/08\/front-2-300x225.jpg 300w, https:\/\/underwaterwindows.eu\/app\/uploads\/2025\/08\/front-2-768x576.jpg 768w, https:\/\/underwaterwindows.eu\/app\/uploads\/2025\/08\/front-2-1536x1152.jpg 1536w, https:\/\/underwaterwindows.eu\/app\/uploads\/2025\/08\/front-2.jpg 1600w\" sizes=\"auto, (max-width: 1020px) 100vw, 1020px\" \/>\t\t\t\t\t\t\n\t\t\t\t\t<\/div>\n\t\t\t\t\t\t\t\t\n<style>\n#image_546267409 {\n  width: 100%;\n}\n<\/style>\n\t<\/div>\n\t\n\t\t<\/div>\n\t\t\t\t\t<\/div>\n\n\t\n\n\t<div id=\"col-118358125\" class=\"col medium-4 small-12 large-4\"  >\n\t\t\t\t<div class=\"col-inner\"  >\n\t\t\t\n\t\t\t\n\t<div class=\"img has-hover x md-x lg-x y md-y lg-y\" id=\"image_810014109\">\n\t\t\t\t\t\t\t\t<div class=\"img-inner dark\" >\n\t\t\t<img loading=\"lazy\" decoding=\"async\" width=\"1020\" height=\"765\" src=\"https:\/\/underwaterwindows.eu\/app\/uploads\/2025\/08\/WhatsApp-Image-2024-08-13-at-11.43.40-1-1-1024x768.jpeg\" class=\"attachment-large size-large\" alt=\"\" srcset=\"https:\/\/underwaterwindows.eu\/app\/uploads\/2025\/08\/WhatsApp-Image-2024-08-13-at-11.43.40-1-1-1024x768.jpeg 1024w, https:\/\/underwaterwindows.eu\/app\/uploads\/2025\/08\/WhatsApp-Image-2024-08-13-at-11.43.40-1-1-300x225.jpeg 300w, https:\/\/underwaterwindows.eu\/app\/uploads\/2025\/08\/WhatsApp-Image-2024-08-13-at-11.43.40-1-1-768x576.jpeg 768w, https:\/\/underwaterwindows.eu\/app\/uploads\/2025\/08\/WhatsApp-Image-2024-08-13-at-11.43.40-1-1-1536x1152.jpeg 1536w, https:\/\/underwaterwindows.eu\/app\/uploads\/2025\/08\/WhatsApp-Image-2024-08-13-at-11.43.40-1-1.jpeg 1600w\" sizes=\"auto, (max-width: 1020px) 100vw, 1020px\" \/>\t\t\t\t\t\t\n\t\t\t\t\t<\/div>\n\t\t\t\t\t\t\t\t\n<style>\n#image_810014109 {\n  width: 100%;\n}\n<\/style>\n\t<\/div>\n\t\n\t\t<\/div>\n\t\t\t\t\t<\/div>\n\n\t\n\n\t<div id=\"col-84044415\" class=\"col medium-4 small-12 large-4\"  >\n\t\t\t\t<div class=\"col-inner\"  >\n\t\t\t\n\t\t\t\n\t<div class=\"img has-hover x md-x lg-x y md-y lg-y\" id=\"image_1417542135\">\n\t\t\t\t\t\t\t\t<div class=\"img-inner dark\" >\n\t\t\t<img loading=\"lazy\" decoding=\"async\" width=\"1020\" height=\"765\" src=\"https:\/\/underwaterwindows.eu\/app\/uploads\/2025\/08\/overflow_france-1-1024x768.jpg\" class=\"attachment-large size-large\" alt=\"\" srcset=\"https:\/\/underwaterwindows.eu\/app\/uploads\/2025\/08\/overflow_france-1-1024x768.jpg 1024w, https:\/\/underwaterwindows.eu\/app\/uploads\/2025\/08\/overflow_france-1-300x225.jpg 300w, https:\/\/underwaterwindows.eu\/app\/uploads\/2025\/08\/overflow_france-1-768x576.jpg 768w, https:\/\/underwaterwindows.eu\/app\/uploads\/2025\/08\/overflow_france-1-1536x1152.jpg 1536w, https:\/\/underwaterwindows.eu\/app\/uploads\/2025\/08\/overflow_france-1.jpg 1600w\" sizes=\"auto, (max-width: 1020px) 100vw, 1020px\" \/>\t\t\t\t\t\t\n\t\t\t\t\t<\/div>\n\t\t\t\t\t\t\t\t\n<style>\n#image_1417542135 {\n  width: 100%;\n}\n<\/style>\n\t<\/div>\n\t\n\t\t<\/div>\n\t\t\t\t\t<\/div>\n\n\t\n<\/div>\n<div class=\"row\"  id=\"row-955694102\">\n\n\t<div id=\"col-1349480337\" class=\"col medium-4 small-12 large-4\"  >\n\t\t\t\t<div class=\"col-inner\"  >\n\t\t\t\n\t\t\t\n\t<div class=\"img has-hover x md-x lg-x y md-y lg-y\" id=\"image_1101090858\">\n\t\t\t\t\t\t\t\t<div class=\"img-inner dark\" >\n\t\t\t<img loading=\"lazy\" decoding=\"async\" width=\"1020\" height=\"655\" src=\"https:\/\/underwaterwindows.eu\/app\/uploads\/2025\/08\/Underwater-Windows-overflow-pool-beach-1024x658.jpg\" class=\"attachment-large size-large\" alt=\"\" srcset=\"https:\/\/underwaterwindows.eu\/app\/uploads\/2025\/08\/Underwater-Windows-overflow-pool-beach-1024x658.jpg 1024w, https:\/\/underwaterwindows.eu\/app\/uploads\/2025\/08\/Underwater-Windows-overflow-pool-beach-300x193.jpg 300w, https:\/\/underwaterwindows.eu\/app\/uploads\/2025\/08\/Underwater-Windows-overflow-pool-beach-768x493.jpg 768w, https:\/\/underwaterwindows.eu\/app\/uploads\/2025\/08\/Underwater-Windows-overflow-pool-beach-1536x987.jpg 1536w, https:\/\/underwaterwindows.eu\/app\/uploads\/2025\/08\/Underwater-Windows-overflow-pool-beach.jpg 1751w\" sizes=\"auto, (max-width: 1020px) 100vw, 1020px\" \/>\t\t\t\t\t\t\n\t\t\t\t\t<\/div>\n\t\t\t\t\t\t\t\t\n<style>\n#image_1101090858 {\n  width: 100%;\n}\n<\/style>\n\t<\/div>\n\t\n\t\t<\/div>\n\t\t\t\t\t<\/div>\n\n\t\n\n\t<div id=\"col-429297497\" class=\"col medium-4 small-12 large-4\"  >\n\t\t\t\t<div class=\"col-inner\"  >\n\t\t\t\n\t\t\t\n\t<div class=\"img has-hover x md-x lg-x y md-y lg-y\" id=\"image_433778817\">\n\t\t\t\t\t\t\t\t<div class=\"img-inner dark\" >\n\t\t\t<img loading=\"lazy\" decoding=\"async\" width=\"1020\" height=\"671\" src=\"https:\/\/underwaterwindows.eu\/app\/uploads\/2025\/08\/Underwater-Windows-overflow-pool-1024x674.jpg\" class=\"attachment-large size-large\" alt=\"\" srcset=\"https:\/\/underwaterwindows.eu\/app\/uploads\/2025\/08\/Underwater-Windows-overflow-pool-1024x674.jpg 1024w, https:\/\/underwaterwindows.eu\/app\/uploads\/2025\/08\/Underwater-Windows-overflow-pool-300x198.jpg 300w, https:\/\/underwaterwindows.eu\/app\/uploads\/2025\/08\/Underwater-Windows-overflow-pool-768x506.jpg 768w, https:\/\/underwaterwindows.eu\/app\/uploads\/2025\/08\/Underwater-Windows-overflow-pool-1536x1012.jpg 1536w, https:\/\/underwaterwindows.eu\/app\/uploads\/2025\/08\/Underwater-Windows-overflow-pool.jpg 1661w\" sizes=\"auto, (max-width: 1020px) 100vw, 1020px\" \/>\t\t\t\t\t\t\n\t\t\t\t\t<\/div>\n\t\t\t\t\t\t\t\t\n<style>\n#image_433778817 {\n  width: 100%;\n}\n<\/style>\n\t<\/div>\n\t\n\t\t<\/div>\n\t\t\t\t\t<\/div>\n\n\t\n\n\t<div id=\"col-1898875136\" class=\"col medium-4 small-12 large-4\"  >\n\t\t\t\t<div class=\"col-inner\"  >\n\t\t\t\n\t\t\t\n\t<div class=\"img has-hover x md-x lg-x y md-y lg-y\" id=\"image_1098226573\">\n\t\t\t\t\t\t\t\t<div class=\"img-inner dark\" >\n\t\t\t<img loading=\"lazy\" decoding=\"async\" width=\"1020\" height=\"685\" src=\"https:\/\/underwaterwindows.eu\/app\/uploads\/2025\/08\/IMG_4250-1-1024x688.jpg\" class=\"attachment-large size-large\" alt=\"\" srcset=\"https:\/\/underwaterwindows.eu\/app\/uploads\/2025\/08\/IMG_4250-1-1024x688.jpg 1024w, https:\/\/underwaterwindows.eu\/app\/uploads\/2025\/08\/IMG_4250-1-300x201.jpg 300w, https:\/\/underwaterwindows.eu\/app\/uploads\/2025\/08\/IMG_4250-1-768x516.jpg 768w, https:\/\/underwaterwindows.eu\/app\/uploads\/2025\/08\/IMG_4250-1-1536x1031.jpg 1536w, https:\/\/underwaterwindows.eu\/app\/uploads\/2025\/08\/IMG_4250-1.jpg 2048w\" sizes=\"auto, (max-width: 1020px) 100vw, 1020px\" \/>\t\t\t\t\t\t\n\t\t\t\t\t<\/div>\n\t\t\t\t\t\t\t\t\n<style>\n#image_1098226573 {\n  width: 100%;\n}\n<\/style>\n\t<\/div>\n\t\n\t\t<\/div>\n\t\t\t\t\t<\/div>\n\n\t\n<\/div>\n     <\/div>\n\n     <div class=\"loading-spin dark large centered\"><\/div>\n\n\t<\/div>\n\n\n\t\t<\/div>\n\n\t\t\n<style>\n#section_124381101 {\n  padding-top: 0px;\n  padding-bottom: 0px;\n}\n@media (min-width:550px) {\n  #section_124381101 {\n    padding-top: 45px;\n    padding-bottom: 45px;\n  }\n}\n<\/style>\n\t<\/section>","protected":false},"excerpt":{"rendered":"","protected":false},"author":2,"featured_media":0,"parent":0,"menu_order":0,"comment_status":"closed","ping_status":"closed","template":"page-blank.php","meta":{"footnotes":""},"class_list":["post-3697","page","type-page","status-publish","hentry"],"yoast_head":"<!-- This site is optimized with the Yoast SEO plugin v27.0 - https:\/\/yoast.com\/product\/yoast-seo-wordpress\/ -->\n<title>Zwembad ramen op maat - Underwaterwindows Luxe onderwater ramen voor zwembaden<\/title>\n<meta name=\"description\" content=\"Ontdek onze op maat gemaakte onderwater ramen voor zwembaden. Hoogwaardige kwaliteit, chloor- en zoutbestendig, wereldwijd ge\u00efnstalleerd.\" \/>\n<meta name=\"robots\" content=\"index, follow, max-snippet:-1, max-image-preview:large, max-video-preview:-1\" \/>\n<link rel=\"canonical\" href=\"https:\/\/underwaterwindows.eu\/es\/ventanas-para-piscinas-a-medida\/\" \/>\n<meta property=\"og:locale\" content=\"es_ES\" \/>\n<meta property=\"og:type\" content=\"article\" \/>\n<meta property=\"og:title\" content=\"Zwembad ramen op maat - Underwaterwindows Luxe onderwater ramen voor zwembaden\" \/>\n<meta property=\"og:description\" content=\"Ontdek onze op maat gemaakte onderwater ramen voor zwembaden. Hoogwaardige kwaliteit, chloor- en zoutbestendig, wereldwijd ge\u00efnstalleerd.\" \/>\n<meta property=\"og:url\" content=\"https:\/\/underwaterwindows.eu\/es\/ventanas-para-piscinas-a-medida\/\" \/>\n<meta property=\"og:site_name\" content=\"Underwaterwindows\" \/>\n<meta property=\"article:modified_time\" content=\"2025-08-19T14:33:10+00:00\" \/>\n<meta name=\"twitter:card\" content=\"summary_large_image\" \/>\n<meta name=\"twitter:label1\" content=\"Est. reading time\" \/>\n\t<meta name=\"twitter:data1\" content=\"3 minutos\" \/>\n<script type=\"application\/ld+json\" class=\"yoast-schema-graph\">{\"@context\":\"https:\/\/schema.org\",\"@graph\":[{\"@type\":\"WebPage\",\"@id\":\"https:\/\/underwaterwindows.eu\/zwembad-ramen-op-maat\/\",\"url\":\"https:\/\/underwaterwindows.eu\/zwembad-ramen-op-maat\/\",\"name\":\"Zwembad ramen op maat - Underwaterwindows Luxe onderwater ramen voor zwembaden\",\"isPartOf\":{\"@id\":\"https:\/\/underwaterwindows.eu\/#website\"},\"datePublished\":\"2025-08-19T13:42:01+00:00\",\"dateModified\":\"2025-08-19T14:33:10+00:00\",\"description\":\"Ontdek onze op maat gemaakte onderwater ramen voor zwembaden. Hoogwaardige kwaliteit, chloor- en zoutbestendig, wereldwijd ge\u00efnstalleerd.\",\"breadcrumb\":{\"@id\":\"https:\/\/underwaterwindows.eu\/zwembad-ramen-op-maat\/#breadcrumb\"},\"inLanguage\":\"es\",\"potentialAction\":[{\"@type\":\"ReadAction\",\"target\":[\"https:\/\/underwaterwindows.eu\/zwembad-ramen-op-maat\/\"]}]},{\"@type\":\"BreadcrumbList\",\"@id\":\"https:\/\/underwaterwindows.eu\/zwembad-ramen-op-maat\/#breadcrumb\",\"itemListElement\":[{\"@type\":\"ListItem\",\"position\":1,\"name\":\"Home\",\"item\":\"https:\/\/underwaterwindows.eu\/\"},{\"@type\":\"ListItem\",\"position\":2,\"name\":\"Zwembad ramen op maat\"}]},{\"@type\":\"WebSite\",\"@id\":\"https:\/\/underwaterwindows.eu\/#website\",\"url\":\"https:\/\/underwaterwindows.eu\/\",\"name\":\"Underwaterwindows\",\"description\":\"\",\"potentialAction\":[{\"@type\":\"SearchAction\",\"target\":{\"@type\":\"EntryPoint\",\"urlTemplate\":\"https:\/\/underwaterwindows.eu\/?s={search_term_string}\"},\"query-input\":{\"@type\":\"PropertyValueSpecification\",\"valueRequired\":true,\"valueName\":\"search_term_string\"}}],\"inLanguage\":\"es\"}]}<\/script>\n<!-- \/ Yoast SEO plugin. -->","yoast_head_json":{"title":"Ventanas para piscinas a medida - Underwaterwindows Lujosas ventanas subacu\u00e1ticas para piscinas","description":"Descubra nuestras ventanas subacu\u00e1ticas a medida para piscinas. Alta calidad, resistentes al cloro y a la sal, instaladas en todo el mundo.","robots":{"index":"index","follow":"follow","max-snippet":"max-snippet:-1","max-image-preview":"max-image-preview:large","max-video-preview":"max-video-preview:-1"},"canonical":"https:\/\/underwaterwindows.eu\/es\/ventanas-para-piscinas-a-medida\/","og_locale":"es_ES","og_type":"article","og_title":"Zwembad ramen op maat - Underwaterwindows Luxe onderwater ramen voor zwembaden","og_description":"Ontdek onze op maat gemaakte onderwater ramen voor zwembaden. Hoogwaardige kwaliteit, chloor- en zoutbestendig, wereldwijd ge\u00efnstalleerd.","og_url":"https:\/\/underwaterwindows.eu\/es\/ventanas-para-piscinas-a-medida\/","og_site_name":"Underwaterwindows","article_modified_time":"2025-08-19T14:33:10+00:00","twitter_card":"summary_large_image","twitter_misc":{"Est. reading time":"3 minutos"},"schema":{"@context":"https:\/\/schema.org","@graph":[{"@type":"WebPage","@id":"https:\/\/underwaterwindows.eu\/zwembad-ramen-op-maat\/","url":"https:\/\/underwaterwindows.eu\/zwembad-ramen-op-maat\/","name":"Ventanas para piscinas a medida - Underwaterwindows Lujosas ventanas subacu\u00e1ticas para piscinas","isPartOf":{"@id":"https:\/\/underwaterwindows.eu\/#website"},"datePublished":"2025-08-19T13:42:01+00:00","dateModified":"2025-08-19T14:33:10+00:00","description":"Descubra nuestras ventanas subacu\u00e1ticas a medida para piscinas. Alta calidad, resistentes al cloro y a la sal, instaladas en todo el mundo.","breadcrumb":{"@id":"https:\/\/underwaterwindows.eu\/zwembad-ramen-op-maat\/#breadcrumb"},"inLanguage":"es","potentialAction":[{"@type":"ReadAction","target":["https:\/\/underwaterwindows.eu\/zwembad-ramen-op-maat\/"]}]},{"@type":"BreadcrumbList","@id":"https:\/\/underwaterwindows.eu\/zwembad-ramen-op-maat\/#breadcrumb","itemListElement":[{"@type":"ListItem","position":1,"name":"Home","item":"https:\/\/underwaterwindows.eu\/"},{"@type":"ListItem","position":2,"name":"Zwembad ramen op maat"}]},{"@type":"WebSite","@id":"https:\/\/underwaterwindows.eu\/#website","url":"https:\/\/underwaterwindows.eu\/","name":"Ventanas submarinas","description":"","potentialAction":[{"@type":"SearchAction","target":{"@type":"EntryPoint","urlTemplate":"https:\/\/underwaterwindows.eu\/?s={search_term_string}"},"query-input":{"@type":"PropertyValueSpecification","valueRequired":true,"valueName":"search_term_string"}}],"inLanguage":"es"}]}},"_links":{"self":[{"href":"https:\/\/underwaterwindows.eu\/es\/wp-json\/wp\/v2\/pages\/3697","targetHints":{"allow":["GET"]}}],"collection":[{"href":"https:\/\/underwaterwindows.eu\/es\/wp-json\/wp\/v2\/pages"}],"about":[{"href":"https:\/\/underwaterwindows.eu\/es\/wp-json\/wp\/v2\/types\/page"}],"author":[{"embeddable":true,"href":"https:\/\/underwaterwindows.eu\/es\/wp-json\/wp\/v2\/users\/2"}],"replies":[{"embeddable":true,"href":"https:\/\/underwaterwindows.eu\/es\/wp-json\/wp\/v2\/comments?post=3697"}],"version-history":[{"count":6,"href":"https:\/\/underwaterwindows.eu\/es\/wp-json\/wp\/v2\/pages\/3697\/revisions"}],"predecessor-version":[{"id":3704,"href":"https:\/\/underwaterwindows.eu\/es\/wp-json\/wp\/v2\/pages\/3697\/revisions\/3704"}],"wp:attachment":[{"href":"https:\/\/underwaterwindows.eu\/es\/wp-json\/wp\/v2\/media?parent=3697"}],"curies":[{"name":"wp","href":"https:\/\/api.w.org\/{rel}","templated":true}]}}