{"id":3665,"date":"2025-08-19T11:12:18","date_gmt":"2025-08-19T09:12:18","guid":{"rendered":"https:\/\/underwaterwindows.eu\/?page_id=3665"},"modified":"2025-09-02T09:57:46","modified_gmt":"2025-09-02T07:57:46","slug":"servicio-de-mantenimiento-de-ventanas-submarinas","status":"publish","type":"page","link":"https:\/\/underwaterwindows.eu\/es\/onderhoud-service-onderwaterramen\/","title":{"rendered":"Mantenimiento y servicio"},"content":{"rendered":"<section class=\"section header-section\" id=\"section_649383299\">\n\t\t<div class=\"section-bg fill\" >\n\t\t\t<img loading=\"lazy\" decoding=\"async\" width=\"1559\" height=\"808\" src=\"https:\/\/underwaterwindows.eu\/app\/uploads\/2024\/12\/underwater-windows-header1.jpg\" class=\"bg attachment- size-\" alt=\"\" \/>\t\t\t\t\t\t\n\t\t\t\n\n\t\t<\/div>\n\n\t\t\n\n\t\t<div class=\"section-content relative\">\n\t\t\t\n<div class=\"row\"  id=\"row-561360501\">\n\n\t<div id=\"col-690909183\" class=\"col small-12 large-12\"  >\n\t\t\t\t<div class=\"col-inner\"  >\n\t\t\t\n\t\t\t\n\t<div id=\"text-2854822312\" class=\"text border-left-white\">\n\t\t\n<h1 style=\"font-weight: 600; font-size: 2.5rem;\">Mantenimiento y servicio de ventanas submarinas<\/h1>\n\t\t\n<style>\n#text-2854822312 {\n  font-size: 2.5rem;\n  line-height: 1.2;\n  color: rgb(255, 255, 255);\n}\n#text-2854822312 > * {\n  color: rgb(255, 255, 255);\n}\n<\/style>\n\t<\/div>\n\t\n\t\t<\/div>\n\t\t\t\t\n<style>\n#col-690909183 > .col-inner {\n  padding: 0px 0px 0px 3%;\n}\n@media (min-width:850px) {\n  #col-690909183 > .col-inner {\n    padding: 0px 0px 0px 0;\n  }\n}\n<\/style>\n\t<\/div>\n\n\t\n<\/div>\n\t\t<\/div>\n\n\t\t\n<style>\n#section_649383299 {\n  padding-top: 30px;\n  padding-bottom: 30px;\n  margin-bottom: 91px;\n}\n#section_649383299 .section-bg img {\n  object-position: 56% 77%;\n}\n<\/style>\n\t<\/section>\n\t\n\n\t<section class=\"section\" id=\"section_1391726061\">\n\t\t<div class=\"section-bg fill\" >\n\t\t\t\t\t\t\t\t\t\n\t\t\t\n\n\t\t<\/div>\n\n\t\t\n\n\t\t<div class=\"section-content relative\">\n\t\t\t\n<div class=\"row\"  id=\"row-195643202\">\n\n\t<div id=\"col-1955131591\" class=\"col small-12 large-12\"  >\n\t\t\t\t<div class=\"col-inner\"  >\n\t\t\t\n\t\t\t\n\t<div class=\"img has-hover x md-x lg-x y md-y lg-y\" id=\"image_1549493082\">\n\t\t\t\t\t\t\t\t<div class=\"img-inner dark\" >\n\t\t\t<img loading=\"lazy\" decoding=\"async\" width=\"1020\" height=\"483\" src=\"https:\/\/underwaterwindows.eu\/app\/uploads\/2025\/09\/Barstje-in-raam-1024x485.jpg\" class=\"attachment-large size-large\" alt=\"\" srcset=\"https:\/\/underwaterwindows.eu\/app\/uploads\/2025\/09\/Barstje-in-raam-1024x485.jpg 1024w, https:\/\/underwaterwindows.eu\/app\/uploads\/2025\/09\/Barstje-in-raam-300x142.jpg 300w, https:\/\/underwaterwindows.eu\/app\/uploads\/2025\/09\/Barstje-in-raam-768x364.jpg 768w, https:\/\/underwaterwindows.eu\/app\/uploads\/2025\/09\/Barstje-in-raam.jpg 1181w\" sizes=\"auto, (max-width: 1020px) 100vw, 1020px\" \/>\t\t\t\t\t\t\n\t\t\t\t\t<\/div>\n\t\t\t\t\t\t\t\t\n<style>\n#image_1549493082 {\n  width: 100%;\n}\n<\/style>\n\t<\/div>\n\t\n\t\t<\/div>\n\t\t\t\t\t<\/div>\n\n\t\n<\/div>\n<div class=\"row\"  id=\"row-1831184075\">\n\n\t<div id=\"col-1999917763\" class=\"col medium-12 small-12 large-6\"  >\n\t\t\t\t<div class=\"col-inner\"  >\n\t\t\t\n\t\t\t\n\t<div id=\"text-3669327621\" class=\"text\">\n\t\t\n<h2><strong><span style=\"font-size: 75%;\">Por qu\u00e9 es importante el mantenimiento peri\u00f3dico<\/span><\/strong><\/h2>\n<p data-start=\"4077\" data-end=\"4281\">Las ventanas submarinas est\u00e1n expuestas diariamente a una alta presi\u00f3n de agua, productos qu\u00edmicos como el cloro o la sal y un uso intensivo. Sin un mantenimiento oportuno, pueden surgir peque\u00f1os problemas como incrustaciones, grietas o fugas. Esto puede afectar a la claridad, la seguridad y la vida \u00fatil de la ventana.<\/p>\n<h2 data-start=\"4283\" data-end=\"4580\"><span style=\"font-size: 75%;\"><strong data-start=\"1116\" data-end=\"1180\">Mantenimiento bajo demanda, justo cuando lo necesite<\/strong><\/span><\/h2>\n<p data-start=\"4283\" data-end=\"4580\">En Underwater Windows creations\u00ae solemos trabajar bajo pedido. \u00bfTiene problemas de incrustaciones, p\u00e9rdida de transparencia o sospecha que hay una fuga? Nuestros especialistas est\u00e1n preparados para intervenir de forma r\u00e1pida y eficaz. Nos encargamos de dejar la ventana transparente y de garantizar un resultado seguro, sin que usted tenga que preocuparse por nada.<\/p>\n\t\t\n<style>\n#text-3669327621 {\n  line-height: 1.3;\n}\n<\/style>\n\t<\/div>\n\t\n\t\t<\/div>\n\t\t\t\t\n<style>\n#col-1999917763 > .col-inner {\n  padding: 0px 1% 0px 1%;\n}\n@media (min-width:550px) {\n  #col-1999917763 > .col-inner {\n    padding: 0px 2% 0px 2%;\n  }\n}\n@media (min-width:850px) {\n  #col-1999917763 > .col-inner {\n    padding: 0px 0px 120px 0%;\n  }\n}\n<\/style>\n\t<\/div>\n\n\t\n\n\t<div id=\"col-1913480368\" class=\"col medium-12 small-12 large-6\"  >\n\t\t\t\t<div class=\"col-inner\"  >\n\t\t\t\n\t\t\t\n\t<div id=\"text-3018604450\" class=\"text\">\n\t\t\n<h2 data-start=\"1858\" data-end=\"1976\"><span style=\"font-size: 75%;\"><strong data-start=\"1858\" data-end=\"1903\">Lo que comprobamos durante el mantenimiento<\/strong><\/span><\/h2>\n<p data-start=\"1858\" data-end=\"1976\">Durante el mantenimiento y el servicio, nuestros especialistas prestan atenci\u00f3n, entre otras cosas, a:<\/p>\n<ul>\n<li data-start=\"1979\" data-end=\"2025\">la estanqueidad y el sellado de la ventana<\/li>\n<li data-start=\"2028\" data-end=\"2063\">peque\u00f1as grietas o desgaste<\/li>\n<li data-start=\"2066\" data-end=\"2105\">deposiciones, visi\u00f3n borrosa o decoloraci\u00f3n<\/li>\n<li data-start=\"2108\" data-end=\"2160\">el estado de los materiales y construcciones circundantes<\/li>\n<\/ul>\n<p><em>Aunque normalmente realizamos el mantenimiento cuando el cliente lo solicita, tambi\u00e9n ofrecemos la posibilidad de contratar servicios de mantenimiento. Para los clientes que desean asegurarse de que se realicen revisiones y mantenimientos peri\u00f3dicos, elaboramos un plan a medida. Esto proporciona una seguridad adicional y evita problemas inesperados.<\/em><br \/>\n\t\t\n<style>\n#text-3018604450 {\n  line-height: 1.3;\n}\n<\/style>\n\t<\/div>\n\t\n<a href=\"https:\/\/underwaterwindows.eu\/es\/contacto\/\" class=\"button primary button-categories\"  >\n\t\t<span>Solicite un presupuesto<\/span>\n\t<\/a>\n\n\t\t<\/div>\n\t\t\t\t\n<style>\n#col-1913480368 > .col-inner {\n  padding: 0px 1% 78px 1%;\n}\n@media (min-width:550px) {\n  #col-1913480368 > .col-inner {\n    padding: 0px 2% 0px 2%;\n  }\n}\n@media (min-width:850px) {\n  #col-1913480368 > .col-inner {\n    padding: 0px 0px 0px 10%;\n  }\n}\n<\/style>\n\t<\/div>\n\n\t\n<\/div>\n\t\t<\/div>\n\n\t\t\n<style>\n#section_1391726061 {\n  padding-top: 0px;\n  padding-bottom: 0px;\n}\n@media (min-width:550px) {\n  #section_1391726061 {\n    padding-top: 45px;\n    padding-bottom: 45px;\n  }\n}\n<\/style>\n\t<\/section>","protected":false},"excerpt":{"rendered":"","protected":false},"author":2,"featured_media":0,"parent":0,"menu_order":0,"comment_status":"closed","ping_status":"closed","template":"page-blank.php","meta":{"footnotes":""},"class_list":["post-3665","page","type-page","status-publish","hentry"],"yoast_head":"<!-- This site is optimized with the Yoast SEO plugin v27.0 - https:\/\/yoast.com\/product\/yoast-seo-wordpress\/ -->\n<title>Onderhoud &amp; service - Underwaterwindows Onderhoud onderwater ramen \u2013 Duurzaam en zorgeloos<\/title>\n<meta name=\"description\" content=\"Wij verzorgen onderhoud van onderwater ramen op aanvraag. Voor helder, veilig en duurzaam gebruik. Wereldwijd uitgevoerd door specialisten\" \/>\n<meta name=\"robots\" content=\"index, follow, max-snippet:-1, max-image-preview:large, max-video-preview:-1\" \/>\n<link rel=\"canonical\" href=\"https:\/\/underwaterwindows.eu\/es\/servicio-de-mantenimiento-de-ventanas-submarinas\/\" \/>\n<meta property=\"og:locale\" content=\"es_ES\" \/>\n<meta property=\"og:type\" content=\"article\" \/>\n<meta property=\"og:title\" content=\"Onderhoud &amp; service - Underwaterwindows Onderhoud onderwater ramen \u2013 Duurzaam en zorgeloos\" \/>\n<meta property=\"og:description\" content=\"Wij verzorgen onderhoud van onderwater ramen op aanvraag. Voor helder, veilig en duurzaam gebruik. Wereldwijd uitgevoerd door specialisten\" \/>\n<meta property=\"og:url\" content=\"https:\/\/underwaterwindows.eu\/es\/servicio-de-mantenimiento-de-ventanas-submarinas\/\" \/>\n<meta property=\"og:site_name\" content=\"Underwaterwindows\" \/>\n<meta property=\"article:modified_time\" content=\"2025-09-02T07:57:46+00:00\" \/>\n<meta name=\"twitter:card\" content=\"summary_large_image\" \/>\n<meta name=\"twitter:label1\" content=\"Est. reading time\" \/>\n\t<meta name=\"twitter:data1\" content=\"2 minutos\" \/>\n<script type=\"application\/ld+json\" class=\"yoast-schema-graph\">{\"@context\":\"https:\/\/schema.org\",\"@graph\":[{\"@type\":\"WebPage\",\"@id\":\"https:\/\/underwaterwindows.eu\/onderhoud-service-onderwaterramen\/\",\"url\":\"https:\/\/underwaterwindows.eu\/onderhoud-service-onderwaterramen\/\",\"name\":\"Onderhoud & service - Underwaterwindows Onderhoud onderwater ramen \u2013 Duurzaam en zorgeloos\",\"isPartOf\":{\"@id\":\"https:\/\/underwaterwindows.eu\/#website\"},\"datePublished\":\"2025-08-19T09:12:18+00:00\",\"dateModified\":\"2025-09-02T07:57:46+00:00\",\"description\":\"Wij verzorgen onderhoud van onderwater ramen op aanvraag. Voor helder, veilig en duurzaam gebruik. Wereldwijd uitgevoerd door specialisten\",\"breadcrumb\":{\"@id\":\"https:\/\/underwaterwindows.eu\/onderhoud-service-onderwaterramen\/#breadcrumb\"},\"inLanguage\":\"es\",\"potentialAction\":[{\"@type\":\"ReadAction\",\"target\":[\"https:\/\/underwaterwindows.eu\/onderhoud-service-onderwaterramen\/\"]}]},{\"@type\":\"BreadcrumbList\",\"@id\":\"https:\/\/underwaterwindows.eu\/onderhoud-service-onderwaterramen\/#breadcrumb\",\"itemListElement\":[{\"@type\":\"ListItem\",\"position\":1,\"name\":\"Home\",\"item\":\"https:\/\/underwaterwindows.eu\/\"},{\"@type\":\"ListItem\",\"position\":2,\"name\":\"Onderhoud &#038; service\"}]},{\"@type\":\"WebSite\",\"@id\":\"https:\/\/underwaterwindows.eu\/#website\",\"url\":\"https:\/\/underwaterwindows.eu\/\",\"name\":\"Underwaterwindows\",\"description\":\"\",\"potentialAction\":[{\"@type\":\"SearchAction\",\"target\":{\"@type\":\"EntryPoint\",\"urlTemplate\":\"https:\/\/underwaterwindows.eu\/?s={search_term_string}\"},\"query-input\":{\"@type\":\"PropertyValueSpecification\",\"valueRequired\":true,\"valueName\":\"search_term_string\"}}],\"inLanguage\":\"es\"}]}<\/script>\n<!-- \/ Yoast SEO plugin. -->","yoast_head_json":{"title":"Mantenimiento y servicio - Underwaterwindows Mantenimiento de ventanas submarinas: duraderas y sin preocupaciones","description":"Nos encargamos del mantenimiento de ventanas submarinas bajo pedido. Para un uso claro, seguro y duradero. Realizado en todo el mundo por especialistas.","robots":{"index":"index","follow":"follow","max-snippet":"max-snippet:-1","max-image-preview":"max-image-preview:large","max-video-preview":"max-video-preview:-1"},"canonical":"https:\/\/underwaterwindows.eu\/es\/servicio-de-mantenimiento-de-ventanas-submarinas\/","og_locale":"es_ES","og_type":"article","og_title":"Onderhoud & service - Underwaterwindows Onderhoud onderwater ramen \u2013 Duurzaam en zorgeloos","og_description":"Wij verzorgen onderhoud van onderwater ramen op aanvraag. Voor helder, veilig en duurzaam gebruik. Wereldwijd uitgevoerd door specialisten","og_url":"https:\/\/underwaterwindows.eu\/es\/servicio-de-mantenimiento-de-ventanas-submarinas\/","og_site_name":"Underwaterwindows","article_modified_time":"2025-09-02T07:57:46+00:00","twitter_card":"summary_large_image","twitter_misc":{"Est. reading time":"2 minutos"},"schema":{"@context":"https:\/\/schema.org","@graph":[{"@type":"WebPage","@id":"https:\/\/underwaterwindows.eu\/onderhoud-service-onderwaterramen\/","url":"https:\/\/underwaterwindows.eu\/onderhoud-service-onderwaterramen\/","name":"Mantenimiento y servicio - Underwaterwindows Mantenimiento de ventanas submarinas: duraderas y sin preocupaciones","isPartOf":{"@id":"https:\/\/underwaterwindows.eu\/#website"},"datePublished":"2025-08-19T09:12:18+00:00","dateModified":"2025-09-02T07:57:46+00:00","description":"Nos encargamos del mantenimiento de ventanas submarinas bajo pedido. Para un uso claro, seguro y duradero. Realizado en todo el mundo por especialistas.","breadcrumb":{"@id":"https:\/\/underwaterwindows.eu\/onderhoud-service-onderwaterramen\/#breadcrumb"},"inLanguage":"es","potentialAction":[{"@type":"ReadAction","target":["https:\/\/underwaterwindows.eu\/onderhoud-service-onderwaterramen\/"]}]},{"@type":"BreadcrumbList","@id":"https:\/\/underwaterwindows.eu\/onderhoud-service-onderwaterramen\/#breadcrumb","itemListElement":[{"@type":"ListItem","position":1,"name":"Home","item":"https:\/\/underwaterwindows.eu\/"},{"@type":"ListItem","position":2,"name":"Onderhoud &#038; service"}]},{"@type":"WebSite","@id":"https:\/\/underwaterwindows.eu\/#website","url":"https:\/\/underwaterwindows.eu\/","name":"Ventanas submarinas","description":"","potentialAction":[{"@type":"SearchAction","target":{"@type":"EntryPoint","urlTemplate":"https:\/\/underwaterwindows.eu\/?s={search_term_string}"},"query-input":{"@type":"PropertyValueSpecification","valueRequired":true,"valueName":"search_term_string"}}],"inLanguage":"es"}]}},"_links":{"self":[{"href":"https:\/\/underwaterwindows.eu\/es\/wp-json\/wp\/v2\/pages\/3665","targetHints":{"allow":["GET"]}}],"collection":[{"href":"https:\/\/underwaterwindows.eu\/es\/wp-json\/wp\/v2\/pages"}],"about":[{"href":"https:\/\/underwaterwindows.eu\/es\/wp-json\/wp\/v2\/types\/page"}],"author":[{"embeddable":true,"href":"https:\/\/underwaterwindows.eu\/es\/wp-json\/wp\/v2\/users\/2"}],"replies":[{"embeddable":true,"href":"https:\/\/underwaterwindows.eu\/es\/wp-json\/wp\/v2\/comments?post=3665"}],"version-history":[{"count":4,"href":"https:\/\/underwaterwindows.eu\/es\/wp-json\/wp\/v2\/pages\/3665\/revisions"}],"predecessor-version":[{"id":3787,"href":"https:\/\/underwaterwindows.eu\/es\/wp-json\/wp\/v2\/pages\/3665\/revisions\/3787"}],"wp:attachment":[{"href":"https:\/\/underwaterwindows.eu\/es\/wp-json\/wp\/v2\/media?parent=3665"}],"curies":[{"name":"wp","href":"https:\/\/api.w.org\/{rel}","templated":true}]}}