{"id":3661,"date":"2025-08-19T11:05:52","date_gmt":"2025-08-19T09:05:52","guid":{"rendered":"https:\/\/underwaterwindows.eu\/?page_id=3661"},"modified":"2025-08-29T11:34:18","modified_gmt":"2025-08-29T09:34:18","slug":"pulido-de-ventanas-submarinas","status":"publish","type":"page","link":"https:\/\/underwaterwindows.eu\/es\/polijsten-onderwaterramen\/","title":{"rendered":"Pulido"},"content":{"rendered":"<section class=\"section header-section\" id=\"section_1198868664\">\n\t\t<div class=\"section-bg fill\" >\n\t\t\t<img loading=\"lazy\" decoding=\"async\" width=\"1559\" height=\"808\" src=\"https:\/\/underwaterwindows.eu\/app\/uploads\/2024\/12\/underwater-windows-header1.jpg\" class=\"bg attachment- size-\" alt=\"\" \/>\t\t\t\t\t\t\n\t\t\t\n\n\t\t<\/div>\n\n\t\t\n\n\t\t<div class=\"section-content relative\">\n\t\t\t\n<div class=\"row\"  id=\"row-541933994\">\n\n\t<div id=\"col-192365511\" class=\"col small-12 large-12\"  >\n\t\t\t\t<div class=\"col-inner\"  >\n\t\t\t\n\t\t\t\n\t<div id=\"text-4025575487\" class=\"text border-left-white\">\n\t\t\n<h1 style=\"font-weight: 600; font-size: 2.5rem;\">Pulido de ventanas submarinas<\/h1>\n\t\t\n<style>\n#text-4025575487 {\n  font-size: 2.5rem;\n  line-height: 1.2;\n  color: rgb(255, 255, 255);\n}\n#text-4025575487 > * {\n  color: rgb(255, 255, 255);\n}\n<\/style>\n\t<\/div>\n\t\n\t\t<\/div>\n\t\t\t\t\n<style>\n#col-192365511 > .col-inner {\n  padding: 0px 0px 0px 3%;\n}\n@media (min-width:850px) {\n  #col-192365511 > .col-inner {\n    padding: 0px 0px 0px 0;\n  }\n}\n<\/style>\n\t<\/div>\n\n\t\n<\/div>\n\t\t<\/div>\n\n\t\t\n<style>\n#section_1198868664 {\n  padding-top: 30px;\n  padding-bottom: 30px;\n  margin-bottom: 91px;\n}\n#section_1198868664 .section-bg img {\n  object-position: 56% 77%;\n}\n<\/style>\n\t<\/section>\n\t\n\n\t<section class=\"section\" id=\"section_858176977\">\n\t\t<div class=\"section-bg fill\" >\n\t\t\t\t\t\t\t\t\t\n\t\t\t\n\n\t\t<\/div>\n\n\t\t\n\n\t\t<div class=\"section-content relative\">\n\t\t\t\n<div class=\"row\"  id=\"row-419042917\">\n\n\t<div id=\"col-573500151\" class=\"col small-12 large-12\"  >\n\t\t\t\t<div class=\"col-inner\"  >\n\t\t\t\n\t\t\t\n\t<div class=\"img has-hover x md-x lg-x y md-y lg-y\" id=\"image_562720470\">\n\t\t\t\t\t\t\t\t<div class=\"img-inner dark\" >\n\t\t\t<img loading=\"lazy\" decoding=\"async\" width=\"1020\" height=\"659\" src=\"https:\/\/underwaterwindows.eu\/app\/uploads\/2025\/08\/Polijsten-lr-1024x662.jpg\" class=\"attachment-large size-large\" alt=\"\" srcset=\"https:\/\/underwaterwindows.eu\/app\/uploads\/2025\/08\/Polijsten-lr-1024x662.jpg 1024w, https:\/\/underwaterwindows.eu\/app\/uploads\/2025\/08\/Polijsten-lr-300x194.jpg 300w, https:\/\/underwaterwindows.eu\/app\/uploads\/2025\/08\/Polijsten-lr-768x496.jpg 768w, https:\/\/underwaterwindows.eu\/app\/uploads\/2025\/08\/Polijsten-lr.jpg 1181w\" sizes=\"auto, (max-width: 1020px) 100vw, 1020px\" \/>\t\t\t\t\t\t\n\t\t\t\t\t<\/div>\n\t\t\t\t\t\t\t\t\n<style>\n#image_562720470 {\n  width: 100%;\n}\n<\/style>\n\t<\/div>\n\t\n\t\t<\/div>\n\t\t\t\t\t<\/div>\n\n\t\n<\/div>\n<div class=\"row\"  id=\"row-1763572291\">\n\n\t<div id=\"col-924723787\" class=\"col medium-12 small-12 large-6\"  >\n\t\t\t\t<div class=\"col-inner\"  >\n\t\t\t\n\t\t\t\n<h2 data-start=\"2578\" data-end=\"2812\"><span style=\"font-size: 75%;\"><strong>Por qu\u00e9 es necesario pulir<\/strong><\/span><\/h2>\n<p data-start=\"2578\" data-end=\"2812\">Las ventanas subacu\u00e1ticas son muy llamativas, pero con el uso diario, la limpieza y la presi\u00f3n del agua, con el tiempo pueden aparecer ara\u00f1azos o dep\u00f3sitos. Esto no solo reduce su atractivo, sino que tambi\u00e9n puede afectar a la seguridad.<\/p>\n<h2 data-start=\"2814\" data-end=\"3104\"><strong><span style=\"font-size: 75%;\">T\u00e9cnicas profesionales para un resultado sin rayaduras<\/span><\/strong><\/h2>\n<p data-start=\"2814\" data-end=\"3104\">Con un pulido profesional, restauramos las ventanas hasta devolverles su brillo original. Nuestros especialistas utilizan t\u00e9cnicas avanzadas que eliminan de forma segura los ara\u00f1azos y las manchas opacas. La ventana recupera una superficie lisa y un aspecto transparente, como si fuera nueva.<\/p>\n\t\t<\/div>\n\t\t\t\t\n<style>\n#col-924723787 > .col-inner {\n  padding: 0px 1% 0px 1%;\n}\n@media (min-width:550px) {\n  #col-924723787 > .col-inner {\n    padding: 0px 2% 0px 2%;\n  }\n}\n@media (min-width:850px) {\n  #col-924723787 > .col-inner {\n    padding: 0px 0px 20px 0%;\n  }\n}\n<\/style>\n\t<\/div>\n\n\t\n\n\t<div id=\"col-1229455619\" class=\"col medium-12 small-12 large-6\"  >\n\t\t\t\t<div class=\"col-inner\"  >\n\t\t\t\n\t\t\t\n<h2 data-start=\"3106\" data-end=\"3357\"><strong><span style=\"font-size: 75%;\">Servicio global, realizado in situ<\/span><\/strong><\/h2>\n<p data-start=\"3106\" data-end=\"3357\">Realizamos trabajos de pulido en todo el mundo, desde piscinas privadas hasta grandes acuarios en zool\u00f3gicos y hoteles. Gracias a nuestro equipo m\u00f3vil, podemos realizar el trabajo in situ, sin necesidad de sustituir la ventana.<\/p>\n<h2 data-start=\"3359\" data-end=\"3608\"><strong><span style=\"font-size: 75%;\">Alternativa econ\u00f3mica al reemplazo<\/span><\/strong><\/h2>\n<p data-start=\"3359\" data-end=\"3608\">\u00bfEl resultado? Una ventana que vuelve a tener un aspecto cristalino, garantiza la seguridad y prolonga considerablemente su vida \u00fatil. Para muchos clientes, el pulido es una alternativa econ\u00f3mica a la sustituci\u00f3n y la forma perfecta de mantener sus ventanas en \u00f3ptimas condiciones.<\/p>\n<a href=\"https:\/\/underwaterwindows.eu\/es\/contacto\/\" class=\"button primary button-categories\"  >\n\t\t<span>Solicite un presupuesto<\/span>\n\t<\/a>\n\n\t\t<\/div>\n\t\t\t\t\n<style>\n#col-1229455619 > .col-inner {\n  padding: 0px 1% 78px 1%;\n}\n@media (min-width:550px) {\n  #col-1229455619 > .col-inner {\n    padding: 0px 2% 0px 2%;\n  }\n}\n@media (min-width:850px) {\n  #col-1229455619 > .col-inner {\n    padding: 0px 0px 0px 10%;\n  }\n}\n<\/style>\n\t<\/div>\n\n\t\n<\/div>\n\t\t<\/div>\n\n\t\t\n<style>\n#section_858176977 {\n  padding-top: 0px;\n  padding-bottom: 0px;\n}\n@media (min-width:550px) {\n  #section_858176977 {\n    padding-top: 45px;\n    padding-bottom: 45px;\n  }\n}\n<\/style>\n\t<\/section>\n\t\n\n\t<section class=\"section dark\" id=\"section_1567199349\">\n\t\t<div class=\"section-bg fill\" >\n\t\t\t<img loading=\"lazy\" decoding=\"async\" width=\"2560\" height=\"1496\" src=\"https:\/\/underwaterwindows.eu\/app\/uploads\/2024\/12\/aquarium2-scaled.jpg\" class=\"bg attachment- size-\" alt=\"\" \/>\t\t\t\t\t\t\n\t\t\t\n\n\t\t<\/div>\n\n\t\t\n\n\t\t<div class=\"section-content relative\">\n\t\t\t\n\t<div id=\"gap-568187379\" class=\"gap-element clearfix hide-for-small\" style=\"display:block; height:auto;\">\n\t\t\n<style>\n#gap-568187379 {\n  padding-top: 45px;\n}\n<\/style>\n\t<\/div>\n\t\n<div class=\"row\"  id=\"row-1459801455\">\n\n\t<div id=\"col-465972810\" class=\"col small-12 large-12\"  >\n\t\t\t\t<div class=\"col-inner\"  >\n\t\t\t\n\t\t\t\n\t\t<\/div>\n\t\t\t\t\t<\/div>\n\n\t\n<\/div>\n\t\t<\/div>\n\n\t\t\n<style>\n#section_1567199349 {\n  padding-top: 0px;\n  padding-bottom: 0px;\n  margin-bottom: 0px;\n}\n@media (min-width:550px) {\n  #section_1567199349 {\n    padding-top: 65px;\n    padding-bottom: 65px;\n  }\n}\n@media (min-width:850px) {\n  #section_1567199349 {\n    padding-top: 30px;\n    padding-bottom: 30px;\n  }\n}\n<\/style>\n\t<\/section>\n\t\n\n\t<section class=\"section\" id=\"section_630488459\">\n\t\t<div class=\"section-bg fill\" >\n\t\t\t\t\t\t\t\t\t\n\t\t\t\n\n\t\t<\/div>\n\n\t\t\n\n\t\t<div class=\"section-content relative\">\n\t\t\t\n\t\t<\/div>\n\n\t\t\n<style>\n#section_630488459 {\n  padding-top: 45px;\n  padding-bottom: 45px;\n  margin-bottom: -50px;\n}\n<\/style>\n\t<\/section>","protected":false},"excerpt":{"rendered":"","protected":false},"author":2,"featured_media":0,"parent":0,"menu_order":0,"comment_status":"closed","ping_status":"closed","template":"page-blank.php","meta":{"footnotes":""},"class_list":["post-3661","page","type-page","status-publish","hentry"],"yoast_head":"<!-- This site is optimized with the Yoast SEO plugin v27.0 - https:\/\/yoast.com\/product\/yoast-seo-wordpress\/ -->\n<title>Polijsten - Underwaterwindows Polijsten onderwater ramen \u2013 Krasvrij en helder zicht<\/title>\n<meta name=\"description\" content=\"Wij polijsten onderwater ramen wereldwijd. Voor helder, krasvrij zicht in zwembaden en aquaria, door ervaren specialisten.\" \/>\n<meta name=\"robots\" content=\"index, follow, max-snippet:-1, max-image-preview:large, max-video-preview:-1\" \/>\n<link rel=\"canonical\" href=\"https:\/\/underwaterwindows.eu\/es\/pulido-de-ventanas-submarinas\/\" \/>\n<meta property=\"og:locale\" content=\"es_ES\" \/>\n<meta property=\"og:type\" content=\"article\" \/>\n<meta property=\"og:title\" content=\"Polijsten - Underwaterwindows Polijsten onderwater ramen \u2013 Krasvrij en helder zicht\" \/>\n<meta property=\"og:description\" content=\"Wij polijsten onderwater ramen wereldwijd. Voor helder, krasvrij zicht in zwembaden en aquaria, door ervaren specialisten.\" \/>\n<meta property=\"og:url\" content=\"https:\/\/underwaterwindows.eu\/es\/pulido-de-ventanas-submarinas\/\" \/>\n<meta property=\"og:site_name\" content=\"Underwaterwindows\" \/>\n<meta property=\"article:modified_time\" content=\"2025-08-29T09:34:18+00:00\" \/>\n<meta name=\"twitter:card\" content=\"summary_large_image\" \/>\n<meta name=\"twitter:label1\" content=\"Est. reading time\" \/>\n\t<meta name=\"twitter:data1\" content=\"3 minutos\" \/>\n<script type=\"application\/ld+json\" class=\"yoast-schema-graph\">{\"@context\":\"https:\/\/schema.org\",\"@graph\":[{\"@type\":\"WebPage\",\"@id\":\"https:\/\/underwaterwindows.eu\/polijsten-onderwaterramen\/\",\"url\":\"https:\/\/underwaterwindows.eu\/polijsten-onderwaterramen\/\",\"name\":\"Polijsten - Underwaterwindows Polijsten onderwater ramen \u2013 Krasvrij en helder zicht\",\"isPartOf\":{\"@id\":\"https:\/\/underwaterwindows.eu\/#website\"},\"datePublished\":\"2025-08-19T09:05:52+00:00\",\"dateModified\":\"2025-08-29T09:34:18+00:00\",\"description\":\"Wij polijsten onderwater ramen wereldwijd. Voor helder, krasvrij zicht in zwembaden en aquaria, door ervaren specialisten.\",\"breadcrumb\":{\"@id\":\"https:\/\/underwaterwindows.eu\/polijsten-onderwaterramen\/#breadcrumb\"},\"inLanguage\":\"es\",\"potentialAction\":[{\"@type\":\"ReadAction\",\"target\":[\"https:\/\/underwaterwindows.eu\/polijsten-onderwaterramen\/\"]}]},{\"@type\":\"BreadcrumbList\",\"@id\":\"https:\/\/underwaterwindows.eu\/polijsten-onderwaterramen\/#breadcrumb\",\"itemListElement\":[{\"@type\":\"ListItem\",\"position\":1,\"name\":\"Home\",\"item\":\"https:\/\/underwaterwindows.eu\/\"},{\"@type\":\"ListItem\",\"position\":2,\"name\":\"Polijsten\"}]},{\"@type\":\"WebSite\",\"@id\":\"https:\/\/underwaterwindows.eu\/#website\",\"url\":\"https:\/\/underwaterwindows.eu\/\",\"name\":\"Underwaterwindows\",\"description\":\"\",\"potentialAction\":[{\"@type\":\"SearchAction\",\"target\":{\"@type\":\"EntryPoint\",\"urlTemplate\":\"https:\/\/underwaterwindows.eu\/?s={search_term_string}\"},\"query-input\":{\"@type\":\"PropertyValueSpecification\",\"valueRequired\":true,\"valueName\":\"search_term_string\"}}],\"inLanguage\":\"es\"}]}<\/script>\n<!-- \/ Yoast SEO plugin. -->","yoast_head_json":{"title":"Pulido - Underwaterwindows Pulido de ventanas submarinas: sin ara\u00f1azos y con una visi\u00f3n clara","description":"Pulimos ventanas submarinas en todo el mundo. Para una visi\u00f3n clara y sin ara\u00f1azos en piscinas y acuarios, por especialistas experimentados.","robots":{"index":"index","follow":"follow","max-snippet":"max-snippet:-1","max-image-preview":"max-image-preview:large","max-video-preview":"max-video-preview:-1"},"canonical":"https:\/\/underwaterwindows.eu\/es\/pulido-de-ventanas-submarinas\/","og_locale":"es_ES","og_type":"article","og_title":"Polijsten - Underwaterwindows Polijsten onderwater ramen \u2013 Krasvrij en helder zicht","og_description":"Wij polijsten onderwater ramen wereldwijd. Voor helder, krasvrij zicht in zwembaden en aquaria, door ervaren specialisten.","og_url":"https:\/\/underwaterwindows.eu\/es\/pulido-de-ventanas-submarinas\/","og_site_name":"Underwaterwindows","article_modified_time":"2025-08-29T09:34:18+00:00","twitter_card":"summary_large_image","twitter_misc":{"Est. reading time":"3 minutos"},"schema":{"@context":"https:\/\/schema.org","@graph":[{"@type":"WebPage","@id":"https:\/\/underwaterwindows.eu\/polijsten-onderwaterramen\/","url":"https:\/\/underwaterwindows.eu\/polijsten-onderwaterramen\/","name":"Pulido - Underwaterwindows Pulido de ventanas submarinas: sin ara\u00f1azos y con una visi\u00f3n clara","isPartOf":{"@id":"https:\/\/underwaterwindows.eu\/#website"},"datePublished":"2025-08-19T09:05:52+00:00","dateModified":"2025-08-29T09:34:18+00:00","description":"Pulimos ventanas submarinas en todo el mundo. Para una visi\u00f3n clara y sin ara\u00f1azos en piscinas y acuarios, por especialistas experimentados.","breadcrumb":{"@id":"https:\/\/underwaterwindows.eu\/polijsten-onderwaterramen\/#breadcrumb"},"inLanguage":"es","potentialAction":[{"@type":"ReadAction","target":["https:\/\/underwaterwindows.eu\/polijsten-onderwaterramen\/"]}]},{"@type":"BreadcrumbList","@id":"https:\/\/underwaterwindows.eu\/polijsten-onderwaterramen\/#breadcrumb","itemListElement":[{"@type":"ListItem","position":1,"name":"Home","item":"https:\/\/underwaterwindows.eu\/"},{"@type":"ListItem","position":2,"name":"Polijsten"}]},{"@type":"WebSite","@id":"https:\/\/underwaterwindows.eu\/#website","url":"https:\/\/underwaterwindows.eu\/","name":"Ventanas submarinas","description":"","potentialAction":[{"@type":"SearchAction","target":{"@type":"EntryPoint","urlTemplate":"https:\/\/underwaterwindows.eu\/?s={search_term_string}"},"query-input":{"@type":"PropertyValueSpecification","valueRequired":true,"valueName":"search_term_string"}}],"inLanguage":"es"}]}},"_links":{"self":[{"href":"https:\/\/underwaterwindows.eu\/es\/wp-json\/wp\/v2\/pages\/3661","targetHints":{"allow":["GET"]}}],"collection":[{"href":"https:\/\/underwaterwindows.eu\/es\/wp-json\/wp\/v2\/pages"}],"about":[{"href":"https:\/\/underwaterwindows.eu\/es\/wp-json\/wp\/v2\/types\/page"}],"author":[{"embeddable":true,"href":"https:\/\/underwaterwindows.eu\/es\/wp-json\/wp\/v2\/users\/2"}],"replies":[{"embeddable":true,"href":"https:\/\/underwaterwindows.eu\/es\/wp-json\/wp\/v2\/comments?post=3661"}],"version-history":[{"count":4,"href":"https:\/\/underwaterwindows.eu\/es\/wp-json\/wp\/v2\/pages\/3661\/revisions"}],"predecessor-version":[{"id":3779,"href":"https:\/\/underwaterwindows.eu\/es\/wp-json\/wp\/v2\/pages\/3661\/revisions\/3779"}],"wp:attachment":[{"href":"https:\/\/underwaterwindows.eu\/es\/wp-json\/wp\/v2\/media?parent=3661"}],"curies":[{"name":"wp","href":"https:\/\/api.w.org\/{rel}","templated":true}]}}