{"id":3655,"date":"2025-08-19T10:12:41","date_gmt":"2025-08-19T08:12:41","guid":{"rendered":"https:\/\/underwaterwindows.eu\/?page_id=3655"},"modified":"2025-08-29T11:44:45","modified_gmt":"2025-08-29T09:44:45","slug":"inspeccion-de-ventanas-subacuaticas","status":"publish","type":"page","link":"https:\/\/underwaterwindows.eu\/es\/inspectie-onderwaterramen\/","title":{"rendered":"Inspecci\u00f3n"},"content":{"rendered":"<section class=\"section header-section\" id=\"section_1333076666\">\n\t\t<div class=\"section-bg fill\" >\n\t\t\t<img loading=\"lazy\" decoding=\"async\" width=\"1559\" height=\"808\" src=\"https:\/\/underwaterwindows.eu\/app\/uploads\/2024\/12\/underwater-windows-header1.jpg\" class=\"bg attachment- size-\" alt=\"\" \/>\t\t\t\t\t\t\n\t\t\t\n\n\t\t<\/div>\n\n\t\t\n\n\t\t<div class=\"section-content relative\">\n\t\t\t\n<div class=\"row\"  id=\"row-474368436\">\n\n\t<div id=\"col-911971194\" class=\"col small-12 large-12\"  >\n\t\t\t\t<div class=\"col-inner\"  >\n\t\t\t\n\t\t\t\n\t<div id=\"text-2376513466\" class=\"text border-left-white\">\n\t\t\n<h1 style=\"font-weight: 600; font-size: 2.5rem;\">Inspecci\u00f3n de ventanas de piscinas y acuarios<\/h1>\n\t\t\n<style>\n#text-2376513466 {\n  font-size: 2.5rem;\n  line-height: 1.2;\n  color: rgb(255, 255, 255);\n}\n#text-2376513466 > * {\n  color: rgb(255, 255, 255);\n}\n<\/style>\n\t<\/div>\n\t\n\t\t<\/div>\n\t\t\t\t\n<style>\n#col-911971194 > .col-inner {\n  padding: 0px 0px 0px 3%;\n}\n@media (min-width:850px) {\n  #col-911971194 > .col-inner {\n    padding: 0px 0px 0px 0;\n  }\n}\n<\/style>\n\t<\/div>\n\n\t\n<\/div>\n\t\t<\/div>\n\n\t\t\n<style>\n#section_1333076666 {\n  padding-top: 30px;\n  padding-bottom: 30px;\n  margin-bottom: 91px;\n}\n#section_1333076666 .section-bg img {\n  object-position: 56% 77%;\n}\n<\/style>\n\t<\/section>\n\t\n\n\t<section class=\"section\" id=\"section_453113100\">\n\t\t<div class=\"section-bg fill\" >\n\t\t\t\t\t\t\t\t\t\n\t\t\t\n\n\t\t<\/div>\n\n\t\t\n\n\t\t<div class=\"section-content relative\">\n\t\t\t\n<div class=\"row\"  id=\"row-34295709\">\n\n\t<div id=\"col-1935422024\" class=\"col small-12 large-12\"  >\n\t\t\t\t<div class=\"col-inner\"  >\n\t\t\t\n\t\t\t\n\t<div class=\"img has-hover x md-x lg-x y md-y lg-y\" id=\"image_1893228872\">\n\t\t\t\t\t\t\t\t<div class=\"img-inner dark\" >\n\t\t\t<img loading=\"lazy\" decoding=\"async\" width=\"1020\" height=\"477\" src=\"https:\/\/underwaterwindows.eu\/app\/uploads\/2025\/08\/inspectie-zwembad-1024x479.jpg\" class=\"attachment-large size-large\" alt=\"\" srcset=\"https:\/\/underwaterwindows.eu\/app\/uploads\/2025\/08\/inspectie-zwembad-1024x479.jpg 1024w, https:\/\/underwaterwindows.eu\/app\/uploads\/2025\/08\/inspectie-zwembad-300x140.jpg 300w, https:\/\/underwaterwindows.eu\/app\/uploads\/2025\/08\/inspectie-zwembad-768x360.jpg 768w, https:\/\/underwaterwindows.eu\/app\/uploads\/2025\/08\/inspectie-zwembad.jpg 1365w\" sizes=\"auto, (max-width: 1020px) 100vw, 1020px\" \/>\t\t\t\t\t\t\n\t\t\t\t\t<\/div>\n\t\t\t\t\t\t\t\t\n<style>\n#image_1893228872 {\n  width: 100%;\n}\n<\/style>\n\t<\/div>\n\t\n\t\t<\/div>\n\t\t\t\t\t<\/div>\n\n\t\n<\/div>\n<div class=\"row\"  id=\"row-1193007333\">\n\n\t<div id=\"col-1806561906\" class=\"col medium-12 small-12 large-6\"  >\n\t\t\t\t<div class=\"col-inner\"  >\n\t\t\t\n\t\t\t\n\t<div id=\"text-1286325076\" class=\"text\">\n\t\t\n<p>Underwater Windows es especialista mundial en la inspecci\u00f3n de ventanas transparentes en piscinas y acuarios, independientemente del proveedor o a\u00f1o de fabricaci\u00f3n. Realizamos tanto inspecciones de ventanas de piscinas como mantenimiento de ventanas de acuarios, para ventanas de acr\u00edlico.<\/p>\n<h2><strong><span style=\"font-size: 75%;\">Lo que comprobamos en las inspecciones<\/span><\/strong><\/h2>\n<p>Nuestros inspectores eval\u00faan las ventanas en todos los puntos cr\u00edticos para garantizar su seguridad y durabilidad:<\/p>\n<ul>\n<li><strong>Condici\u00f3n del material<\/strong> \u2013 Detecci\u00f3n de grietas, roturas por tensi\u00f3n y ara\u00f1azos.<\/li>\n<li><strong>Calidad \u00f3ptica<\/strong> \u2013 Pruebas de claridad, deformaci\u00f3n, decoloraci\u00f3n y p\u00e9rdida de transparencia.<\/li>\n<li><strong>Sellado e impermeabilidad<\/strong> \u2013 Control de juntas de sellado, materiales de impermeabilizaci\u00f3n y conexi\u00f3n con la estructura arquitect\u00f3nica.<\/li>\n<li><strong>Seguridad estructural<\/strong> \u2013 Evaluaci\u00f3n del anclaje, la imposici\u00f3n y los marcos de apoyo.<\/li>\n<li><strong>Normas y seguridad<\/strong> \u2013 Evaluaci\u00f3n seg\u00fan las directrices internacionales y las normas de calidad.<\/li>\n<\/ul>\n<h2><strong><span style=\"font-size: 75%;\">Peque\u00f1o mantenimiento realizado inmediatamente<\/span><\/strong><\/h2>\n<p>Durante una inspecci\u00f3n, siempre que sea posible, realizamos peque\u00f1os trabajos de mantenimiento in situ:<\/p>\n<ul>\n<li>Inspecci\u00f3n de ventanas acr\u00edlicas y pulido de ara\u00f1azos superficiales o zonas mates.<\/li>\n<li>Reparaci\u00f3n de juntas y sellados<\/li>\n<li>Limpieza y tratamiento de bordes y superficies visibles<\/li>\n<li>Primeros consejos de reparaci\u00f3n en caso de defectos importantes<\/li>\n<\/ul>\n\t\t\n<style>\n#text-1286325076 {\n  line-height: 1.3;\n}\n<\/style>\n\t<\/div>\n\t\n\t\t<\/div>\n\t\t\t\t\n<style>\n#col-1806561906 > .col-inner {\n  padding: 0px 1% 0px 1%;\n}\n@media (min-width:550px) {\n  #col-1806561906 > .col-inner {\n    padding: 0px 2% 0px 2%;\n  }\n}\n@media (min-width:850px) {\n  #col-1806561906 > .col-inner {\n    padding: 0px 0px 120px 0%;\n  }\n}\n<\/style>\n\t<\/div>\n\n\t\n\n\t<div id=\"col-2063231509\" class=\"col medium-12 small-12 large-6\"  >\n\t\t\t\t<div class=\"col-inner\"  >\n\t\t\t\n\t\t\t\n\t<div id=\"text-163235924\" class=\"text\">\n\t\t\n<h2><strong><span style=\"font-size: 75%;\">Informes detallados<\/span><\/strong><\/h2>\n<p>Al finalizar, recibir\u00e1 un informe claro con:<\/p>\n<ul>\n<li>Documentaci\u00f3n fotogr\u00e1fica de los hallazgos<\/li>\n<li>Evaluaci\u00f3n t\u00e9cnica de cada ventana<\/li>\n<li>Recomendaciones para el mantenimiento y la reparaci\u00f3n<\/li>\n<li>Consejos para prolongar la vida \u00fatil y ahorrar costes<\/li>\n<\/ul>\n<h2><strong><span style=\"font-size: 75%;\">\u00bfPor qu\u00e9 ventanas subacu\u00e1ticas?<\/span><\/strong><\/h2>\n<p>Con nuestros conocimientos especializados en <strong>ventanas para piscinas y acuarios<\/strong> evitamos que peque\u00f1os defectos se conviertan en problemas costosos. Las inspecciones peri\u00f3dicas garantizan:<\/p>\n<ul>\n<li>M\u00e1xima seguridad y fiabilidad<\/li>\n<li>Transparencia \u00f3ptima de las ventanas<\/li>\n<li>Prolongaci\u00f3n de la vida \u00fatil de las ventanas de vidrio y acr\u00edlico<\/li>\n<li>Prevenci\u00f3n de paradas inesperadas o fugas<\/li>\n<\/ul>\n<p>Elija seguridad, claridad y experiencia profesional. Elija Underwater Windows.<br \/>\n\t\t\n<style>\n#text-163235924 {\n  line-height: 1.3;\n}\n<\/style>\n\t<\/div>\n\t\n<a href=\"https:\/\/underwaterwindows.eu\/es\/contacto\/\" class=\"button primary button-categories\"  >\n\t\t<span>Solicite un presupuesto<\/span>\n\t<\/a>\n\n\t\t<\/div>\n\t\t\t\t\n<style>\n#col-2063231509 > .col-inner {\n  padding: 0px 1% 78px 1%;\n}\n@media (min-width:550px) {\n  #col-2063231509 > .col-inner {\n    padding: 0px 2% 0px 2%;\n  }\n}\n@media (min-width:850px) {\n  #col-2063231509 > .col-inner {\n    padding: 0px 0px 0px 10%;\n  }\n}\n<\/style>\n\t<\/div>\n\n\t\n<\/div>\n\t\t<\/div>\n\n\t\t\n<style>\n#section_453113100 {\n  padding-top: 0px;\n  padding-bottom: 0px;\n}\n@media (min-width:550px) {\n  #section_453113100 {\n    padding-top: 45px;\n    padding-bottom: 45px;\n  }\n}\n<\/style>\n\t<\/section>","protected":false},"excerpt":{"rendered":"","protected":false},"author":2,"featured_media":0,"parent":0,"menu_order":0,"comment_status":"closed","ping_status":"closed","template":"page-blank.php","meta":{"footnotes":""},"class_list":["post-3655","page","type-page","status-publish","hentry"],"yoast_head":"<!-- This site is optimized with the Yoast SEO plugin v27.0 - https:\/\/yoast.com\/product\/yoast-seo-wordpress\/ -->\n<title>Inspectie - Underwaterwindows Inspectie onderwater ramen \u2013 Veiligheid en zekerheid<\/title>\n<meta name=\"description\" content=\"Specialist in inspectie en onderhoud van acryl zwembadramen en aquariumramen. Wereldwijde service, klein onderhoud direct uitgevoerd.\" \/>\n<meta name=\"robots\" content=\"index, follow, max-snippet:-1, max-image-preview:large, max-video-preview:-1\" \/>\n<link rel=\"canonical\" href=\"https:\/\/underwaterwindows.eu\/es\/inspeccion-de-ventanas-subacuaticas\/\" \/>\n<meta property=\"og:locale\" content=\"es_ES\" \/>\n<meta property=\"og:type\" content=\"article\" \/>\n<meta property=\"og:title\" content=\"Inspectie - Underwaterwindows Inspectie onderwater ramen \u2013 Veiligheid en zekerheid\" \/>\n<meta property=\"og:description\" content=\"Specialist in inspectie en onderhoud van acryl zwembadramen en aquariumramen. Wereldwijde service, klein onderhoud direct uitgevoerd.\" \/>\n<meta property=\"og:url\" content=\"https:\/\/underwaterwindows.eu\/es\/inspeccion-de-ventanas-subacuaticas\/\" \/>\n<meta property=\"og:site_name\" content=\"Underwaterwindows\" \/>\n<meta property=\"article:modified_time\" content=\"2025-08-29T09:44:45+00:00\" \/>\n<meta name=\"twitter:card\" content=\"summary_large_image\" \/>\n<meta name=\"twitter:label1\" content=\"Est. reading time\" \/>\n\t<meta name=\"twitter:data1\" content=\"2 minutos\" \/>\n<script type=\"application\/ld+json\" class=\"yoast-schema-graph\">{\"@context\":\"https:\/\/schema.org\",\"@graph\":[{\"@type\":\"WebPage\",\"@id\":\"https:\/\/underwaterwindows.eu\/inspectie-onderwaterramen\/\",\"url\":\"https:\/\/underwaterwindows.eu\/inspectie-onderwaterramen\/\",\"name\":\"Inspectie - Underwaterwindows Inspectie onderwater ramen \u2013 Veiligheid en zekerheid\",\"isPartOf\":{\"@id\":\"https:\/\/underwaterwindows.eu\/#website\"},\"datePublished\":\"2025-08-19T08:12:41+00:00\",\"dateModified\":\"2025-08-29T09:44:45+00:00\",\"description\":\"Specialist in inspectie en onderhoud van acryl zwembadramen en aquariumramen. Wereldwijde service, klein onderhoud direct uitgevoerd.\",\"breadcrumb\":{\"@id\":\"https:\/\/underwaterwindows.eu\/inspectie-onderwaterramen\/#breadcrumb\"},\"inLanguage\":\"es\",\"potentialAction\":[{\"@type\":\"ReadAction\",\"target\":[\"https:\/\/underwaterwindows.eu\/inspectie-onderwaterramen\/\"]}]},{\"@type\":\"BreadcrumbList\",\"@id\":\"https:\/\/underwaterwindows.eu\/inspectie-onderwaterramen\/#breadcrumb\",\"itemListElement\":[{\"@type\":\"ListItem\",\"position\":1,\"name\":\"Home\",\"item\":\"https:\/\/underwaterwindows.eu\/\"},{\"@type\":\"ListItem\",\"position\":2,\"name\":\"Inspectie\"}]},{\"@type\":\"WebSite\",\"@id\":\"https:\/\/underwaterwindows.eu\/#website\",\"url\":\"https:\/\/underwaterwindows.eu\/\",\"name\":\"Underwaterwindows\",\"description\":\"\",\"potentialAction\":[{\"@type\":\"SearchAction\",\"target\":{\"@type\":\"EntryPoint\",\"urlTemplate\":\"https:\/\/underwaterwindows.eu\/?s={search_term_string}\"},\"query-input\":{\"@type\":\"PropertyValueSpecification\",\"valueRequired\":true,\"valueName\":\"search_term_string\"}}],\"inLanguage\":\"es\"}]}<\/script>\n<!-- \/ Yoast SEO plugin. -->","yoast_head_json":{"title":"Inspecci\u00f3n - Ventanas submarinas Inspecci\u00f3n de ventanas submarinas: seguridad y protecci\u00f3n","description":"Especialista en inspecci\u00f3n y mantenimiento de ventanas acr\u00edlicas para piscinas y acuarios. Servicio mundial, peque\u00f1o mantenimiento realizado de inmediato.","robots":{"index":"index","follow":"follow","max-snippet":"max-snippet:-1","max-image-preview":"max-image-preview:large","max-video-preview":"max-video-preview:-1"},"canonical":"https:\/\/underwaterwindows.eu\/es\/inspeccion-de-ventanas-subacuaticas\/","og_locale":"es_ES","og_type":"article","og_title":"Inspectie - Underwaterwindows Inspectie onderwater ramen \u2013 Veiligheid en zekerheid","og_description":"Specialist in inspectie en onderhoud van acryl zwembadramen en aquariumramen. Wereldwijde service, klein onderhoud direct uitgevoerd.","og_url":"https:\/\/underwaterwindows.eu\/es\/inspeccion-de-ventanas-subacuaticas\/","og_site_name":"Underwaterwindows","article_modified_time":"2025-08-29T09:44:45+00:00","twitter_card":"summary_large_image","twitter_misc":{"Est. reading time":"2 minutos"},"schema":{"@context":"https:\/\/schema.org","@graph":[{"@type":"WebPage","@id":"https:\/\/underwaterwindows.eu\/inspectie-onderwaterramen\/","url":"https:\/\/underwaterwindows.eu\/inspectie-onderwaterramen\/","name":"Inspecci\u00f3n - Ventanas submarinas Inspecci\u00f3n de ventanas submarinas: seguridad y protecci\u00f3n","isPartOf":{"@id":"https:\/\/underwaterwindows.eu\/#website"},"datePublished":"2025-08-19T08:12:41+00:00","dateModified":"2025-08-29T09:44:45+00:00","description":"Especialista en inspecci\u00f3n y mantenimiento de ventanas acr\u00edlicas para piscinas y acuarios. Servicio mundial, peque\u00f1o mantenimiento realizado de inmediato.","breadcrumb":{"@id":"https:\/\/underwaterwindows.eu\/inspectie-onderwaterramen\/#breadcrumb"},"inLanguage":"es","potentialAction":[{"@type":"ReadAction","target":["https:\/\/underwaterwindows.eu\/inspectie-onderwaterramen\/"]}]},{"@type":"BreadcrumbList","@id":"https:\/\/underwaterwindows.eu\/inspectie-onderwaterramen\/#breadcrumb","itemListElement":[{"@type":"ListItem","position":1,"name":"Home","item":"https:\/\/underwaterwindows.eu\/"},{"@type":"ListItem","position":2,"name":"Inspectie"}]},{"@type":"WebSite","@id":"https:\/\/underwaterwindows.eu\/#website","url":"https:\/\/underwaterwindows.eu\/","name":"Ventanas submarinas","description":"","potentialAction":[{"@type":"SearchAction","target":{"@type":"EntryPoint","urlTemplate":"https:\/\/underwaterwindows.eu\/?s={search_term_string}"},"query-input":{"@type":"PropertyValueSpecification","valueRequired":true,"valueName":"search_term_string"}}],"inLanguage":"es"}]}},"_links":{"self":[{"href":"https:\/\/underwaterwindows.eu\/es\/wp-json\/wp\/v2\/pages\/3655","targetHints":{"allow":["GET"]}}],"collection":[{"href":"https:\/\/underwaterwindows.eu\/es\/wp-json\/wp\/v2\/pages"}],"about":[{"href":"https:\/\/underwaterwindows.eu\/es\/wp-json\/wp\/v2\/types\/page"}],"author":[{"embeddable":true,"href":"https:\/\/underwaterwindows.eu\/es\/wp-json\/wp\/v2\/users\/2"}],"replies":[{"embeddable":true,"href":"https:\/\/underwaterwindows.eu\/es\/wp-json\/wp\/v2\/comments?post=3655"}],"version-history":[{"count":7,"href":"https:\/\/underwaterwindows.eu\/es\/wp-json\/wp\/v2\/pages\/3655\/revisions"}],"predecessor-version":[{"id":3781,"href":"https:\/\/underwaterwindows.eu\/es\/wp-json\/wp\/v2\/pages\/3655\/revisions\/3781"}],"wp:attachment":[{"href":"https:\/\/underwaterwindows.eu\/es\/wp-json\/wp\/v2\/media?parent=3655"}],"curies":[{"name":"wp","href":"https:\/\/api.w.org\/{rel}","templated":true}]}}