{"id":3648,"date":"2025-08-19T09:47:28","date_gmt":"2025-08-19T07:47:28","guid":{"rendered":"https:\/\/underwaterwindows.eu\/?page_id=3648"},"modified":"2025-10-28T09:49:33","modified_gmt":"2025-10-28T08:49:33","slug":"instalacion-de-ventanas-subacuaticas","status":"publish","type":"page","link":"https:\/\/underwaterwindows.eu\/es\/installatie-onderwater-ramen\/","title":{"rendered":"Instalaci\u00f3n"},"content":{"rendered":"<section class=\"section header-section\" id=\"section_352262110\">\n\t\t<div class=\"section-bg fill\" >\n\t\t\t<img loading=\"lazy\" decoding=\"async\" width=\"1559\" height=\"808\" src=\"https:\/\/underwaterwindows.eu\/app\/uploads\/2024\/12\/underwater-windows-header1.jpg\" class=\"bg attachment- size-\" alt=\"\" \/>\t\t\t\t\t\t\n\t\t\t\n\n\t\t<\/div>\n\n\t\t\n\n\t\t<div class=\"section-content relative\">\n\t\t\t\n<div class=\"row\"  id=\"row-574601861\">\n\n\t<div id=\"col-71425941\" class=\"col small-12 large-12\"  >\n\t\t\t\t<div class=\"col-inner\"  >\n\t\t\t\n\t\t\t\n\t<div id=\"text-1326143125\" class=\"text border-left-white\">\n\t\t\n<h1 style=\"font-weight: 600; font-size: 2.5rem;\">Instalaci\u00f3n de ventanas subacu\u00e1ticas en todo el mundo<\/h1>\n\t\t\n<style>\n#text-1326143125 {\n  font-size: 2.5rem;\n  line-height: 1.2;\n  color: rgb(255, 255, 255);\n}\n#text-1326143125 > * {\n  color: rgb(255, 255, 255);\n}\n<\/style>\n\t<\/div>\n\t\n\t\t<\/div>\n\t\t\t\t\n<style>\n#col-71425941 > .col-inner {\n  padding: 0px 0px 0px 3%;\n}\n@media (min-width:850px) {\n  #col-71425941 > .col-inner {\n    padding: 0px 0px 0px 0;\n  }\n}\n<\/style>\n\t<\/div>\n\n\t\n<\/div>\n\t\t<\/div>\n\n\t\t\n<style>\n#section_352262110 {\n  padding-top: 30px;\n  padding-bottom: 30px;\n  margin-bottom: 91px;\n}\n#section_352262110 .section-bg img {\n  object-position: 56% 77%;\n}\n<\/style>\n\t<\/section>\n\t\n\n\t<section class=\"section\" id=\"section_355268290\">\n\t\t<div class=\"section-bg fill\" >\n\t\t\t\t\t\t\t\t\t\n\t\t\t\n\n\t\t<\/div>\n\n\t\t\n\n\t\t<div class=\"section-content relative\">\n\t\t\t\n<div class=\"row\"  id=\"row-1752652320\">\n\n\t<div id=\"col-937418337\" class=\"col small-12 large-12\"  >\n\t\t\t\t<div class=\"col-inner\"  >\n\t\t\t\n\t\t\t\n<h2><strong>Proyecto destacado: Bora Bora<\/strong><\/h2>\n<p>Nuestro equipo de Underwater Windows realiz\u00f3 un impresionante viaje para llevar a cabo un proyecto muy especial. Partieron desde Schiphol y, tras varias escalas, llegaron a Bora Bora, con un tiempo total de viaje de 35 horas.<\/p>\n<p>Los contenedores con las ventanas para la piscina llegaron a la isla del Pac\u00edfico. La ventana m\u00e1s grande de las diez ten\u00eda unas dimensiones de 7800 x 1700 x 180 mm. Se instalaron varias ventanas, lo que dio forma a un proyecto magn\u00edfico. Desde la vivienda se pod\u00eda contemplar una piscina, a la que se pod\u00eda acceder a trav\u00e9s de una ventana. Tambi\u00e9n se instalaron ventanas en la propia piscina, que ofrecen vistas al hermoso oc\u00e9ano Pac\u00edfico.<\/p>\n<p><strong><em>Este proyecto demuestra que ninguna distancia es demasiado grande y ning\u00fan sue\u00f1o es demasiado grande para hacerse realidad, \u00a1ni siquiera instalar una ventana con vistas a la piscina en medio del oc\u00e9ano Pac\u00edfico!<\/em><\/strong><\/p>\n<div class=\"video video-fit mb\" style=\"padding-top:56.25%;\"><p><iframe loading=\"lazy\" title=\"Proyecto Bora Bora | El resultado\" width=\"1020\" height=\"765\" src=\"https:\/\/www.youtube.com\/embed\/xeZ6m0ed9pQ?feature=oembed\" frameborder=\"0\" allow=\"accelerometer; autoplay; clipboard-write; encrypted-media; gyroscope; picture-in-picture; web-share\" referrerpolicy=\"strict-origin-when-cross-origin\" allowfullscreen><\/iframe><\/p>\n<\/div>\n\t\t<\/div>\n\t\t\t\t\t<\/div>\n\n\t\n<\/div>\n<div class=\"row\"  id=\"row-1869820312\">\n\n\t<div id=\"col-1952276339\" class=\"col medium-12 small-12 large-6\"  >\n\t\t\t\t<div class=\"col-inner\"  >\n\t\t\t\n\t\t\t\n<h2><span style=\"font-size: 75%;\"><strong>Instalaci\u00f3n en todo el mundo, incluso en los lugares m\u00e1s dif\u00edciles<\/strong><\/span><\/h2>\n<p>Underwater Windows creations\u00ae es especialista en la fabricaci\u00f3n e instalaci\u00f3n de ventanas submarinas de alta calidad para piscinas, acuarios y zool\u00f3gicos. En nuestro propio taller en Veldhoven, fabricamos cada ventana totalmente a medida. Nuestros experimentados instaladores colocan estas ventanas en todo el mundo, incluso en los lugares m\u00e1s dif\u00edciles, desde un exclusivo complejo tur\u00edstico en una peque\u00f1a isla de Bora Bora hasta un acuario en lo alto de las monta\u00f1as.<\/p>\n<h2><strong><span style=\"font-size: 75%;\">Servicio integral: desde los materiales hasta las m\u00e1quinas in situ<\/span><\/strong><\/h2>\n<p>Nos encargamos de todo por nuestros clientes. Esto significa que no solo suministramos e instalamos la ventana, sino que tambi\u00e9n proporcionamos todos los materiales y m\u00e1quinas necesarios, como una gr\u00faa en el lugar de instalaci\u00f3n. De este modo, usted tiene la garant\u00eda de una instalaci\u00f3n impecable sin preocupaciones adicionales.<\/p>\n\t\t<\/div>\n\t\t\t\t\n<style>\n#col-1952276339 > .col-inner {\n  padding: 0px 1% 0px 1%;\n}\n@media (min-width:550px) {\n  #col-1952276339 > .col-inner {\n    padding: 0px 2% 0px 2%;\n  }\n}\n@media (min-width:850px) {\n  #col-1952276339 > .col-inner {\n    padding: 0px 0px 20px 0%;\n  }\n}\n<\/style>\n\t<\/div>\n\n\t\n\n\t<div id=\"col-1185219565\" class=\"col medium-12 small-12 large-6\"  >\n\t\t\t\t<div class=\"col-inner\"  >\n\t\t\t\n\t\t\t\n<h2><strong><span style=\"font-size: 75%;\">Calidad probada y certificada para un uso seguro y duradero.<\/span><\/strong><\/h2>\n<p>Todas nuestras ventanas submarinas han sido sometidas a exhaustivas pruebas y certificadas por organismos internos y externos. Son totalmente impermeables, resistentes al cloro y a la sal, y no tienen ning\u00fan efecto negativo sobre la vida org\u00e1nica de los acuarios. De este modo, podr\u00e1 disfrutar de un producto duradero, seguro y sin preocupaciones.<\/p>\n<h2><strong><span style=\"font-size: 75%;\">Especialistas holandeses en el procesamiento de acrilato disponibles en todo el mundo<\/span><\/strong><\/h2>\n<p>Nuestros equipos est\u00e1n formados por especialistas holandeses que pueden trabajar en todo el mundo y est\u00e1n totalmente certificados en la instalaci\u00f3n y el procesamiento de acr\u00edlico. Suministramos ventanas est\u00e1ndar de hasta 7800 mm x 3000 mm. Para tama\u00f1os mayores, podemos pegar las ventanas en nuestro taller hasta 14 metros, o incluso montarlas in situ. Gracias a esta flexibilidad, podemos realizar a la perfecci\u00f3n cualquier proyecto, grande o peque\u00f1o.<\/p>\n<a href=\"https:\/\/underwaterwindows.eu\/es\/contacto\/\" class=\"button primary button-categories\"  >\n\t\t<span>Solicite un presupuesto<\/span>\n\t<\/a>\n\n\t\t<\/div>\n\t\t\t\t\n<style>\n#col-1185219565 > .col-inner {\n  padding: 0px 1% 78px 1%;\n}\n@media (min-width:550px) {\n  #col-1185219565 > .col-inner {\n    padding: 0px 2% 0px 2%;\n  }\n}\n@media (min-width:850px) {\n  #col-1185219565 > .col-inner {\n    padding: 0px 0px 0px 10%;\n  }\n}\n<\/style>\n\t<\/div>\n\n\t\n<\/div>\n\t\t<\/div>\n\n\t\t\n<style>\n#section_355268290 {\n  padding-top: 0px;\n  padding-bottom: 0px;\n}\n@media (min-width:550px) {\n  #section_355268290 {\n    padding-top: 45px;\n    padding-bottom: 45px;\n  }\n}\n<\/style>\n\t<\/section>\n\t\n\n\t<section class=\"section dark\" id=\"section_419935585\">\n\t\t<div class=\"section-bg fill\" >\n\t\t\t<img loading=\"lazy\" decoding=\"async\" width=\"2560\" height=\"1496\" src=\"https:\/\/underwaterwindows.eu\/app\/uploads\/2024\/12\/aquarium2-scaled.jpg\" class=\"bg attachment- size-\" alt=\"\" \/>\t\t\t\t\t\t\n\t\t\t\n\n\t\t<\/div>\n\n\t\t\n\n\t\t<div class=\"section-content relative\">\n\t\t\t\n\t<div id=\"gap-1840305458\" class=\"gap-element clearfix hide-for-small\" style=\"display:block; height:auto;\">\n\t\t\n<style>\n#gap-1840305458 {\n  padding-top: 45px;\n}\n<\/style>\n\t<\/div>\n\t\n\t\t<\/div>\n\n\t\t\n<style>\n#section_419935585 {\n  padding-top: 0px;\n  padding-bottom: 0px;\n  margin-bottom: 0px;\n}\n@media (min-width:550px) {\n  #section_419935585 {\n    padding-top: 65px;\n    padding-bottom: 65px;\n  }\n}\n@media (min-width:850px) {\n  #section_419935585 {\n    padding-top: 30px;\n    padding-bottom: 30px;\n  }\n}\n<\/style>\n\t<\/section>\n\t\n\n\t<section class=\"section\" id=\"section_1117924472\">\n\t\t<div class=\"section-bg fill\" >\n\t\t\t\t\t\t\t\t\t\n\t\t\t\n\n\t\t<\/div>\n\n\t\t\n\n\t\t<div class=\"section-content relative\">\n\t\t\t\n\t\t<\/div>\n\n\t\t\n<style>\n#section_1117924472 {\n  padding-top: 45px;\n  padding-bottom: 45px;\n  margin-bottom: -50px;\n}\n<\/style>\n\t<\/section>","protected":false},"excerpt":{"rendered":"","protected":false},"author":2,"featured_media":0,"parent":0,"menu_order":0,"comment_status":"closed","ping_status":"closed","template":"page-blank.php","meta":{"footnotes":""},"class_list":["post-3648","page","type-page","status-publish","hentry"],"yoast_head":"<!-- This site is optimized with the Yoast SEO plugin v27.0 - https:\/\/yoast.com\/product\/yoast-seo-wordpress\/ -->\n<title>Installatie - Underwaterwindows Installatie onderwater ramen wereldwijd<\/title>\n<meta name=\"description\" content=\"Wij maken en installeren op maat gemaakte onderwater ramen voor zwembaden en aquaria. Wereldwijd en volledig ontzorgd.\" \/>\n<meta name=\"robots\" content=\"index, follow, max-snippet:-1, max-image-preview:large, max-video-preview:-1\" \/>\n<link rel=\"canonical\" href=\"https:\/\/underwaterwindows.eu\/es\/instalacion-de-ventanas-subacuaticas\/\" \/>\n<meta property=\"og:locale\" content=\"es_ES\" \/>\n<meta property=\"og:type\" content=\"article\" \/>\n<meta property=\"og:title\" content=\"Installatie - Underwaterwindows Installatie onderwater ramen wereldwijd\" \/>\n<meta property=\"og:description\" content=\"Wij maken en installeren op maat gemaakte onderwater ramen voor zwembaden en aquaria. Wereldwijd en volledig ontzorgd.\" \/>\n<meta property=\"og:url\" content=\"https:\/\/underwaterwindows.eu\/es\/instalacion-de-ventanas-subacuaticas\/\" \/>\n<meta property=\"og:site_name\" content=\"Underwaterwindows\" \/>\n<meta property=\"article:modified_time\" content=\"2025-10-28T08:49:33+00:00\" \/>\n<meta name=\"twitter:card\" content=\"summary_large_image\" \/>\n<meta name=\"twitter:label1\" content=\"Est. reading time\" \/>\n\t<meta name=\"twitter:data1\" content=\"2 minutos\" \/>\n<script type=\"application\/ld+json\" class=\"yoast-schema-graph\">{\"@context\":\"https:\/\/schema.org\",\"@graph\":[{\"@type\":\"WebPage\",\"@id\":\"https:\/\/underwaterwindows.eu\/installatie-onderwater-ramen\/\",\"url\":\"https:\/\/underwaterwindows.eu\/installatie-onderwater-ramen\/\",\"name\":\"Installatie - Underwaterwindows Installatie onderwater ramen wereldwijd\",\"isPartOf\":{\"@id\":\"https:\/\/underwaterwindows.eu\/#website\"},\"datePublished\":\"2025-08-19T07:47:28+00:00\",\"dateModified\":\"2025-10-28T08:49:33+00:00\",\"description\":\"Wij maken en installeren op maat gemaakte onderwater ramen voor zwembaden en aquaria. Wereldwijd en volledig ontzorgd.\",\"breadcrumb\":{\"@id\":\"https:\/\/underwaterwindows.eu\/installatie-onderwater-ramen\/#breadcrumb\"},\"inLanguage\":\"es\",\"potentialAction\":[{\"@type\":\"ReadAction\",\"target\":[\"https:\/\/underwaterwindows.eu\/installatie-onderwater-ramen\/\"]}]},{\"@type\":\"BreadcrumbList\",\"@id\":\"https:\/\/underwaterwindows.eu\/installatie-onderwater-ramen\/#breadcrumb\",\"itemListElement\":[{\"@type\":\"ListItem\",\"position\":1,\"name\":\"Home\",\"item\":\"https:\/\/underwaterwindows.eu\/\"},{\"@type\":\"ListItem\",\"position\":2,\"name\":\"Installatie\"}]},{\"@type\":\"WebSite\",\"@id\":\"https:\/\/underwaterwindows.eu\/#website\",\"url\":\"https:\/\/underwaterwindows.eu\/\",\"name\":\"Underwaterwindows\",\"description\":\"\",\"potentialAction\":[{\"@type\":\"SearchAction\",\"target\":{\"@type\":\"EntryPoint\",\"urlTemplate\":\"https:\/\/underwaterwindows.eu\/?s={search_term_string}\"},\"query-input\":{\"@type\":\"PropertyValueSpecification\",\"valueRequired\":true,\"valueName\":\"search_term_string\"}}],\"inLanguage\":\"es\"}]}<\/script>\n<!-- \/ Yoast SEO plugin. -->","yoast_head_json":{"title":"Instalaci\u00f3n - Underwaterwindows Instalaci\u00f3n de ventanas subacu\u00e1ticas en todo el mundo","description":"Fabricamos e instalamos ventanas subacu\u00e1ticas a medida para piscinas y acuarios. En todo el mundo y sin preocupaciones.","robots":{"index":"index","follow":"follow","max-snippet":"max-snippet:-1","max-image-preview":"max-image-preview:large","max-video-preview":"max-video-preview:-1"},"canonical":"https:\/\/underwaterwindows.eu\/es\/instalacion-de-ventanas-subacuaticas\/","og_locale":"es_ES","og_type":"article","og_title":"Installatie - Underwaterwindows Installatie onderwater ramen wereldwijd","og_description":"Wij maken en installeren op maat gemaakte onderwater ramen voor zwembaden en aquaria. Wereldwijd en volledig ontzorgd.","og_url":"https:\/\/underwaterwindows.eu\/es\/instalacion-de-ventanas-subacuaticas\/","og_site_name":"Underwaterwindows","article_modified_time":"2025-10-28T08:49:33+00:00","twitter_card":"summary_large_image","twitter_misc":{"Est. reading time":"2 minutos"},"schema":{"@context":"https:\/\/schema.org","@graph":[{"@type":"WebPage","@id":"https:\/\/underwaterwindows.eu\/installatie-onderwater-ramen\/","url":"https:\/\/underwaterwindows.eu\/installatie-onderwater-ramen\/","name":"Instalaci\u00f3n - Underwaterwindows Instalaci\u00f3n de ventanas subacu\u00e1ticas en todo el mundo","isPartOf":{"@id":"https:\/\/underwaterwindows.eu\/#website"},"datePublished":"2025-08-19T07:47:28+00:00","dateModified":"2025-10-28T08:49:33+00:00","description":"Fabricamos e instalamos ventanas subacu\u00e1ticas a medida para piscinas y acuarios. En todo el mundo y sin preocupaciones.","breadcrumb":{"@id":"https:\/\/underwaterwindows.eu\/installatie-onderwater-ramen\/#breadcrumb"},"inLanguage":"es","potentialAction":[{"@type":"ReadAction","target":["https:\/\/underwaterwindows.eu\/installatie-onderwater-ramen\/"]}]},{"@type":"BreadcrumbList","@id":"https:\/\/underwaterwindows.eu\/installatie-onderwater-ramen\/#breadcrumb","itemListElement":[{"@type":"ListItem","position":1,"name":"Home","item":"https:\/\/underwaterwindows.eu\/"},{"@type":"ListItem","position":2,"name":"Installatie"}]},{"@type":"WebSite","@id":"https:\/\/underwaterwindows.eu\/#website","url":"https:\/\/underwaterwindows.eu\/","name":"Ventanas submarinas","description":"","potentialAction":[{"@type":"SearchAction","target":{"@type":"EntryPoint","urlTemplate":"https:\/\/underwaterwindows.eu\/?s={search_term_string}"},"query-input":{"@type":"PropertyValueSpecification","valueRequired":true,"valueName":"search_term_string"}}],"inLanguage":"es"}]}},"_links":{"self":[{"href":"https:\/\/underwaterwindows.eu\/es\/wp-json\/wp\/v2\/pages\/3648","targetHints":{"allow":["GET"]}}],"collection":[{"href":"https:\/\/underwaterwindows.eu\/es\/wp-json\/wp\/v2\/pages"}],"about":[{"href":"https:\/\/underwaterwindows.eu\/es\/wp-json\/wp\/v2\/types\/page"}],"author":[{"embeddable":true,"href":"https:\/\/underwaterwindows.eu\/es\/wp-json\/wp\/v2\/users\/2"}],"replies":[{"embeddable":true,"href":"https:\/\/underwaterwindows.eu\/es\/wp-json\/wp\/v2\/comments?post=3648"}],"version-history":[{"count":6,"href":"https:\/\/underwaterwindows.eu\/es\/wp-json\/wp\/v2\/pages\/3648\/revisions"}],"predecessor-version":[{"id":3695,"href":"https:\/\/underwaterwindows.eu\/es\/wp-json\/wp\/v2\/pages\/3648\/revisions\/3695"}],"wp:attachment":[{"href":"https:\/\/underwaterwindows.eu\/es\/wp-json\/wp\/v2\/media?parent=3648"}],"curies":[{"name":"wp","href":"https:\/\/api.w.org\/{rel}","templated":true}]}}