{"id":2759,"date":"2023-10-12T09:28:29","date_gmt":"2023-10-12T07:28:29","guid":{"rendered":"https:\/\/planoplastics.nl\/?page_id=2759"},"modified":"2024-12-19T11:30:46","modified_gmt":"2024-12-19T10:30:46","slug":"operaciones-alucobond","status":"publish","type":"page","link":"https:\/\/underwaterwindows.eu\/es\/bewerkingen-alucobond\/","title":{"rendered":"Procesos Alucobond"},"content":{"rendered":"<section class=\"section header-section\" id=\"section_995604838\">\n\t\t<div class=\"section-bg fill\" >\n\t\t\t<img loading=\"lazy\" decoding=\"async\" width=\"1559\" height=\"808\" src=\"https:\/\/underwaterwindows.eu\/app\/uploads\/2024\/12\/underwater-windows-header1.jpg\" class=\"bg attachment- size-\" alt=\"\" \/>\t\t\t\t\t\t\n\t\t\t\n\n\t\t<\/div>\n\n\t\t\n\n\t\t<div class=\"section-content relative\">\n\t\t\t\n<div class=\"row\"  id=\"row-2084139650\">\n\n\t<div id=\"col-373925456\" class=\"col small-12 large-12\"  >\n\t\t\t\t<div class=\"col-inner\"  >\n\t\t\t\n\t\t\t\n\t<div id=\"text-1428328743\" class=\"text border-left-white\">\n\t\t\n<h1 style=\"font-weight: 600; font-size: 2.5rem;\">Operaciones<br \/><span style=\"font-weight: 300;\">Alucobond in situ<\/span><\/h1>\n\t\t\n<style>\n#text-1428328743 {\n  font-size: 2.5rem;\n  line-height: 1.2;\n  color: rgb(255, 255, 255);\n}\n#text-1428328743 > * {\n  color: rgb(255, 255, 255);\n}\n<\/style>\n\t<\/div>\n\t\n\t\t<\/div>\n\t\t\t\t\t<\/div>\n\n\t\n<\/div>\n\t\t<\/div>\n\n\t\t\n<style>\n#section_995604838 {\n  padding-top: 30px;\n  padding-bottom: 30px;\n  margin-bottom: 91px;\n}\n#section_995604838 .section-bg img {\n  object-position: 57% 73%;\n}\n<\/style>\n\t<\/section>\n\t\n\n\t<section class=\"section\" id=\"section_606096113\">\n\t\t<div class=\"section-bg fill\" >\n\t\t\t\t\t\t\t\t\t\n\t\t\t\n\n\t\t<\/div>\n\n\t\t\n\n\t\t<div class=\"section-content relative\">\n\t\t\t\n<div class=\"row row-large align-equal\"  id=\"row-2005695805\">\n\n\t<div id=\"col-616027089\" class=\"col flip-card-background1 medium-4 small-12 large-4\"  >\n\t\t\t\t<div class=\"col-inner text-center box-shadow-2\" style=\"background-color:rgb(255,255,255);\" >\n\t\t\t\n\t\t\t\n\t<div class=\"img has-hover x md-x lg-x y md-y lg-y\" id=\"image_1298343261\">\n\t\t\t\t\t\t\t\t<div class=\"img-inner dark\" >\n\t\t\t\t\t\t\t\t\t\n\t\t\t\t\t<\/div>\n\t\t\t\t\t\t\t\t\n<style>\n#image_1298343261 {\n  width: 100%;\n}\n<\/style>\n\t<\/div>\n\t\n\t<div id=\"text-1098613653\" class=\"text flip-card1\">\n\t\t\n<h2 class=\"uppercase\">Ajustar el tama\u00f1o.<\/h2>\n<p>Para sus grandes proyectos, es m\u00e1s f\u00e1cil encargar las placas a medida a Plano Plastics. Estas pueden incluir cortes en V para doblarlas in situ. Pero si se encuentra in situ y desea modificar un formato, puede hacerlo con las herramientas que se indican a continuaci\u00f3n. <span style=\"color: #009ddb;\"><a style=\"color: #009ddb;\" href=\"https:\/\/underwaterwindows.eu\/es\/app\/uploads\/2023\/10\/Festool-NL.pdf\/\">Festool ES<\/a> <a style=\"color: #009ddb;\" href=\"https:\/\/underwaterwindows.eu\/es\/app\/uploads\/2023\/10\/mafell-NL.pdf\/\">mafell ES<\/a> <a style=\"color: #009ddb;\" href=\"https:\/\/underwaterwindows.eu\/es\/app\/uploads\/2023\/10\/makita-NL.pdf\/\">makita ES<\/a> CMT <a style=\"color: #009ddb;\" href=\"https:\/\/underwaterwindows.eu\/es\/app\/uploads\/2023\/10\/cmt_90.pdf\/\">herramientas naranjas<\/a><\/span><\/p>\n\t\t\n<style>\n#text-1098613653 {\n  text-align: left;\n}\n<\/style>\n\t<\/div>\n\t\n<div class=\"video-button-wrapper\" ><a href=\"https:\/\/www.youtube.com\/watch?v=5897KzYDxxk\" class=\"button open-video icon circle is-outline is-xlarge\"><i class=\"icon-play\" style=\"font-size:1.5em;\" ><\/i><\/a><\/div>\n\t\t<\/div>\n\t\t\t\t\n<style>\n#col-616027089 > .col-inner {\n  padding: 0px 0px 0px 0px;\n}\n<\/style>\n\t<\/div>\n\n\t\n\n\t<div id=\"col-2002796827\" class=\"col flip-card-background2 medium-4 small-12 large-4\"  >\n\t\t\t\t<div class=\"col-inner text-center box-shadow-2\" style=\"background-color:rgb(250, 250, 250);\" >\n\t\t\t\n\t\t\t\n\t<div class=\"img has-hover x md-x lg-x y md-y lg-y\" id=\"image_139864853\">\n\t\t\t\t\t\t\t\t<div class=\"img-inner dark\" >\n\t\t\t\t\t\t\t\t\t\n\t\t\t\t\t<\/div>\n\t\t\t\t\t\t\t\t\n<style>\n#image_139864853 {\n  width: 100%;\n}\n<\/style>\n\t<\/div>\n\t\n\t<div id=\"text-2362889192\" class=\"text flip-card2\">\n\t\t\n<h2 class=\"uppercase\">doblar esquina<\/h2>\n<p>Para sus proyectos de gran envergadura, es m\u00e1s f\u00e1cil encargar las placas a medida a Plano Plastics. Estas pueden incluir cortes en V para doblarlas in situ. Sin embargo, si se encuentra in situ y desea modificar un formato o doblar una placa, puede hacerlo con las herramientas que se indican a continuaci\u00f3n. <span style=\"color: #009ddb;\"><a style=\"color: #009ddb;\" href=\"https:\/\/underwaterwindows.eu\/es\/app\/uploads\/2023\/10\/Festool-NL.pdf\/\">Festool ES<\/a> <a style=\"color: #009ddb;\" href=\"https:\/\/underwaterwindows.eu\/es\/app\/uploads\/2023\/10\/mafell-NL.pdf\/\">mafell ES<\/a> <a style=\"color: #009ddb;\" href=\"https:\/\/underwaterwindows.eu\/es\/app\/uploads\/2023\/10\/makita-NL.pdf\/\">makita ES<\/a> CMT <a style=\"color: #009ddb;\" href=\"https:\/\/underwaterwindows.eu\/es\/app\/uploads\/2023\/10\/cmt_90.pdf\/\">herramientas naranjas<\/a><\/span><\/p>\n\t\t\n<style>\n#text-2362889192 {\n  text-align: left;\n}\n<\/style>\n\t<\/div>\n\t\n<div class=\"video-button-wrapper\" ><a href=\"https:\/\/www.youtube.com\/watch?v=8Qm-a6O5vjA\" class=\"button open-video icon circle is-outline is-xlarge\"><i class=\"icon-play\" style=\"font-size:1.5em;\" ><\/i><\/a><\/div>\n\t\t<\/div>\n\t\t\t\t\n<style>\n#col-2002796827 > .col-inner {\n  padding: 0px 0px 0px 0px;\n}\n<\/style>\n\t<\/div>\n\n\t\n\n\t<div id=\"col-308004268\" class=\"col flip-card-background3 medium-4 small-12 large-4\"  >\n\t\t\t\t<div class=\"col-inner text-center box-shadow-2\" style=\"background-color:rgb(250, 250, 250);\" >\n\t\t\t\n\t\t\t\n\t<div class=\"img has-hover x md-x lg-x y md-y lg-y\" id=\"image_1765553665\">\n\t\t\t\t\t\t\t\t<div class=\"img-inner dark\" >\n\t\t\t\t\t\t\t\t\t\n\t\t\t\t\t<\/div>\n\t\t\t\t\t\t\t\t\n<style>\n#image_1765553665 {\n  width: 100%;\n}\n<\/style>\n\t<\/div>\n\t\n\t<div id=\"text-446867075\" class=\"text flip-card3\">\n\t\t\n<h2 class=\"uppercase\">Crear esquina contigua<\/h2>\n<p>Para sus grandes proyectos, es m\u00e1s f\u00e1cil encargar las placas a medida a Plano Plastics. Estas pueden incluir cortes en V para doblarlas in situ. Pero si se encuentra in situ y desea crear una esquina contigua con un panel Alucobond, puede hacerlo con las herramientas que se indican a continuaci\u00f3n. <span style=\"color: #009ddb;\"><a style=\"color: #009ddb;\" href=\"https:\/\/underwaterwindows.eu\/es\/app\/uploads\/2023\/10\/Festool-NL.pdf\/\">Festool ES<\/a> <a style=\"color: #009ddb;\" href=\"https:\/\/underwaterwindows.eu\/es\/app\/uploads\/2023\/10\/mafell-NL.pdf\/\">mafell ES<\/a> <a style=\"color: #009ddb;\" href=\"https:\/\/underwaterwindows.eu\/es\/app\/uploads\/2023\/10\/makita-NL.pdf\/\">makita ES<\/a> CMT <a style=\"color: #009ddb;\" href=\"https:\/\/underwaterwindows.eu\/es\/app\/uploads\/2023\/10\/cmt_90.pdf\/\">herramientas naranjas<\/a><\/span><\/p>\n\t\t\n<style>\n#text-446867075 {\n  text-align: left;\n}\n<\/style>\n\t<\/div>\n\t\n<div class=\"video-button-wrapper\" ><a href=\"https:\/\/www.youtube.com\/watch?v=ZdrSiLTbrN8\" class=\"button open-video icon circle is-outline is-xlarge\"><i class=\"icon-play\" style=\"font-size:1.5em;\" ><\/i><\/a><\/div>\n\t\t<\/div>\n\t\t\t\t\n<style>\n#col-308004268 > .col-inner {\n  padding: 0px 0px 0px 0px;\n}\n<\/style>\n\t<\/div>\n\n\t\n<\/div>\n\t<div id=\"gap-2141691482\" class=\"gap-element clearfix\" style=\"display:block; height:auto;\">\n\t\t\n<style>\n#gap-2141691482 {\n  padding-top: 59px;\n}\n<\/style>\n\t<\/div>\n\t\n\t\t<\/div>\n\n\t\t\n<style>\n#section_606096113 {\n  padding-top: 0px;\n  padding-bottom: 0px;\n}\n<\/style>\n\t<\/section>","protected":false},"excerpt":{"rendered":"","protected":false},"author":2,"featured_media":0,"parent":0,"menu_order":0,"comment_status":"closed","ping_status":"closed","template":"page-blank.php","meta":{"footnotes":""},"class_list":["post-2759","page","type-page","status-publish","hentry"],"yoast_head":"<!-- This site is optimized with the Yoast SEO plugin v27.0 - https:\/\/yoast.com\/product\/yoast-seo-wordpress\/ -->\n<title>Bewerkingen Alucobond - Underwaterwindows<\/title>\n<meta name=\"description\" content=\"Frezen, polijsten, zagen, buigen, laser snijden, assembleren en printen. Plano Plastics heeft alle bewerkingen onder 1 dak. Van idee tot uitvoering.\" \/>\n<meta name=\"robots\" content=\"index, follow, max-snippet:-1, max-image-preview:large, max-video-preview:-1\" \/>\n<link rel=\"canonical\" href=\"https:\/\/underwaterwindows.eu\/es\/operaciones-alucobond\/\" \/>\n<meta property=\"og:locale\" content=\"es_ES\" \/>\n<meta property=\"og:type\" content=\"article\" \/>\n<meta property=\"og:title\" content=\"Bewerkingen Alucobond - Underwaterwindows\" \/>\n<meta property=\"og:description\" content=\"Frezen, polijsten, zagen, buigen, laser snijden, assembleren en printen. Plano Plastics heeft alle bewerkingen onder 1 dak. Van idee tot uitvoering.\" \/>\n<meta property=\"og:url\" content=\"https:\/\/underwaterwindows.eu\/es\/operaciones-alucobond\/\" \/>\n<meta property=\"og:site_name\" content=\"Underwaterwindows\" \/>\n<meta property=\"article:modified_time\" content=\"2024-12-19T10:30:46+00:00\" \/>\n<meta name=\"twitter:card\" content=\"summary_large_image\" \/>\n<meta name=\"twitter:label1\" content=\"Est. reading time\" \/>\n\t<meta name=\"twitter:data1\" content=\"2 minutos\" \/>\n<script type=\"application\/ld+json\" class=\"yoast-schema-graph\">{\"@context\":\"https:\/\/schema.org\",\"@graph\":[{\"@type\":\"WebPage\",\"@id\":\"https:\/\/underwaterwindows.eu\/bewerkingen-alucobond\/\",\"url\":\"https:\/\/underwaterwindows.eu\/bewerkingen-alucobond\/\",\"name\":\"Bewerkingen Alucobond - Underwaterwindows\",\"isPartOf\":{\"@id\":\"https:\/\/underwaterwindows.eu\/#website\"},\"datePublished\":\"2023-10-12T07:28:29+00:00\",\"dateModified\":\"2024-12-19T10:30:46+00:00\",\"description\":\"Frezen, polijsten, zagen, buigen, laser snijden, assembleren en printen. Plano Plastics heeft alle bewerkingen onder 1 dak. Van idee tot uitvoering.\",\"breadcrumb\":{\"@id\":\"https:\/\/underwaterwindows.eu\/bewerkingen-alucobond\/#breadcrumb\"},\"inLanguage\":\"es\",\"potentialAction\":[{\"@type\":\"ReadAction\",\"target\":[\"https:\/\/underwaterwindows.eu\/bewerkingen-alucobond\/\"]}]},{\"@type\":\"BreadcrumbList\",\"@id\":\"https:\/\/underwaterwindows.eu\/bewerkingen-alucobond\/#breadcrumb\",\"itemListElement\":[{\"@type\":\"ListItem\",\"position\":1,\"name\":\"Home\",\"item\":\"https:\/\/underwaterwindows.eu\/\"},{\"@type\":\"ListItem\",\"position\":2,\"name\":\"Bewerkingen Alucobond\"}]},{\"@type\":\"WebSite\",\"@id\":\"https:\/\/underwaterwindows.eu\/#website\",\"url\":\"https:\/\/underwaterwindows.eu\/\",\"name\":\"Underwaterwindows\",\"description\":\"\",\"potentialAction\":[{\"@type\":\"SearchAction\",\"target\":{\"@type\":\"EntryPoint\",\"urlTemplate\":\"https:\/\/underwaterwindows.eu\/?s={search_term_string}\"},\"query-input\":{\"@type\":\"PropertyValueSpecification\",\"valueRequired\":true,\"valueName\":\"search_term_string\"}}],\"inLanguage\":\"es\"}]}<\/script>\n<!-- \/ Yoast SEO plugin. -->","yoast_head_json":{"title":"Procesos Alucobond - Underwaterwindows","description":"Fresado, pulido, corte, doblado, corte por l\u00e1ser, montaje e impresi\u00f3n. Plano Plastics ofrece todos los procesos bajo un mismo techo. Desde la idea hasta la ejecuci\u00f3n.","robots":{"index":"index","follow":"follow","max-snippet":"max-snippet:-1","max-image-preview":"max-image-preview:large","max-video-preview":"max-video-preview:-1"},"canonical":"https:\/\/underwaterwindows.eu\/es\/operaciones-alucobond\/","og_locale":"es_ES","og_type":"article","og_title":"Bewerkingen Alucobond - Underwaterwindows","og_description":"Frezen, polijsten, zagen, buigen, laser snijden, assembleren en printen. Plano Plastics heeft alle bewerkingen onder 1 dak. Van idee tot uitvoering.","og_url":"https:\/\/underwaterwindows.eu\/es\/operaciones-alucobond\/","og_site_name":"Underwaterwindows","article_modified_time":"2024-12-19T10:30:46+00:00","twitter_card":"summary_large_image","twitter_misc":{"Est. reading time":"2 minutos"},"schema":{"@context":"https:\/\/schema.org","@graph":[{"@type":"WebPage","@id":"https:\/\/underwaterwindows.eu\/bewerkingen-alucobond\/","url":"https:\/\/underwaterwindows.eu\/bewerkingen-alucobond\/","name":"Procesos Alucobond - Underwaterwindows","isPartOf":{"@id":"https:\/\/underwaterwindows.eu\/#website"},"datePublished":"2023-10-12T07:28:29+00:00","dateModified":"2024-12-19T10:30:46+00:00","description":"Fresado, pulido, corte, doblado, corte por l\u00e1ser, montaje e impresi\u00f3n. Plano Plastics ofrece todos los procesos bajo un mismo techo. Desde la idea hasta la ejecuci\u00f3n.","breadcrumb":{"@id":"https:\/\/underwaterwindows.eu\/bewerkingen-alucobond\/#breadcrumb"},"inLanguage":"es","potentialAction":[{"@type":"ReadAction","target":["https:\/\/underwaterwindows.eu\/bewerkingen-alucobond\/"]}]},{"@type":"BreadcrumbList","@id":"https:\/\/underwaterwindows.eu\/bewerkingen-alucobond\/#breadcrumb","itemListElement":[{"@type":"ListItem","position":1,"name":"Home","item":"https:\/\/underwaterwindows.eu\/"},{"@type":"ListItem","position":2,"name":"Bewerkingen Alucobond"}]},{"@type":"WebSite","@id":"https:\/\/underwaterwindows.eu\/#website","url":"https:\/\/underwaterwindows.eu\/","name":"Ventanas submarinas","description":"","potentialAction":[{"@type":"SearchAction","target":{"@type":"EntryPoint","urlTemplate":"https:\/\/underwaterwindows.eu\/?s={search_term_string}"},"query-input":{"@type":"PropertyValueSpecification","valueRequired":true,"valueName":"search_term_string"}}],"inLanguage":"es"}]}},"_links":{"self":[{"href":"https:\/\/underwaterwindows.eu\/es\/wp-json\/wp\/v2\/pages\/2759","targetHints":{"allow":["GET"]}}],"collection":[{"href":"https:\/\/underwaterwindows.eu\/es\/wp-json\/wp\/v2\/pages"}],"about":[{"href":"https:\/\/underwaterwindows.eu\/es\/wp-json\/wp\/v2\/types\/page"}],"author":[{"embeddable":true,"href":"https:\/\/underwaterwindows.eu\/es\/wp-json\/wp\/v2\/users\/2"}],"replies":[{"embeddable":true,"href":"https:\/\/underwaterwindows.eu\/es\/wp-json\/wp\/v2\/comments?post=2759"}],"version-history":[{"count":22,"href":"https:\/\/underwaterwindows.eu\/es\/wp-json\/wp\/v2\/pages\/2759\/revisions"}],"predecessor-version":[{"id":3522,"href":"https:\/\/underwaterwindows.eu\/es\/wp-json\/wp\/v2\/pages\/2759\/revisions\/3522"}],"wp:attachment":[{"href":"https:\/\/underwaterwindows.eu\/es\/wp-json\/wp\/v2\/media?parent=2759"}],"curies":[{"name":"wp","href":"https:\/\/api.w.org\/{rel}","templated":true}]}}