{"id":2181,"date":"2022-12-08T16:29:45","date_gmt":"2022-12-08T15:29:45","guid":{"rendered":"https:\/\/planoplastics.nl\/?page_id=2181"},"modified":"2024-08-05T15:26:15","modified_gmt":"2024-08-05T13:26:15","slug":"faq","status":"publish","type":"page","link":"https:\/\/underwaterwindows.eu\/es\/faq\/","title":{"rendered":"Preguntas frecuentes"},"content":{"rendered":"<section class=\"section header-section\" id=\"section_2088432679\">\n\t\t<div class=\"section-bg fill\" >\n\t\t\t\t\t\t\t\t\t\n\t\t\t\n\n\t\t<\/div>\n\n\t\t\n\n\t\t<div class=\"section-content relative\">\n\t\t\t\n<div class=\"row\"  id=\"row-1844971046\">\n\n\t<div id=\"col-1033387623\" class=\"col small-12 large-12\"  >\n\t\t\t\t<div class=\"col-inner\"  >\n\t\t\t\n\t\t\t\n\t<div id=\"text-1232994733\" class=\"text border-left-white\">\n\t\t\n<p><span style=\"font-weight: 600;\">Preguntas frecuentes<\/span><span style=\"font-weight: 300;\">Plano Plastics<\/span><\/p>\n\t\t\n<style>\n#text-1232994733 {\n  font-size: 2.5rem;\n  line-height: 1.2;\n  color: rgb(255, 255, 255);\n}\n#text-1232994733 > * {\n  color: rgb(255, 255, 255);\n}\n<\/style>\n\t<\/div>\n\t\n\t\t<\/div>\n\t\t\t\t\n<style>\n#col-1033387623 > .col-inner {\n  padding: 0px 0px 0px 3%;\n}\n@media (min-width:850px) {\n  #col-1033387623 > .col-inner {\n    padding: 0px 0px 0px 0;\n  }\n}\n<\/style>\n\t<\/div>\n\n\t\n<\/div>\n\t\t<\/div>\n\n\t\t\n<style>\n#section_2088432679 {\n  padding-top: 30px;\n  padding-bottom: 30px;\n  margin-bottom: 91px;\n}\n<\/style>\n\t<\/section>\n\t\n\n\t<section class=\"section\" id=\"section_478023462\">\n\t\t<div class=\"section-bg fill\" >\n\t\t\t\t\t\t\t\t\t\n\t\t\t\n\n\t\t<\/div>\n\n\t\t\n\n\t\t<div class=\"section-content relative\">\n\t\t\t\n<div class=\"row\"  id=\"row-1240341561\">\n\n\t<div id=\"col-360950021\" class=\"col medium-7 small-12 large-12\"  >\n\t\t\t\t<div class=\"col-inner\"  >\n\t\t\t\n\t\t\t\n<p style=\"font-weight: 400;\">\u00a1Bienvenido a nuestro sitio web! Aqu\u00ed encontrar\u00e1 respuestas a las preguntas m\u00e1s frecuentes. Si tiene alguna otra pregunta, no dude en ponerse en contacto con nosotros a trav\u00e9s de <a href=\"mailto:info@planoplastics.nl\">info@planoplastics.nl<\/a><\/p>\n<div class=\"accordion\">\n\t<div id=\"accordion-1375943728\" class=\"accordion-item\">\n\t\t<a id=\"accordion-1375943728-label\" class=\"accordion-title plain\" href=\"#accordion-item-wat-zijn-de-openingstijden?\" aria-expanded=\"false\" aria-controls=\"accordion-1375943728-content\" >\n\t\t\t<button class=\"toggle\" aria-label=\"Toggle\"><i class=\"icon-angle-down\"><\/i><\/button>\n\t\t\t<span>\u00bfCu\u00e1l es el horario de apertura?<\/span>\n\t\t<\/a>\n\t\t<div id=\"accordion-1375943728-content\" class=\"accordion-inner\" aria-labelledby=\"accordion-1375943728-label\" >\n\t\t\t\n<p style=\"font-weight: 400;\">Nuestro horario de apertura es de lunes a viernes. <br \/>Oficina:   8:30 \u2013 17:30<br \/>Expedici\u00f3n: 7:30 \u2013 16:30<br \/>Estamos cerrados los fines de semana y los d\u00edas festivos.<\/p>\n\t\t<\/div>\n\t<\/div>\n\t\n\t<div id=\"accordion-60143101\" class=\"accordion-item\">\n\t\t<a id=\"accordion-60143101-label\" class=\"accordion-title plain\" href=\"#accordion-item-hoe-kan-ik-een-offerte-aanvragen-of-een-bestelling-plaatsen?\" aria-expanded=\"false\" aria-controls=\"accordion-60143101-content\" >\n\t\t\t<button class=\"toggle\" aria-label=\"Toggle\"><i class=\"icon-angle-down\"><\/i><\/button>\n\t\t\t<span>\u00bfC\u00f3mo puedo solicitar un presupuesto o realizar un pedido?<\/span>\n\t\t<\/a>\n\t\t<div id=\"accordion-60143101-content\" class=\"accordion-inner\" aria-labelledby=\"accordion-60143101-label\" >\n\t\t\t\n<p style=\"font-weight: 400;\">Para realizar un pedido, p\u00f3ngase en contacto con nosotros a trav\u00e9s de <a href=\"mailto:info@planoplastics.nl\">info@planoplastics.nl<\/a>\u00a0 Env\u00edenos un correo electr\u00f3nico con una descripci\u00f3n clara de su encargo y, a ser posible, un plano detallado. Una vez recibido su correo, le enviaremos lo antes posible un presupuesto, una confirmaci\u00f3n del encargo o, si tenemos alguna pregunta, le llamaremos por tel\u00e9fono.<\/p>\n\t\t<\/div>\n\t<\/div>\n\t\n\t<div id=\"accordion-4084811523\" class=\"accordion-item\">\n\t\t<a id=\"accordion-4084811523-label\" class=\"accordion-title plain\" href=\"#accordion-item-kan-ik-als-particulier-ook-bestellen?\" aria-expanded=\"false\" aria-controls=\"accordion-4084811523-content\" >\n\t\t\t<button class=\"toggle\" aria-label=\"Toggle\"><i class=\"icon-angle-down\"><\/i><\/button>\n\t\t\t<span>\u00bfPuedo hacer un pedido como particular?<\/span>\n\t\t<\/a>\n\t\t<div id=\"accordion-4084811523-content\" class=\"accordion-inner\" aria-labelledby=\"accordion-4084811523-label\" >\n\t\t\t\n<p style=\"font-weight: 400;\">No, solo vendemos a clientes empresariales. Somos un mayorista y procesador para usuarios profesionales y empresariales.<\/p>\n\t\t<\/div>\n\t<\/div>\n\t\n\t<div id=\"accordion-264472520\" class=\"accordion-item\">\n\t\t<a id=\"accordion-264472520-label\" class=\"accordion-title plain\" href =\"\" aria-expanded=\"false\" aria-controls=\"accordion-264472520-content\" >\n\t\t\t<button class=\"toggle\" aria-label=\"Toggle\"><i class=\"icon-angle-down\"><\/i><\/button>\n\t\t\t<span>\u00bfC\u00f3mo entrego los archivos?<\/span>\n\t\t<\/a>\n\t\t<div id=\"accordion-264472520-content\" class=\"accordion-inner\" aria-labelledby=\"accordion-264472520-label\" >\n\t\t\t\n<p>Descargue aqu\u00ed el <span style=\"color: #00aae7;\"><a style=\"color: #00aae7;\" href=\"https:\/\/underwaterwindows.eu\/es\/app\/uploads\/2022\/05\/Aanleverspecificaties-Plano.pdf\/\">Especificaciones de entrega Plano<\/a><\/span><\/p>\n\t\t<\/div>\n\t<\/div>\n\t\n\t<div id=\"accordion-799565552\" class=\"accordion-item\">\n\t\t<a id=\"accordion-799565552-label\" class=\"accordion-title plain\" href=\"#accordion-item-kan-ik-samples-bestellen-van-jullie-materialen?\" aria-expanded=\"false\" aria-controls=\"accordion-799565552-content\" >\n\t\t\t<button class=\"toggle\" aria-label=\"Toggle\"><i class=\"icon-angle-down\"><\/i><\/button>\n\t\t\t<span>\u00bfPuedo pedir muestras de sus materiales?<\/span>\n\t\t<\/a>\n\t\t<div id=\"accordion-799565552-content\" class=\"accordion-inner\" aria-labelledby=\"accordion-799565552-label\" >\n\t\t\t\n<p>Puede solicitar muestras de Alucobond y fieltro ac\u00fastico a trav\u00e9s de la tienda de muestras. \u00bfDesea recibir muestras de otro material? P\u00f3ngase en contacto con nosotros a trav\u00e9s de <a href=\"mailto:info@planoplastics.nl\">info@planoplastics.nl<\/a><\/p>\n\t\t<\/div>\n\t<\/div>\n\t\n\t<div id=\"accordion-3268136315\" class=\"accordion-item\">\n\t\t<a id=\"accordion-3268136315-label\" class=\"accordion-title plain\" href=\"#accordion-item-wat-is-de-minimale-orderwaarde?\" aria-expanded=\"false\" aria-controls=\"accordion-3268136315-content\" >\n\t\t\t<button class=\"toggle\" aria-label=\"Toggle\"><i class=\"icon-angle-down\"><\/i><\/button>\n\t\t\t<span>\u00bfCu\u00e1l es el valor m\u00ednimo del pedido?<\/span>\n\t\t<\/a>\n\t\t<div id=\"accordion-3268136315-content\" class=\"accordion-inner\" aria-labelledby=\"accordion-3268136315-label\" >\n\t\t\t\n<p style=\"font-weight: 400;\">Aplicamos un valor m\u00ednimo de pedido de 250 \u20ac  , salvo en el caso de los pedidos de muestras (sin incluir el IVA ni los gastos de env\u00edo).<\/p>\n\t\t<\/div>\n\t<\/div>\n\t\n\t<div id=\"accordion-3168562085\" class=\"accordion-item\">\n\t\t<a id=\"accordion-3168562085-label\" class=\"accordion-title plain\" href=\"#accordion-item-krijg-ik-een-factuur-van-mijn-bestelling?\" aria-expanded=\"false\" aria-controls=\"accordion-3168562085-content\" >\n\t\t\t<button class=\"toggle\" aria-label=\"Toggle\"><i class=\"icon-angle-down\"><\/i><\/button>\n\t\t\t<span>\u00bfRecibir\u00e9 una factura de mi pedido?<\/span>\n\t\t<\/a>\n\t\t<div id=\"accordion-3168562085-content\" class=\"accordion-inner\" aria-labelledby=\"accordion-3168562085-label\" >\n\t\t\t\n<p style=\"font-weight: 400;\">S\u00ed, recibir\u00e1 la factura en su buz\u00f3n de correo electr\u00f3nico tras la entrega del pedido.<\/p>\n\t\t<\/div>\n\t<\/div>\n\t\n\t<div id=\"accordion-854128899\" class=\"accordion-item\">\n\t\t<a id=\"accordion-854128899-label\" class=\"accordion-title plain\" href=\"#accordion-item-wat-zijn-de-verzendkosten?\" aria-expanded=\"false\" aria-controls=\"accordion-854128899-content\" >\n\t\t\t<button class=\"toggle\" aria-label=\"Toggle\"><i class=\"icon-angle-down\"><\/i><\/button>\n\t\t\t<span>\u00bfCu\u00e1les son los gastos de env\u00edo?<\/span>\n\t\t<\/a>\n\t\t<div id=\"accordion-854128899-content\" class=\"accordion-inner\" aria-labelledby=\"accordion-854128899-label\" >\n\t\t\t\n<p style=\"font-weight: 400;\">Los gastos de env\u00edo var\u00edan en funci\u00f3n del peso, las dimensiones y el destino del paquete. Estos se indican en el presupuesto.<\/p>\n<p style=\"font-weight: 400;\">Utilizamos varios transportistas, incluidos nuestros propios conductores. El m\u00e9todo de env\u00edo depende del tama\u00f1o y el peso del material, consulte la explicaci\u00f3n a continuaci\u00f3n. Los gastos de env\u00edo siempre se indican en el presupuesto.<\/p>\n<ul>\n<li style=\"font-weight: 400;\">Muestras: si solo pides muestras, siempre se aplican gastos de env\u00edo fijos.\u2028<\/li>\n<li style=\"font-weight: 400;\">Paquetes: cuando realizas un pedido con material de gran tama\u00f1o, el m\u00e9todo de env\u00edo depende del peso y las dimensiones del paquete que se va a enviar. Los paquetes siempre pesan menos de 30 kilos.<\/li>\n<li style=\"font-weight: 400;\">Pal\u00e9s: todos los pedidos que no entren en las categor\u00edas anteriores se enviar\u00e1n en un pal\u00e9. Esto significa que el pedido tiene un tama\u00f1o superior a 1,5 m\u00b2 o un peso superior a 30 kg.<\/li>\n<\/ul>\n<p style=\"font-weight: 400;\">Nuestros propios conductores tienen una ruta fija en una parte de los Pa\u00edses Bajos y B\u00e9lgica. Si su paquete o pal\u00e9 debe entregarse en esta zona, lo llevar\u00e1n nuestros conductores; de lo contrario, lo enviaremos con un servicio de mensajer\u00eda.<\/p>\n\t\t<\/div>\n\t<\/div>\n\t\n\t<div id=\"accordion-3233304553\" class=\"accordion-item\">\n\t\t<a id=\"accordion-3233304553-label\" class=\"accordion-title plain\" href=\"#accordion-item-welke-vervoerder-bezorgt-mijn-bestelling?\" aria-expanded=\"false\" aria-controls=\"accordion-3233304553-content\" >\n\t\t\t<button class=\"toggle\" aria-label=\"Toggle\"><i class=\"icon-angle-down\"><\/i><\/button>\n\t\t\t<span>\u00bfQu\u00e9 transportista entregar\u00e1 mi pedido?<\/span>\n\t\t<\/a>\n\t\t<div id=\"accordion-3233304553-content\" class=\"accordion-inner\" aria-labelledby=\"accordion-3233304553-label\" >\n\t\t\t\n<p style=\"font-weight: 400;\">Trabajamos con diferentes transportistas que cumplen con los requisitos de calidad adecuados. Entre ellos se encuentran PostNL y TNT, pero tambi\u00e9n contamos con nuestros propios camiones.<\/p>\n\t\t<\/div>\n\t<\/div>\n\t\n\t<div id=\"accordion-944554233\" class=\"accordion-item\">\n\t\t<a id=\"accordion-944554233-label\" class=\"accordion-title plain\" href=\"#accordion-item-wat-is-de-levertijd-van-mijn-bestelling?\" aria-expanded=\"false\" aria-controls=\"accordion-944554233-content\" >\n\t\t\t<button class=\"toggle\" aria-label=\"Toggle\"><i class=\"icon-angle-down\"><\/i><\/button>\n\t\t\t<span>\u00bfCu\u00e1l es el plazo de entrega de mi pedido?<\/span>\n\t\t<\/a>\n\t\t<div id=\"accordion-944554233-content\" class=\"accordion-inner\" aria-labelledby=\"accordion-944554233-label\" >\n\t\t\t\n<p style=\"font-weight: 400;\">El plazo de entrega depende del procesamiento y la tirada del pedido. Para m\u00e1s informaci\u00f3n, ll\u00e1menos al +31 (0)40 251 00 10.<\/p>\n\t\t<\/div>\n\t<\/div>\n\t\n\t<div id=\"accordion-1569849150\" class=\"accordion-item\">\n\t\t<a id=\"accordion-1569849150-label\" class=\"accordion-title plain\" href=\"#accordion-item-kan-ik-mijn-bestelling-volgen?\" aria-expanded=\"false\" aria-controls=\"accordion-1569849150-content\" >\n\t\t\t<button class=\"toggle\" aria-label=\"Toggle\"><i class=\"icon-angle-down\"><\/i><\/button>\n\t\t\t<span>\u00bfPuedo realizar el seguimiento de mi pedido?<\/span>\n\t\t<\/a>\n\t\t<div id=\"accordion-1569849150-content\" class=\"accordion-inner\" aria-labelledby=\"accordion-1569849150-label\" >\n\t\t\t\n<p style=\"font-weight: 400;\">Solo cuando enviamos con PostNL o TNT, recibir\u00e1 un correo electr\u00f3nico con el c\u00f3digo Track &amp; Trace tan pronto como se env\u00ede el pedido. Con este c\u00f3digo Track &amp; Trace puede seguir el pedido.<\/p>\n<p style=\"font-weight: 400;\">Si su paquete se env\u00eda con Plano Transport, no podr\u00e1 realizar su seguimiento. En la confirmaci\u00f3n de su pedido se indica la fecha de entrega acordada. Puede dar por hecho que recibir\u00e1 su paquete en esa fecha. Si se produjera alg\u00fan retraso, se le notificar\u00e1.<\/p>\n\t\t<\/div>\n\t<\/div>\n\t\n\t<div id=\"accordion-1061198791\" class=\"accordion-item\">\n\t\t<a id=\"accordion-1061198791-label\" class=\"accordion-title plain\" href=\"#accordion-item-kan-ik-mijn-bestelling-afhalen?\" aria-expanded=\"false\" aria-controls=\"accordion-1061198791-content\" >\n\t\t\t<button class=\"toggle\" aria-label=\"Toggle\"><i class=\"icon-angle-down\"><\/i><\/button>\n\t\t\t<span>\u00bfPuedo recoger mi pedido?<\/span>\n\t\t<\/a>\n\t\t<div id=\"accordion-1061198791-content\" class=\"accordion-inner\" aria-labelledby=\"accordion-1061198791-label\" >\n\t\t\t\n<p style=\"font-weight: 400;\">Cuando acuerde recoger su pedido y este est\u00e9 listo, recibir\u00e1 un correo electr\u00f3nico. Podr\u00e1 recoger su pedido en nuestro departamento de env\u00edos a trav\u00e9s de la PUERTA 2.<\/p>\n\t\t<\/div>\n\t<\/div>\n\t\n\t<div id=\"accordion-1349354218\" class=\"accordion-item\">\n\t\t<a id=\"accordion-1349354218-label\" class=\"accordion-title plain\" href=\"#accordion-item-mijn-bestelling-is-nog-niet-geleverd,-wanneer-kan-ik-de-bestelling-verwachten?\" aria-expanded=\"false\" aria-controls=\"accordion-1349354218-content\" >\n\t\t\t<button class=\"toggle\" aria-label=\"Toggle\"><i class=\"icon-angle-down\"><\/i><\/button>\n\t\t\t<span>Mi pedido a\u00fan no ha sido entregado, \u00bfcu\u00e1ndo puedo esperarlo?<\/span>\n\t\t<\/a>\n\t\t<div id=\"accordion-1349354218-content\" class=\"accordion-inner\" aria-labelledby=\"accordion-1349354218-label\" >\n\t\t\t\n<p style=\"font-weight: 400;\">Es posible que tu env\u00edo haya sufrido un retraso con nuestro transportista. Si tienes alguna pregunta sobre la entrega de tu pedido, puedes ponerte en contacto con nuestro equipo de log\u00edstica (marca el n\u00famero 4 en nuestro men\u00fa de opciones) o con tu persona de contacto en nuestro departamento de ventas.<\/p>\n\t\t<\/div>\n\t<\/div>\n\t\n\t<div id=\"accordion-2418217756\" class=\"accordion-item\">\n\t\t<a id=\"accordion-2418217756-label\" class=\"accordion-title plain\" href=\"#accordion-item-accepteren-jullie-retourzendingen?\" aria-expanded=\"false\" aria-controls=\"accordion-2418217756-content\" >\n\t\t\t<button class=\"toggle\" aria-label=\"Toggle\"><i class=\"icon-angle-down\"><\/i><\/button>\n\t\t\t<span>\u00bfAceptan devoluciones?<\/span>\n\t\t<\/a>\n\t\t<div id=\"accordion-2418217756-content\" class=\"accordion-inner\" aria-labelledby=\"accordion-2418217756-label\" >\n\t\t\t\n<p style=\"font-weight: 400;\">Los materiales cortados a medida o los productos fabricados espec\u00edficamente para el cliente pueden\u00a0<u>no<\/u>\u00a0ser\u00e1n devueltos. Si pide una placa completa, puede devolver el material en un plazo de 14 d\u00edas, siempre que el material no est\u00e9 da\u00f1ado y a\u00fan tenga la l\u00e1mina protectora (en ambos lados).\u00a0En caso de devoluciones, se debe informar a nuestro departamento de ventas. Tras la recepci\u00f3n y comprobaci\u00f3n, le reembolsaremos el importe total, excepto los gastos de env\u00edo. Los gastos de env\u00edo correr\u00e1n a su cargo.\u00a0<\/p>\n\t\t<\/div>\n\t<\/div>\n\t\n\t<div id=\"accordion-466905778\" class=\"accordion-item\">\n\t\t<a id=\"accordion-466905778-label\" class=\"accordion-title plain\" href=\"#accordion-item-schade-of-verkeerd-materiaal-geleverd?\" aria-expanded=\"false\" aria-controls=\"accordion-466905778-content\" >\n\t\t\t<button class=\"toggle\" aria-label=\"Toggle\"><i class=\"icon-angle-down\"><\/i><\/button>\n\t\t\t<span>\u00bfDa\u00f1os o material incorrecto suministrado?<\/span>\n\t\t<\/a>\n\t\t<div id=\"accordion-466905778-content\" class=\"accordion-inner\" aria-labelledby=\"accordion-466905778-label\" >\n\t\t\t\n<p style=\"font-weight: 400;\">Los da\u00f1os deben comunicarse en un plazo de 24 horas tras la recepci\u00f3n. \u00bfSu material ha llegado da\u00f1ado o ha recibido el material equivocado? Env\u00edenos un correo electr\u00f3nico con el n\u00famero de pedido y, si es posible, fotos de los da\u00f1os. Nos pondremos en contacto con usted lo antes posible.<\/p>\n\t\t<\/div>\n\t<\/div>\n\t\n\t<div id=\"accordion-591027651\" class=\"accordion-item\">\n\t\t<a id=\"accordion-591027651-label\" class=\"accordion-title plain\" href=\"#accordion-item-kan-ik-mijn-bestelling-annuleren?\" aria-expanded=\"false\" aria-controls=\"accordion-591027651-content\" >\n\t\t\t<button class=\"toggle\" aria-label=\"Toggle\"><i class=\"icon-angle-down\"><\/i><\/button>\n\t\t\t<span>\u00bfPuedo cancelar mi pedido?<\/span>\n\t\t<\/a>\n\t\t<div id=\"accordion-591027651-content\" class=\"accordion-inner\" aria-labelledby=\"accordion-591027651-label\" >\n\t\t\t\n<p style=\"font-weight: 400;\">Una vez recibida su orden, comenzaremos con la producci\u00f3n lo antes posible. Si desea cancelar su pedido, p\u00f3ngase en contacto con nosotros lo antes posible. Si ha realizado un pedido personalizado, es posible que la producci\u00f3n ya haya comenzado, en cuyo caso no ser\u00e1 posible cancelarlo. Para cancelar su pedido, p\u00f3ngase en contacto con nosotros lo antes posible por tel\u00e9fono en el +31 (0)40 251 00 10.<\/p>\n\t\t<\/div>\n\t<\/div>\n\t\n\t<div id=\"accordion-1551624901\" class=\"accordion-item\">\n\t\t<a id=\"accordion-1551624901-label\" class=\"accordion-title plain\" href=\"#accordion-item-bieden-jullie-garantie-op-jullie-materialen?\" aria-expanded=\"false\" aria-controls=\"accordion-1551624901-content\" >\n\t\t\t<button class=\"toggle\" aria-label=\"Toggle\"><i class=\"icon-angle-down\"><\/i><\/button>\n\t\t\t<span>\u00bfOfrec\u00e9is garant\u00eda sobre vuestros materiales?<\/span>\n\t\t<\/a>\n\t\t<div id=\"accordion-1551624901-content\" class=\"accordion-inner\" aria-labelledby=\"accordion-1551624901-label\" >\n\t\t\t\n<p style=\"font-weight: 400;\">S\u00ed, ofrecemos garant\u00eda sobre nuestros materiales. El periodo de garant\u00eda puede variar en funci\u00f3n del tipo de material. Consulte la informaci\u00f3n del producto o p\u00f3ngase en contacto con nosotros para obtener m\u00e1s informaci\u00f3n sobre las condiciones de la garant\u00eda.<\/p>\n\t\t<\/div>\n\t<\/div>\n\t\n\t<div id=\"accordion-2156846070\" class=\"accordion-item\">\n\t\t<a id=\"accordion-2156846070-label\" class=\"accordion-title plain\" href=\"#accordion-item-bieden-jullie-garantie-op-jullie-materialen?\" aria-expanded=\"false\" aria-controls=\"accordion-2156846070-content\" >\n\t\t\t<button class=\"toggle\" aria-label=\"Toggle\"><i class=\"icon-angle-down\"><\/i><\/button>\n\t\t\t<span>\u00bfOfrec\u00e9is garant\u00eda sobre vuestros materiales?<\/span>\n\t\t<\/a>\n\t\t<div id=\"accordion-2156846070-content\" class=\"accordion-inner\" aria-labelledby=\"accordion-2156846070-label\" >\n\t\t\t\n<p style=\"font-weight: 400;\">S\u00ed, ofrecemos garant\u00eda sobre nuestros materiales. El periodo de garant\u00eda puede variar en funci\u00f3n del tipo de material. Consulte la informaci\u00f3n del producto o p\u00f3ngase en contacto con nosotros para obtener m\u00e1s informaci\u00f3n sobre las condiciones de la garant\u00eda.<\/p>\n\t\t<\/div>\n\t<\/div>\n\t\n\t<div id=\"accordion-3082519920\" class=\"accordion-item\">\n\t\t<a id=\"accordion-3082519920-label\" class=\"accordion-title plain\" href=\"#accordion-item-hoe-kan-ik-contact-met-jullie-opnemen?\" aria-expanded=\"false\" aria-controls=\"accordion-3082519920-content\" >\n\t\t\t<button class=\"toggle\" aria-label=\"Toggle\"><i class=\"icon-angle-down\"><\/i><\/button>\n\t\t\t<span>\u00bfC\u00f3mo puedo ponerme en contacto con ustedes?<\/span>\n\t\t<\/a>\n\t\t<div id=\"accordion-3082519920-content\" class=\"accordion-inner\" aria-labelledby=\"accordion-3082519920-label\" >\n\t\t\t\n<p style=\"font-weight: 400;\">Puede ponerse en contacto con nosotros por tel\u00e9fono, a trav\u00e9s del formulario de contacto de nuestra p\u00e1gina web o envi\u00e1ndonos un correo electr\u00f3nico a <a href=\"mailto:info@planoplastics.nl\">info@planoplastics.nl<\/a>. Nos comprometemos a responder a tu mensaje en un plazo de 24 horas.<\/p>\n<p>\u00a0<\/p>\n\t\t<\/div>\n\t<\/div>\n\t\n<\/div>\n<p><em>\u00b9 <\/em><em>Desde el punto de vista jur\u00eddico, por \u2018nosotros\u2019 nos referimos a: Plano Plastics b.v., Habraken 2330, 5507 TL Veldhoven y sus empresas afiliadas. En\u00a0<a href=\"https:\/\/underwaterwindows.eu\/es\/contacto\/\"><u>contacto\u00a0<\/u><\/a>Encontrar\u00e1 todas nuestras opciones de contacto.<\/em><\/p>\n\t\t<\/div>\n\t\t\t\t\n<style>\n#col-360950021 > .col-inner {\n  padding: 0px 1% 0px 7%;\n  margin: 0px 0px 15px 0px;\n}\n@media (min-width:550px) {\n  #col-360950021 > .col-inner {\n    padding: 0px 2% 0px 2%;\n    margin: 0px 0px 0px 20px;\n  }\n}\n@media (min-width:850px) {\n  #col-360950021 > .col-inner {\n    padding: 0px 160px 0px 0%;\n  }\n}\n<\/style>\n\t<\/div>\n\n\t\n<\/div>\n<div class=\"row\"  id=\"row-1523316319\">\n\n\t<div id=\"col-1151746420\" class=\"col medium-3 small-6 large-3\"  >\n\t\t\t\t<div class=\"col-inner\"  >\n\t\t\t\n\t\t\t\n\t\t<\/div>\n\t\t\t\t\t<\/div>\n\n\t\n\n\t<div id=\"col-1500460194\" class=\"col medium-3 small-6 large-3\"  >\n\t\t\t\t<div class=\"col-inner\"  >\n\t\t\t\n\t\t\t\n\t\t<\/div>\n\t\t\t\t\t<\/div>\n\n\t\n\n\t<div id=\"col-306466087\" class=\"col medium-3 small-6 large-3\"  >\n\t\t\t\t<div class=\"col-inner\"  >\n\t\t\t\n\t\t\t\n\t\t<\/div>\n\t\t\t\t\t<\/div>\n\n\t\n<\/div>\n\t\t<\/div>\n\n\t\t\n<style>\n#section_478023462 {\n  padding-top: 51px;\n  padding-bottom: 51px;\n}\n<\/style>\n\t<\/section>","protected":false},"excerpt":{"rendered":"","protected":false},"author":2,"featured_media":0,"parent":0,"menu_order":0,"comment_status":"closed","ping_status":"closed","template":"page-blank.php","meta":{"footnotes":""},"class_list":["post-2181","page","type-page","status-publish","hentry"],"yoast_head":"<!-- This site is optimized with the Yoast SEO plugin v27.0 - https:\/\/yoast.com\/product\/yoast-seo-wordpress\/ -->\n<title>FAQ - Underwaterwindows<\/title>\n<meta name=\"robots\" content=\"index, follow, max-snippet:-1, max-image-preview:large, max-video-preview:-1\" \/>\n<link rel=\"canonical\" href=\"https:\/\/underwaterwindows.eu\/es\/faq\/\" \/>\n<meta property=\"og:locale\" content=\"es_ES\" \/>\n<meta property=\"og:type\" content=\"article\" \/>\n<meta property=\"og:title\" content=\"FAQ - Underwaterwindows\" \/>\n<meta property=\"og:url\" content=\"https:\/\/underwaterwindows.eu\/es\/faq\/\" \/>\n<meta property=\"og:site_name\" content=\"Underwaterwindows\" \/>\n<meta property=\"article:modified_time\" content=\"2024-08-05T13:26:15+00:00\" \/>\n<meta name=\"twitter:card\" content=\"summary_large_image\" \/>\n<meta name=\"twitter:label1\" content=\"Est. reading time\" \/>\n\t<meta name=\"twitter:data1\" content=\"20 minutos\" \/>\n<script type=\"application\/ld+json\" class=\"yoast-schema-graph\">{\"@context\":\"https:\/\/schema.org\",\"@graph\":[{\"@type\":\"WebPage\",\"@id\":\"https:\/\/underwaterwindows.eu\/faq\/\",\"url\":\"https:\/\/underwaterwindows.eu\/faq\/\",\"name\":\"FAQ - Underwaterwindows\",\"isPartOf\":{\"@id\":\"https:\/\/underwaterwindows.eu\/#website\"},\"datePublished\":\"2022-12-08T15:29:45+00:00\",\"dateModified\":\"2024-08-05T13:26:15+00:00\",\"breadcrumb\":{\"@id\":\"https:\/\/underwaterwindows.eu\/faq\/#breadcrumb\"},\"inLanguage\":\"es\",\"potentialAction\":[{\"@type\":\"ReadAction\",\"target\":[\"https:\/\/underwaterwindows.eu\/faq\/\"]}]},{\"@type\":\"BreadcrumbList\",\"@id\":\"https:\/\/underwaterwindows.eu\/faq\/#breadcrumb\",\"itemListElement\":[{\"@type\":\"ListItem\",\"position\":1,\"name\":\"Home\",\"item\":\"https:\/\/underwaterwindows.eu\/\"},{\"@type\":\"ListItem\",\"position\":2,\"name\":\"FAQ\"}]},{\"@type\":\"WebSite\",\"@id\":\"https:\/\/underwaterwindows.eu\/#website\",\"url\":\"https:\/\/underwaterwindows.eu\/\",\"name\":\"Underwaterwindows\",\"description\":\"\",\"potentialAction\":[{\"@type\":\"SearchAction\",\"target\":{\"@type\":\"EntryPoint\",\"urlTemplate\":\"https:\/\/underwaterwindows.eu\/?s={search_term_string}\"},\"query-input\":{\"@type\":\"PropertyValueSpecification\",\"valueRequired\":true,\"valueName\":\"search_term_string\"}}],\"inLanguage\":\"es\"}]}<\/script>\n<!-- \/ Yoast SEO plugin. -->","yoast_head_json":{"title":"Preguntas frecuentes - Underwaterwindows","robots":{"index":"index","follow":"follow","max-snippet":"max-snippet:-1","max-image-preview":"max-image-preview:large","max-video-preview":"max-video-preview:-1"},"canonical":"https:\/\/underwaterwindows.eu\/es\/faq\/","og_locale":"es_ES","og_type":"article","og_title":"FAQ - Underwaterwindows","og_url":"https:\/\/underwaterwindows.eu\/es\/faq\/","og_site_name":"Underwaterwindows","article_modified_time":"2024-08-05T13:26:15+00:00","twitter_card":"summary_large_image","twitter_misc":{"Est. reading time":"20 minutos"},"schema":{"@context":"https:\/\/schema.org","@graph":[{"@type":"WebPage","@id":"https:\/\/underwaterwindows.eu\/faq\/","url":"https:\/\/underwaterwindows.eu\/faq\/","name":"Preguntas frecuentes - Underwaterwindows","isPartOf":{"@id":"https:\/\/underwaterwindows.eu\/#website"},"datePublished":"2022-12-08T15:29:45+00:00","dateModified":"2024-08-05T13:26:15+00:00","breadcrumb":{"@id":"https:\/\/underwaterwindows.eu\/faq\/#breadcrumb"},"inLanguage":"es","potentialAction":[{"@type":"ReadAction","target":["https:\/\/underwaterwindows.eu\/faq\/"]}]},{"@type":"BreadcrumbList","@id":"https:\/\/underwaterwindows.eu\/faq\/#breadcrumb","itemListElement":[{"@type":"ListItem","position":1,"name":"Home","item":"https:\/\/underwaterwindows.eu\/"},{"@type":"ListItem","position":2,"name":"FAQ"}]},{"@type":"WebSite","@id":"https:\/\/underwaterwindows.eu\/#website","url":"https:\/\/underwaterwindows.eu\/","name":"Ventanas submarinas","description":"","potentialAction":[{"@type":"SearchAction","target":{"@type":"EntryPoint","urlTemplate":"https:\/\/underwaterwindows.eu\/?s={search_term_string}"},"query-input":{"@type":"PropertyValueSpecification","valueRequired":true,"valueName":"search_term_string"}}],"inLanguage":"es"}]}},"_links":{"self":[{"href":"https:\/\/underwaterwindows.eu\/es\/wp-json\/wp\/v2\/pages\/2181","targetHints":{"allow":["GET"]}}],"collection":[{"href":"https:\/\/underwaterwindows.eu\/es\/wp-json\/wp\/v2\/pages"}],"about":[{"href":"https:\/\/underwaterwindows.eu\/es\/wp-json\/wp\/v2\/types\/page"}],"author":[{"embeddable":true,"href":"https:\/\/underwaterwindows.eu\/es\/wp-json\/wp\/v2\/users\/2"}],"replies":[{"embeddable":true,"href":"https:\/\/underwaterwindows.eu\/es\/wp-json\/wp\/v2\/comments?post=2181"}],"version-history":[{"count":5,"href":"https:\/\/underwaterwindows.eu\/es\/wp-json\/wp\/v2\/pages\/2181\/revisions"}],"predecessor-version":[{"id":2460,"href":"https:\/\/underwaterwindows.eu\/es\/wp-json\/wp\/v2\/pages\/2181\/revisions\/2460"}],"wp:attachment":[{"href":"https:\/\/underwaterwindows.eu\/es\/wp-json\/wp\/v2\/media?parent=2181"}],"curies":[{"name":"wp","href":"https:\/\/api.w.org\/{rel}","templated":true}]}}