{"id":1651,"date":"2022-05-12T14:59:51","date_gmt":"2022-05-12T12:59:51","guid":{"rendered":"https:\/\/planoplastics.nl\/?page_id=1651"},"modified":"2024-08-05T15:26:15","modified_gmt":"2024-08-05T13:26:15","slug":"condiciones-de-entrega-y-pago","status":"publish","type":"page","link":"https:\/\/underwaterwindows.eu\/es\/leverings-en-betalingvoorwaarden\/","title":{"rendered":"Condiciones de entrega y pago"},"content":{"rendered":"<section class=\"section header-section\" id=\"section_651497494\">\n\t\t<div class=\"section-bg fill\" >\n\t\t\t\t\t\t\t\t\t\n\t\t\t\n\n\t\t<\/div>\n\n\t\t\n\n\t\t<div class=\"section-content relative\">\n\t\t\t\n<div class=\"row\"  id=\"row-846157939\">\n\n\t<div id=\"col-417068493\" class=\"col small-12 large-12\"  >\n\t\t\t\t<div class=\"col-inner\"  >\n\t\t\t\n\t\t\t\n\t<div id=\"text-1098664901\" class=\"text border-left-white\">\n\t\t\n<p><strong>Condiciones de entrega y pago<\/strong>PlanoPlastics<\/p>\n\t\t\n<style>\n#text-1098664901 {\n  font-size: 2.5rem;\n  line-height: 1.2;\n  color: rgb(255, 255, 255);\n}\n#text-1098664901 > * {\n  color: rgb(255, 255, 255);\n}\n<\/style>\n\t<\/div>\n\t\n\t\t<\/div>\n\t\t\t\t\n<style>\n#col-417068493 > .col-inner {\n  padding: 0px 0px 0px 3%;\n}\n@media (min-width:850px) {\n  #col-417068493 > .col-inner {\n    padding: 0px 0px 0px 0;\n  }\n}\n<\/style>\n\t<\/div>\n\n\t\n<\/div>\n\t\t<\/div>\n\n\t\t\n<style>\n#section_651497494 {\n  padding-top: 30px;\n  padding-bottom: 30px;\n  margin-bottom: 91px;\n}\n<\/style>\n\t<\/section>\n\t\n\n\t<section class=\"section\" id=\"section_471233761\">\n\t\t<div class=\"section-bg fill\" >\n\t\t\t\t\t\t\t\t\t\n\t\t\t\n\n\t\t<\/div>\n\n\t\t\n\n\t\t<div class=\"section-content relative\">\n\t\t\t\n<div class=\"row\"  id=\"row-1613273374\">\n\n\t<div id=\"col-1863367721\" class=\"col medium-7 small-12 large-12\"  >\n\t\t\t\t<div class=\"col-inner\"  >\n\t\t\t\n\t\t\t\n<p><strong>Art. 1 Aplicabilidad<\/strong><\/p>\n<p>1. Las presentes condiciones generales se aplican a todas las ofertas, acuerdos, entregas y trabajos realizados por Plano Plastics. Las condiciones, acuerdos o disposiciones divergentes solo ser\u00e1n v\u00e1lidos si Plano Plastics los ha confirmado por escrito.<br \/>\n2. Al celebrar un contrato con Plano Plastics, la otra parte renuncia a cualquier condici\u00f3n que pueda aplicar, independientemente de su denominaci\u00f3n, de modo que todos los contratos estar\u00e1n sujetos exclusivamente a las condiciones aplicadas por Plano Plastics.<br \/>\n3. En la medida en que no se haya dispuesto lo contrario en estas condiciones, se aplicar\u00e1n las disposiciones legales.<\/p>\n<p><strong>Art. 2 Generalidades<\/strong><\/p>\n<p>1. En las presentes condiciones generales, se entiende por \u201cla otra parte\u201d: cualquier persona jur\u00eddica o f\u00edsica que haya celebrado o desee celebrar un contrato con Plano Plastics y, adem\u00e1s, sus representantes, apoderados y cesionarios.<br \/>\n2. Las modificaciones de un contrato que puedan tener consecuencias perjudiciales para Plano Plastics y la cancelaci\u00f3n de un contrato sin el consentimiento de Plano Plastics no ser\u00e1n vinculantes, salvo que as\u00ed lo exija la ley o se contemple en las condiciones.<br \/>\n3. Las cl\u00e1usulas en virtud de las cuales Plano Plastics asume una obligaci\u00f3n de entrega sin que la otra parte se comprometa a adquirir los bienes en cuesti\u00f3n, o en virtud de las cuales la cantidad y\/o el precio de los bienes que se van a entregar o adquirir est\u00e1n sujetos a una reserva, no son vinculantes.<\/p>\n<p><strong>Art. 3 Ofertas y presupuestos<\/strong><\/p>\n<p>1. Todas las ofertas y presupuestos realizados por Plano Plastics, salvo que se indique expresamente lo contrario, son totalmente provisionales. No se pueden descartar variaciones de color y\/o cambios intermedios.<br \/>\n2. Plano Plastics se reserva el derecho a rechazar un pedido sin indicar los motivos.<\/p>\n<p><strong>Art. 4 Celebraci\u00f3n del contrato<\/strong><\/p>\n<p>1. Plano Plastics solo estar\u00e1 vinculada a sus ofertas escritas y a los pedidos realizados por la otra parte a Plano Plastics cuando Plano Plastics haya confirmado la aceptaci\u00f3n por escrito o cuando Plano Plastics haya comenzado a ejecutar el pedido realizado por la otra parte. La otra parte puede realizar un encargo por escrito o por tel\u00e9fono, en cuyo caso deber\u00e1 indicar en todo caso su nombre, direcci\u00f3n y los productos deseados.<br \/>\n2. Los acuerdos adicionales, modificaciones y\/o compromisos posteriores, ya sean verbales o escritos, realizados en nombre de Plano Plastics por personal, representantes, vendedores u otros intermediarios, no ser\u00e1n vinculantes a menos que Plano Plastics los confirme por escrito.<br \/>\n3. En caso de que, a juicio de Plano Plastics, la otra parte no resulte suficientemente solvente para el cumplimiento del contrato, Plano Plastics tendr\u00e1 derecho a suspender todas sus obligaciones contractuales, sin perjuicio de los derechos que le correspondan en virtud de la ley o de las presentes condiciones.<\/p>\n<p><strong>Art. 5 Precios y tarifas<\/strong><\/p>\n<p>1. Todos los presupuestos realizados por Plano Plastics son sin compromiso y est\u00e1n sujetos a cambios de precio, salvo que se indique expresamente lo contrario.<br \/>\n2. Los precios de Plano Plastics se basan en factores determinantes del precio (de coste) vigentes en la fecha de celebraci\u00f3n del contrato. Si antes de la entrega o, en caso de entregas a plazos, durante la entrega, se produce alg\u00fan aumento de dichos factores determinantes del precio (de coste), Plano Plastics tendr\u00e1 derecho a cobrar a la otra parte un aumento proporcional.<br \/>\n3. Los precios indicados por Plano Plastics no incluyen el IVA, los posibles derechos de importaci\u00f3n, otros impuestos, grav\u00e1menes y derechos, salvo que se indique expresamente lo contrario. Plano Plastics tiene derecho a repercutir cualquier modificaci\u00f3n de estas tarifas a la otra parte.<\/p>\n<p><strong>Art. 6 Entrega<\/strong><\/p>\n<p>1. La entrega se realizar\u00e1 desde el almac\u00e9n de Plano Plastics, salvo que se acuerde expresamente lo contrario por escrito. Los gastos relacionados con la entrega se facturar\u00e1n a la otra parte.<br \/>\n2. La entrega se considerar\u00e1 realizada en el momento en que los productos que se deben entregar salgan del almac\u00e9n de Plano Plastics. A partir del momento de la entrega, los productos ser\u00e1n por cuenta y riesgo de la otra parte.<br \/>\n3. Los plazos de entrega son aproximados, salvo que se acuerde expresamente lo contrario por escrito. El incumplimiento del plazo de entrega no dar\u00e1 derecho, ni siquiera tras la notificaci\u00f3n del incumplimiento, a una indemnizaci\u00f3n por da\u00f1os y perjuicios o a la rescisi\u00f3n del contrato, salvo en caso de culpa grave o negligencia, o si las partes, teniendo en cuenta la duraci\u00f3n del incumplimiento, deciden de mutuo acuerdo rescindir el contrato.<\/p>\n<p><strong>Art\u00edculo 7. Fuerza mayor<\/strong><\/p>\n<p>1. En caso de fuerza mayor, tanto de car\u00e1cter permanente como temporal, Plano Plastics tendr\u00e1 derecho a rescindir total o parcialmente el contrato o a suspenderlo temporalmente sin que la otra parte y\/o terceros puedan reclamar el cumplimiento y\/o una indemnizaci\u00f3n por da\u00f1os y perjuicios. Por fuerza mayor se entiende, entre otras cosas, pero no exclusivamente: huelgas, boicots, aver\u00edas en la empresa, aver\u00edas en el tr\u00e1fico o el transporte, escasez de materias primas, incendios, aver\u00edas de maquinaria y, en general, todas aquellas circunstancias que, seg\u00fan los criterios de razonabilidad y equidad, impidan a Plano Plastics cumplir total o parcialmente el contrato.<br \/>\n2. Si, por causas de fuerza mayor, la entrega se retrasa m\u00e1s de dos meses, tanto Plano Plastics como la otra parte tendr\u00e1n derecho a rescindir el contrato por escrito. En tal caso, Plano Plastics tendr\u00e1 derecho al reembolso de los gastos en que haya incurrido.<br \/>\n3. Si la fuerza mayor se produce cuando el contrato ya se ha ejecutado parcialmente, la otra parte tendr\u00e1 derecho, si la fuerza mayor retrasa la entrega restante m\u00e1s de dos meses, a conservar la parte de la mercanc\u00eda ya entregada y a pagar el precio de compra correspondiente , o bien a considerar rescindido el contrato tambi\u00e9n en lo que respecta a la parte ya ejecutada, con la obligaci\u00f3n de devolver a Plano Plastics todo lo que ya se le haya entregado, por cuenta y riesgo de la otra parte, si esta puede demostrar que la parte de la mercanc\u00eda ya entregada ya no puede ser utilizada eficazmente por la otra parte como consecuencia de la no entrega del resto de la mercanc\u00eda.<\/p>\n<p><strong>Art. 8 Responsabilidad<\/strong><\/p>\n<p>1. Plano Plastics no se hace responsable de ning\u00fan da\u00f1o que pueda sufrir la otra parte o terceros como consecuencia de los servicios prestados o los productos suministrados por Plano Plastics, salvo que las disposiciones vigentes y\/o las presentes condiciones establezcan expresamente lo contrario.<br \/>\n2. Plano Plastics no se hace responsable en ning\u00fan caso de los da\u00f1os causados por los servicios prestados o los productos suministrados por terceros por encargo de Plano Plastics en beneficio de la otra parte, en particular en el caso de trabajos realizados por encargo de Plano Plastics para terceros.<\/p>\n<p><strong>Art. 9 Reclamaciones<\/strong><\/p>\n<p>1. Por reclamaciones se entienden todas las quejas de la otra parte en relaci\u00f3n con la entrega realizada.<br \/>\n2. La otra parte est\u00e1 obligada a comprobar inmediatamente tras la entrega si los productos suministrados presentan faltas y\/o da\u00f1os.<br \/>\n3. Las reclamaciones solo ser\u00e1n v\u00e1lidas si se presentan por escrito y si dicha carta, que deber\u00e1 incluir una descripci\u00f3n de las reclamaciones, se encuentra en poder de Plano Plastics en un plazo de seis d\u00edas tras la entrega o tras el descubrimiento de un posible defecto oculto, sin perjuicio de lo dispuesto en los apartados anteriores. La parte contraria deber\u00e1 mantener a disposici\u00f3n de Plano Plastics los productos objeto de la reclamaci\u00f3n. Salvo autorizaci\u00f3n por escrito de Plano Plastics, la parte contraria no podr\u00e1 devolver a Plano Plastics los productos objeto de la reclamaci\u00f3n.<br \/>\n4. En caso de una reclamaci\u00f3n justificada, Plano Plastics solo estar\u00e1 obligada a proceder a la sustituci\u00f3n o reparaci\u00f3n lo antes posible, sin que Plano Plastics pueda ser considerada responsable de los posibles da\u00f1os y perjuicios causados por la otra parte o por terceros.<br \/>\n5. La presentaci\u00f3n de una reclamaci\u00f3n no suspende la obligaci\u00f3n de pago de la otra parte con respecto a los bienes objeto de la disputa.<\/p>\n<p><strong>Art. 10 Garant\u00eda<\/strong><\/p>\n<p>1. Plano Plastics garantiza la idoneidad y la calidad de los productos suministrados y\/o los servicios prestados, teniendo en cuenta lo dispuesto en otras partes de las presentes condiciones.<br \/>\n2. Plano Plastics solo ofrece garant\u00eda sobre los materiales suministrados y procesados por ella durante un a\u00f1o a partir de la fecha de facturaci\u00f3n. La garant\u00eda sobre los materiales y bienes suministrados por Plano Plastics solo se concede si el fabricante\/proveedor de los materiales y bienes refuerza dicha garant\u00eda.<br \/>\n3. Las reclamaciones de garant\u00eda solo incluyen la sustituci\u00f3n o reparaci\u00f3n de los materiales afectados.<br \/>\n4. No se reconocer\u00e1n reclamaciones de garant\u00eda si los materiales se utilizan para fines distintos a los normales o se tratan, utilizan o mantienen de forma inadecuada.<br \/>\n5. Si la reparaci\u00f3n o sustituci\u00f3n de los materiales la realiza la otra parte, la garant\u00eda mencionada anteriormente quedar\u00e1 anulada en cualquier caso.<br \/>\n6. Si la otra parte incumple sus obligaciones, Plano Plastics quedar\u00e1 igualmente exenta de sus obligaciones (de garant\u00eda) como consecuencia de ello.<\/p>\n<p><strong>Art. 11. Pago<\/strong><\/p>\n<p>1. Todos los pagos deben transferirse o ingresarse en una cuenta bancaria o cuenta corriente designada por Plano Plastics en un plazo de 30 d\u00edas a partir de la fecha de la factura, salvo que se indique lo contrario en las condiciones de pago espec\u00edficas.<br \/>\n2. En caso de pago por transferencia bancaria o giro postal, se considerar\u00e1 como fecha de pago el d\u00eda en que se abone el importe en la cuenta bancaria o postal de Plano Plastics.<br \/>\n3. En caso de entrega parcial, la otra parte estar\u00e1 obligada a pagar la factura correspondiente como si se tratara de una transacci\u00f3n independiente.<br \/>\n4. Plano Plastics no est\u00e1 obligada a avisar previamente a la otra parte del vencimiento de un plazo de pago ni a enviarle extractos de cuenta y similares, salvo que se haya acordado expresamente lo contrario.<br \/>\n5. Todo pago realizado por la otra parte se considerar\u00e1 destinado al pago de la deuda pendiente m\u00e1s antigua, incluso si dicha deuda consiste en intereses adeudados o gastos de cobro.<br \/>\n6. La otra parte nunca tendr\u00e1 derecho a suspender el pago. Una vez transcurrido el plazo de pago, la otra parte incurrir\u00e1 en mora sin que sea necesaria una notificaci\u00f3n de incumplimiento.<br \/>\n7. A partir del d\u00eda siguiente al vencimiento del plazo de pago, la otra parte deber\u00e1 abonar a Plano Plastics un inter\u00e9s del 1,51 % mensual por demora en el pago del importe exigible.<br \/>\n8. En caso de impago o retraso en el pago, todos los gastos judiciales y de ejecuci\u00f3n, as\u00ed como los gastos extrajudiciales de cobro, correr\u00e1n a cargo de la parte contraria. Los gastos extrajudiciales ascender\u00e1n como m\u00ednimo al 15% del importe de la factura, con un m\u00ednimo de 125 \u20ac.<br \/>\n9. Plano Plastics tendr\u00e1 derecho en todo momento, tanto antes como despu\u00e9s de la celebraci\u00f3n del contrato, a exigir una garant\u00eda de pago, suspendiendo la ejecuci\u00f3n del contrato por parte de Plano Plastics hasta que se haya constituido dicha garant\u00eda: todo ello sin perjuicio del derecho de Plano Plastics al cumplimiento, a una indemnizaci\u00f3n por da\u00f1os y perjuicios y\/o a la anulaci\u00f3n total o parcial del contrato, todo ello sin intervenci\u00f3n judicial y sin que Plano Plastics est\u00e9 obligada a pagar indemnizaci\u00f3n alguna por ello.<\/p>\n<p><strong>Art. 12 Derecho de propiedad<\/strong><\/p>\n<p>Todos los productos suministrados seguir\u00e1n siendo propiedad de Plano Plastics hasta que se hayan pagado \u00edntegramente. La otra parte tiene derecho a revender y\/o procesar los productos de forma normal, pero si el pago a\u00fan no se ha realizado \u00edntegramente, la otra parte no tiene derecho a pignorar los productos a terceros ni a utilizarlos como garant\u00eda en el sentido m\u00e1s amplio de la palabra. La otra parte est\u00e1 obligada a mostrar los productos a Plano Plastics a primera solicitud y, en caso de incumplimiento de pago y en los casos contemplados en el art\u00edculo 14 de estas condiciones, a devolverlos a Plano Plastics si as\u00ed lo solicita.<\/p>\n<p><strong>Art. 13 Derechos de propiedad intelectual<\/strong><\/p>\n<p>1. Los dibujos, esquemas, textos, bocetos, c\u00e1lculos, dise\u00f1os, especificaciones y similares proporcionados por Plano Plastics a la otra parte no podr\u00e1n ser reproducidos ni puestos a disposici\u00f3n de terceros ni vendidos por la otra parte, salvo autorizaci\u00f3n expresa por escrito de Plano Plastics. Plano Plastics se reserva la propiedad expresa de los productos mencionados en este art\u00edculo.<br \/>\n2. En caso de incumplimiento de la disposici\u00f3n mencionada en el apartado 1 del presente art\u00edculo, la parte contraria incurrir\u00e1 en una multa inmediatamente exigible y no susceptible de moderaci\u00f3n judicial por importe de 250 \u20ac, sin perjuicio del derecho de Plano Plastics a reclamar a la parte contraria los da\u00f1os y perjuicios sufridos y los gastos incurridos.<\/p>\n<p><strong>Art. 14 Disoluci\u00f3n<\/strong><\/p>\n<p>Sin perjuicio de los derechos que correspondan a Plano Plastics y de lo dispuesto en otras partes de las presentes condiciones, Plano Plastics podr\u00e1 considerar rescindido un contrato, sin intervenci\u00f3n judicial y sin que sea necesaria ninguna notificaci\u00f3n de incumplimiento, en caso de que la otra parte incumpla o se demore en el cumplimiento de sus obligaciones de pago, la otra parte solicita una suspensi\u00f3n de pagos, se solicita su quiebra, la otra parte pierde total o parcialmente la libre disposici\u00f3n de su patrimonio y\/o ingresos, o si se embarga cualquier parte de sus bienes y\/o patrimonio, o en caso de que la otra parte venda o liquide su empresa.<\/p>\n<p><strong>Art. 15 Controversias<\/strong><\/p>\n<p>1. Todos los contratos celebrados por Plano Plastics se regir\u00e1n exclusivamente por la legislaci\u00f3n neerlandesa.<br \/>\n2. Si la otra parte tiene su sede en Europa, cualquier litigio relativo a la celebraci\u00f3n, interpretaci\u00f3n o ejecuci\u00f3n del contrato, as\u00ed como cualquier otro litigio relacionado con el presente contrato o derivado del mismo, ser\u00e1 resuelto en primera instancia por el tribunal competente del distrito de \u2019s-Hertogenbosch.<\/p>\n<p><strong>Art. 16 Conversi\u00f3n<\/strong><\/p>\n<p>Si una o varias disposiciones de estas condiciones generales fueran nulas, dichas disposiciones ser\u00e1n sustituidas de pleno derecho por una disposici\u00f3n v\u00e1lida que se ajuste en la medida de lo posible al esp\u00edritu de la cl\u00e1usula o cl\u00e1usulas nulas. Las dem\u00e1s disposiciones de las condiciones generales conservar\u00e1n en la medida de lo posible su validez.<\/p>\n<div class=\"accordion\">\n<\/div>\n\t\t<\/div>\n\t\t\t\t\n<style>\n#col-1863367721 > .col-inner {\n  padding: 0px 1% 0px 7%;\n  margin: 0px 0px 15px 0px;\n}\n@media (min-width:550px) {\n  #col-1863367721 > .col-inner {\n    padding: 0px 2% 0px 2%;\n    margin: 0px 0px 0px 20px;\n  }\n}\n@media (min-width:850px) {\n  #col-1863367721 > .col-inner {\n    padding: 0px 160px 0px 0%;\n  }\n}\n<\/style>\n\t<\/div>\n\n\t\n<\/div>\n<div class=\"row\"  id=\"row-687105747\">\n\n\t<div id=\"col-1931207154\" class=\"col medium-3 small-6 large-3 medium-col-first\"  >\n\t\t\t\t<div class=\"col-inner\"  >\n\t\t\t\n\t<div class=\"is-border\"\n\t\tstyle=\"border-color:rgb(21, 128, 163);border-width:20px 20px 20px 20px;margin:5px 5px 5px 5;\">\n\t<\/div>\n\t\t\t\n\t\t<\/div>\n\t\t\t\t\t<\/div>\n\n\t\n\n\t<div id=\"col-779437133\" class=\"col medium-3 small-6 large-3\"  >\n\t\t\t\t<div class=\"col-inner\"  >\n\t\t\t\n\t\t\t\n\t\t<\/div>\n\t\t\t\t\t<\/div>\n\n\t\n\n\t<div id=\"col-1528424743\" class=\"col medium-3 small-6 large-3\"  >\n\t\t\t\t<div class=\"col-inner\"  >\n\t\t\t\n\t\t\t\n\t\t<\/div>\n\t\t\t\t\t<\/div>\n\n\t\n\n\t<div id=\"col-1115658601\" class=\"col medium-3 small-6 large-3\"  >\n\t\t\t\t<div class=\"col-inner\"  >\n\t\t\t\n\t\t\t\n\t\t<\/div>\n\t\t\t\t\t<\/div>\n\n\t\n<\/div>\n\t\t<\/div>\n\n\t\t\n<style>\n#section_471233761 {\n  padding-top: 51px;\n  padding-bottom: 51px;\n}\n<\/style>\n\t<\/section>","protected":false},"excerpt":{"rendered":"","protected":false},"author":2,"featured_media":0,"parent":0,"menu_order":0,"comment_status":"closed","ping_status":"closed","template":"page-blank.php","meta":{"footnotes":""},"class_list":["post-1651","page","type-page","status-publish","hentry"],"yoast_head":"<!-- This site is optimized with the Yoast SEO plugin v27.0 - https:\/\/yoast.com\/product\/yoast-seo-wordpress\/ -->\n<title>Leverings- en Betalingvoorwaarden - Underwaterwindows<\/title>\n<meta name=\"robots\" content=\"index, follow, max-snippet:-1, max-image-preview:large, max-video-preview:-1\" \/>\n<link rel=\"canonical\" href=\"https:\/\/underwaterwindows.eu\/es\/condiciones-de-entrega-y-pago\/\" \/>\n<meta property=\"og:locale\" content=\"es_ES\" \/>\n<meta property=\"og:type\" content=\"article\" \/>\n<meta property=\"og:title\" content=\"Leverings- en Betalingvoorwaarden - Underwaterwindows\" \/>\n<meta property=\"og:url\" content=\"https:\/\/underwaterwindows.eu\/es\/condiciones-de-entrega-y-pago\/\" \/>\n<meta property=\"og:site_name\" content=\"Underwaterwindows\" \/>\n<meta property=\"article:modified_time\" content=\"2024-08-05T13:26:15+00:00\" \/>\n<meta name=\"twitter:card\" content=\"summary_large_image\" \/>\n<meta name=\"twitter:label1\" content=\"Est. reading time\" \/>\n\t<meta name=\"twitter:data1\" content=\"11 minutos\" \/>\n<script type=\"application\/ld+json\" class=\"yoast-schema-graph\">{\"@context\":\"https:\/\/schema.org\",\"@graph\":[{\"@type\":\"WebPage\",\"@id\":\"https:\/\/underwaterwindows.eu\/leverings-en-betalingvoorwaarden\/\",\"url\":\"https:\/\/underwaterwindows.eu\/leverings-en-betalingvoorwaarden\/\",\"name\":\"Leverings- en Betalingvoorwaarden - Underwaterwindows\",\"isPartOf\":{\"@id\":\"https:\/\/underwaterwindows.eu\/#website\"},\"datePublished\":\"2022-05-12T12:59:51+00:00\",\"dateModified\":\"2024-08-05T13:26:15+00:00\",\"breadcrumb\":{\"@id\":\"https:\/\/underwaterwindows.eu\/leverings-en-betalingvoorwaarden\/#breadcrumb\"},\"inLanguage\":\"es\",\"potentialAction\":[{\"@type\":\"ReadAction\",\"target\":[\"https:\/\/underwaterwindows.eu\/leverings-en-betalingvoorwaarden\/\"]}]},{\"@type\":\"BreadcrumbList\",\"@id\":\"https:\/\/underwaterwindows.eu\/leverings-en-betalingvoorwaarden\/#breadcrumb\",\"itemListElement\":[{\"@type\":\"ListItem\",\"position\":1,\"name\":\"Home\",\"item\":\"https:\/\/underwaterwindows.eu\/\"},{\"@type\":\"ListItem\",\"position\":2,\"name\":\"Leverings- en Betalingvoorwaarden\"}]},{\"@type\":\"WebSite\",\"@id\":\"https:\/\/underwaterwindows.eu\/#website\",\"url\":\"https:\/\/underwaterwindows.eu\/\",\"name\":\"Underwaterwindows\",\"description\":\"\",\"potentialAction\":[{\"@type\":\"SearchAction\",\"target\":{\"@type\":\"EntryPoint\",\"urlTemplate\":\"https:\/\/underwaterwindows.eu\/?s={search_term_string}\"},\"query-input\":{\"@type\":\"PropertyValueSpecification\",\"valueRequired\":true,\"valueName\":\"search_term_string\"}}],\"inLanguage\":\"es\"}]}<\/script>\n<!-- \/ Yoast SEO plugin. -->","yoast_head_json":{"title":"Condiciones de entrega y pago - Underwaterwindows","robots":{"index":"index","follow":"follow","max-snippet":"max-snippet:-1","max-image-preview":"max-image-preview:large","max-video-preview":"max-video-preview:-1"},"canonical":"https:\/\/underwaterwindows.eu\/es\/condiciones-de-entrega-y-pago\/","og_locale":"es_ES","og_type":"article","og_title":"Leverings- en Betalingvoorwaarden - Underwaterwindows","og_url":"https:\/\/underwaterwindows.eu\/es\/condiciones-de-entrega-y-pago\/","og_site_name":"Underwaterwindows","article_modified_time":"2024-08-05T13:26:15+00:00","twitter_card":"summary_large_image","twitter_misc":{"Est. reading time":"11 minutos"},"schema":{"@context":"https:\/\/schema.org","@graph":[{"@type":"WebPage","@id":"https:\/\/underwaterwindows.eu\/leverings-en-betalingvoorwaarden\/","url":"https:\/\/underwaterwindows.eu\/leverings-en-betalingvoorwaarden\/","name":"Condiciones de entrega y pago - Underwaterwindows","isPartOf":{"@id":"https:\/\/underwaterwindows.eu\/#website"},"datePublished":"2022-05-12T12:59:51+00:00","dateModified":"2024-08-05T13:26:15+00:00","breadcrumb":{"@id":"https:\/\/underwaterwindows.eu\/leverings-en-betalingvoorwaarden\/#breadcrumb"},"inLanguage":"es","potentialAction":[{"@type":"ReadAction","target":["https:\/\/underwaterwindows.eu\/leverings-en-betalingvoorwaarden\/"]}]},{"@type":"BreadcrumbList","@id":"https:\/\/underwaterwindows.eu\/leverings-en-betalingvoorwaarden\/#breadcrumb","itemListElement":[{"@type":"ListItem","position":1,"name":"Home","item":"https:\/\/underwaterwindows.eu\/"},{"@type":"ListItem","position":2,"name":"Leverings- en Betalingvoorwaarden"}]},{"@type":"WebSite","@id":"https:\/\/underwaterwindows.eu\/#website","url":"https:\/\/underwaterwindows.eu\/","name":"Ventanas submarinas","description":"","potentialAction":[{"@type":"SearchAction","target":{"@type":"EntryPoint","urlTemplate":"https:\/\/underwaterwindows.eu\/?s={search_term_string}"},"query-input":{"@type":"PropertyValueSpecification","valueRequired":true,"valueName":"search_term_string"}}],"inLanguage":"es"}]}},"_links":{"self":[{"href":"https:\/\/underwaterwindows.eu\/es\/wp-json\/wp\/v2\/pages\/1651","targetHints":{"allow":["GET"]}}],"collection":[{"href":"https:\/\/underwaterwindows.eu\/es\/wp-json\/wp\/v2\/pages"}],"about":[{"href":"https:\/\/underwaterwindows.eu\/es\/wp-json\/wp\/v2\/types\/page"}],"author":[{"embeddable":true,"href":"https:\/\/underwaterwindows.eu\/es\/wp-json\/wp\/v2\/users\/2"}],"replies":[{"embeddable":true,"href":"https:\/\/underwaterwindows.eu\/es\/wp-json\/wp\/v2\/comments?post=1651"}],"version-history":[{"count":3,"href":"https:\/\/underwaterwindows.eu\/es\/wp-json\/wp\/v2\/pages\/1651\/revisions"}],"predecessor-version":[{"id":1654,"href":"https:\/\/underwaterwindows.eu\/es\/wp-json\/wp\/v2\/pages\/1651\/revisions\/1654"}],"wp:attachment":[{"href":"https:\/\/underwaterwindows.eu\/es\/wp-json\/wp\/v2\/media?parent=1651"}],"curies":[{"name":"wp","href":"https:\/\/api.w.org\/{rel}","templated":true}]}}