{"id":1408,"date":"2022-03-08T10:33:04","date_gmt":"2022-03-08T09:33:04","guid":{"rendered":"https:\/\/planoplastics.nl\/?page_id=1408"},"modified":"2024-08-05T15:26:16","modified_gmt":"2024-08-05T13:26:16","slug":"derecho-de-oposicion","status":"publish","type":"page","link":"https:\/\/underwaterwindows.eu\/es\/recht-van-bezwaar\/","title":{"rendered":"Derecho de oposici\u00f3n"},"content":{"rendered":"<section class=\"section header-section\" id=\"section_2024022441\">\n\t\t<div class=\"section-bg fill\" >\n\t\t\t\t\t\t\t\t\t\n\t\t\t\n\n\t\t<\/div>\n\n\t\t\n\n\t\t<div class=\"section-content relative\">\n\t\t\t\n<div class=\"row\"  id=\"row-805575934\">\n\n\t<div id=\"col-1809177587\" class=\"col small-12 large-12\"  >\n\t\t\t\t<div class=\"col-inner\"  >\n\t\t\t\n\t\t\t\n\t<div id=\"text-1745579066\" class=\"text border-left-white\">\n\t\t\n<p><span style=\"font-weight: 600\">derecho de oposici\u00f3n<\/span><span style=\"font-weight: 300\">Plano Plastics<\/span><\/p>\n\t\t\n<style>\n#text-1745579066 {\n  font-size: 2.5rem;\n  line-height: 1.2;\n  color: rgb(255, 255, 255);\n}\n#text-1745579066 > * {\n  color: rgb(255, 255, 255);\n}\n<\/style>\n\t<\/div>\n\t\n\t\t<\/div>\n\t\t\t\t\n<style>\n#col-1809177587 > .col-inner {\n  padding: 0px 0px 0px 3%;\n}\n@media (min-width:850px) {\n  #col-1809177587 > .col-inner {\n    padding: 0px 0px 0px 0;\n  }\n}\n<\/style>\n\t<\/div>\n\n\t\n<\/div>\n\t\t<\/div>\n\n\t\t\n<style>\n#section_2024022441 {\n  padding-top: 30px;\n  padding-bottom: 30px;\n  margin-bottom: 91px;\n}\n<\/style>\n\t<\/section>\n\t\n\n\t<section class=\"section\" id=\"section_898909638\">\n\t\t<div class=\"section-bg fill\" >\n\t\t\t\t\t\t\t\t\t\n\t\t\t\n\n\t\t<\/div>\n\n\t\t\n\n\t\t<div class=\"section-content relative\">\n\t\t\t\n<div class=\"row\"  id=\"row-11427435\">\n\n\t<div id=\"col-2093618717\" class=\"col medium-7 small-12 large-12\"  >\n\t\t\t\t<div class=\"col-inner\"  >\n\t\t\t\n\t\t\t\n<p>Derecho de oposici\u00f3n al marketing directo y la elaboraci\u00f3n de perfiles:<\/p>\n<p>Tiene derecho a indicar que no desea recibir informaci\u00f3n comercial de Plano Plastics. Adem\u00e1s, tiene derecho a indicar si podemos utilizar sus datos personales para la elaboraci\u00f3n de perfiles.<\/p>\n<p>Derecho de oposici\u00f3n al marketing directo:<\/p>\n<p>Tiene derecho a indicar que no desea recibir informaci\u00f3n comercial sobre nuestros productos y servicios. H\u00e1ganoslo saber.<\/p>\n<p>Derecho a oponerse al perfilado con fines comerciales:<\/p>\n<p>Le informamos sobre productos y servicios que son relevantes para usted. Mediante el an\u00e1lisis de datos, podemos ofrecerle ofertas que se adapten a sus necesidades.<\/p>\n<p>Registro \u00abNo me llames\u00bb l Postfilter.nl<\/p>\n<p>\u00bfDesea bloquear los mensajes publicitarios de otras empresas? Entonces inscr\u00edbase en el registro \u00abNo me llame\u00bb y\/o en Postfilter.nl.<\/p>\n<p>Bloquear llamadas telef\u00f3nicas:\u00a0<a href=\"https:\/\/www.bel-me-niet.nl\/\" target=\"_blank\" rel=\"noopener\">Registro \u00abNo me llames\u00bb<\/a><br \/>No recibir m\u00e1s correo:\u00a0<a href=\"https:\/\/www.postfilter.nl\/\" target=\"_blank\" rel=\"noopener\">Postfilter.nl<\/a><\/p>\n<div class=\"accordion\">\n<\/div>\n\t\t<\/div>\n\t\t\t\t\n<style>\n#col-2093618717 > .col-inner {\n  padding: 0px 1% 0px 7%;\n  margin: 0px 0px 15px 0px;\n}\n@media (min-width:550px) {\n  #col-2093618717 > .col-inner {\n    padding: 0px 2% 0px 2%;\n    margin: 0px 0px 0px 20px;\n  }\n}\n@media (min-width:850px) {\n  #col-2093618717 > .col-inner {\n    padding: 0px 160px 0px 0%;\n  }\n}\n<\/style>\n\t<\/div>\n\n\t\n<\/div>\n<div class=\"row\"  id=\"row-56931932\">\n\n\t<div id=\"col-541221564\" class=\"col medium-3 small-6 large-3\"  >\n\t\t\t\t<div class=\"col-inner\"  >\n\t\t\t\n\t\t\t\n\t\t<\/div>\n\t\t\t\t\t<\/div>\n\n\t\n\n\t<div id=\"col-759873417\" class=\"col medium-3 small-6 large-3\"  >\n\t\t\t\t<div class=\"col-inner\"  >\n\t\t\t\n\t\t\t\n\t\t<\/div>\n\t\t\t\t\t<\/div>\n\n\t\n\n\t<div id=\"col-1193259610\" class=\"col medium-3 small-6 large-3\"  >\n\t\t\t\t<div class=\"col-inner\"  >\n\t\t\t\n\t\t\t\n\t\t<\/div>\n\t\t\t\t\t<\/div>\n\n\t\n<\/div>\n\t\t<\/div>\n\n\t\t\n<style>\n#section_898909638 {\n  padding-top: 51px;\n  padding-bottom: 51px;\n}\n<\/style>\n\t<\/section>","protected":false},"excerpt":{"rendered":"","protected":false},"author":2,"featured_media":0,"parent":0,"menu_order":0,"comment_status":"closed","ping_status":"closed","template":"page-blank.php","meta":{"footnotes":""},"class_list":["post-1408","page","type-page","status-publish","hentry"],"yoast_head":"<!-- This site is optimized with the Yoast SEO plugin v27.0 - https:\/\/yoast.com\/product\/yoast-seo-wordpress\/ -->\n<title>Recht van bezwaar - Underwaterwindows<\/title>\n<meta name=\"robots\" content=\"index, follow, max-snippet:-1, max-image-preview:large, max-video-preview:-1\" \/>\n<link rel=\"canonical\" href=\"https:\/\/underwaterwindows.eu\/es\/derecho-de-oposicion\/\" \/>\n<meta property=\"og:locale\" content=\"es_ES\" \/>\n<meta property=\"og:type\" content=\"article\" \/>\n<meta property=\"og:title\" content=\"Recht van bezwaar - Underwaterwindows\" \/>\n<meta property=\"og:url\" content=\"https:\/\/underwaterwindows.eu\/es\/derecho-de-oposicion\/\" \/>\n<meta property=\"og:site_name\" content=\"Underwaterwindows\" \/>\n<meta property=\"article:modified_time\" content=\"2024-08-05T13:26:16+00:00\" \/>\n<meta name=\"twitter:card\" content=\"summary_large_image\" \/>\n<meta name=\"twitter:label1\" content=\"Est. reading time\" \/>\n\t<meta name=\"twitter:data1\" content=\"1 minuto\" \/>\n<script type=\"application\/ld+json\" class=\"yoast-schema-graph\">{\"@context\":\"https:\/\/schema.org\",\"@graph\":[{\"@type\":\"WebPage\",\"@id\":\"https:\/\/underwaterwindows.eu\/recht-van-bezwaar\/\",\"url\":\"https:\/\/underwaterwindows.eu\/recht-van-bezwaar\/\",\"name\":\"Recht van bezwaar - Underwaterwindows\",\"isPartOf\":{\"@id\":\"https:\/\/underwaterwindows.eu\/#website\"},\"datePublished\":\"2022-03-08T09:33:04+00:00\",\"dateModified\":\"2024-08-05T13:26:16+00:00\",\"breadcrumb\":{\"@id\":\"https:\/\/underwaterwindows.eu\/recht-van-bezwaar\/#breadcrumb\"},\"inLanguage\":\"es\",\"potentialAction\":[{\"@type\":\"ReadAction\",\"target\":[\"https:\/\/underwaterwindows.eu\/recht-van-bezwaar\/\"]}]},{\"@type\":\"BreadcrumbList\",\"@id\":\"https:\/\/underwaterwindows.eu\/recht-van-bezwaar\/#breadcrumb\",\"itemListElement\":[{\"@type\":\"ListItem\",\"position\":1,\"name\":\"Home\",\"item\":\"https:\/\/underwaterwindows.eu\/\"},{\"@type\":\"ListItem\",\"position\":2,\"name\":\"Recht van bezwaar\"}]},{\"@type\":\"WebSite\",\"@id\":\"https:\/\/underwaterwindows.eu\/#website\",\"url\":\"https:\/\/underwaterwindows.eu\/\",\"name\":\"Underwaterwindows\",\"description\":\"\",\"potentialAction\":[{\"@type\":\"SearchAction\",\"target\":{\"@type\":\"EntryPoint\",\"urlTemplate\":\"https:\/\/underwaterwindows.eu\/?s={search_term_string}\"},\"query-input\":{\"@type\":\"PropertyValueSpecification\",\"valueRequired\":true,\"valueName\":\"search_term_string\"}}],\"inLanguage\":\"es\"}]}<\/script>\n<!-- \/ Yoast SEO plugin. -->","yoast_head_json":{"title":"Derecho de oposici\u00f3n - Underwaterwindows","robots":{"index":"index","follow":"follow","max-snippet":"max-snippet:-1","max-image-preview":"max-image-preview:large","max-video-preview":"max-video-preview:-1"},"canonical":"https:\/\/underwaterwindows.eu\/es\/derecho-de-oposicion\/","og_locale":"es_ES","og_type":"article","og_title":"Recht van bezwaar - Underwaterwindows","og_url":"https:\/\/underwaterwindows.eu\/es\/derecho-de-oposicion\/","og_site_name":"Underwaterwindows","article_modified_time":"2024-08-05T13:26:16+00:00","twitter_card":"summary_large_image","twitter_misc":{"Est. reading time":"1 minuto"},"schema":{"@context":"https:\/\/schema.org","@graph":[{"@type":"WebPage","@id":"https:\/\/underwaterwindows.eu\/recht-van-bezwaar\/","url":"https:\/\/underwaterwindows.eu\/recht-van-bezwaar\/","name":"Derecho de oposici\u00f3n - Underwaterwindows","isPartOf":{"@id":"https:\/\/underwaterwindows.eu\/#website"},"datePublished":"2022-03-08T09:33:04+00:00","dateModified":"2024-08-05T13:26:16+00:00","breadcrumb":{"@id":"https:\/\/underwaterwindows.eu\/recht-van-bezwaar\/#breadcrumb"},"inLanguage":"es","potentialAction":[{"@type":"ReadAction","target":["https:\/\/underwaterwindows.eu\/recht-van-bezwaar\/"]}]},{"@type":"BreadcrumbList","@id":"https:\/\/underwaterwindows.eu\/recht-van-bezwaar\/#breadcrumb","itemListElement":[{"@type":"ListItem","position":1,"name":"Home","item":"https:\/\/underwaterwindows.eu\/"},{"@type":"ListItem","position":2,"name":"Recht van bezwaar"}]},{"@type":"WebSite","@id":"https:\/\/underwaterwindows.eu\/#website","url":"https:\/\/underwaterwindows.eu\/","name":"Ventanas submarinas","description":"","potentialAction":[{"@type":"SearchAction","target":{"@type":"EntryPoint","urlTemplate":"https:\/\/underwaterwindows.eu\/?s={search_term_string}"},"query-input":{"@type":"PropertyValueSpecification","valueRequired":true,"valueName":"search_term_string"}}],"inLanguage":"es"}]}},"_links":{"self":[{"href":"https:\/\/underwaterwindows.eu\/es\/wp-json\/wp\/v2\/pages\/1408","targetHints":{"allow":["GET"]}}],"collection":[{"href":"https:\/\/underwaterwindows.eu\/es\/wp-json\/wp\/v2\/pages"}],"about":[{"href":"https:\/\/underwaterwindows.eu\/es\/wp-json\/wp\/v2\/types\/page"}],"author":[{"embeddable":true,"href":"https:\/\/underwaterwindows.eu\/es\/wp-json\/wp\/v2\/users\/2"}],"replies":[{"embeddable":true,"href":"https:\/\/underwaterwindows.eu\/es\/wp-json\/wp\/v2\/comments?post=1408"}],"version-history":[{"count":3,"href":"https:\/\/underwaterwindows.eu\/es\/wp-json\/wp\/v2\/pages\/1408\/revisions"}],"predecessor-version":[{"id":1411,"href":"https:\/\/underwaterwindows.eu\/es\/wp-json\/wp\/v2\/pages\/1408\/revisions\/1411"}],"wp:attachment":[{"href":"https:\/\/underwaterwindows.eu\/es\/wp-json\/wp\/v2\/media?parent=1408"}],"curies":[{"name":"wp","href":"https:\/\/api.w.org\/{rel}","templated":true}]}}