{"id":1401,"date":"2022-03-08T10:25:12","date_gmt":"2022-03-08T09:25:12","guid":{"rendered":"https:\/\/planoplastics.nl\/?page_id=1401"},"modified":"2024-08-05T15:26:15","modified_gmt":"2024-08-05T13:26:15","slug":"declaracion-sobre-cookies","status":"publish","type":"page","link":"https:\/\/underwaterwindows.eu\/es\/cookie-statement\/","title":{"rendered":"Declaraci\u00f3n sobre cookies"},"content":{"rendered":"<section class=\"section header-section\" id=\"section_531159937\">\n\t\t<div class=\"section-bg fill\" >\n\t\t\t\t\t\t\t\t\t\n\t\t\t\n\n\t\t<\/div>\n\n\t\t\n\n\t\t<div class=\"section-content relative\">\n\t\t\t\n<div class=\"row\"  id=\"row-328967795\">\n\n\t<div id=\"col-1176527495\" class=\"col small-12 large-12\"  >\n\t\t\t\t<div class=\"col-inner\"  >\n\t\t\t\n\t\t\t\n\t<div id=\"text-1588664794\" class=\"text border-left-white\">\n\t\t\n<p><span style=\"font-weight: 600\">Declaraci\u00f3n sobre cookies<\/span><span style=\"font-weight: 300\">Plano Plastics<\/span><\/p>\n\t\t\n<style>\n#text-1588664794 {\n  font-size: 2.5rem;\n  line-height: 1.2;\n  color: rgb(255, 255, 255);\n}\n#text-1588664794 > * {\n  color: rgb(255, 255, 255);\n}\n<\/style>\n\t<\/div>\n\t\n\t\t<\/div>\n\t\t\t\t\n<style>\n#col-1176527495 > .col-inner {\n  padding: 0px 0px 0px 3%;\n}\n@media (min-width:850px) {\n  #col-1176527495 > .col-inner {\n    padding: 0px 0px 0px 0;\n  }\n}\n<\/style>\n\t<\/div>\n\n\t\n<\/div>\n\t\t<\/div>\n\n\t\t\n<style>\n#section_531159937 {\n  padding-top: 30px;\n  padding-bottom: 30px;\n  margin-bottom: 91px;\n}\n<\/style>\n\t<\/section>\n\t\n\n\t<section class=\"section\" id=\"section_47176572\">\n\t\t<div class=\"section-bg fill\" >\n\t\t\t\t\t\t\t\t\t\n\t\t\t\n\n\t\t<\/div>\n\n\t\t\n\n\t\t<div class=\"section-content relative\">\n\t\t\t\n<div class=\"row\"  id=\"row-1064357341\">\n\n\t<div id=\"col-574400282\" class=\"col medium-7 small-12 large-12\"  >\n\t\t\t\t<div class=\"col-inner\"  >\n\t\t\t\n\t\t\t\n<h3>\u00bfQu\u00e9 es una cookie?<\/h3>\n<p>Una cookie es un peque\u00f1o archivo que nuestro sitio web almacena en su ordenador, tableta o smartphone. Este archivo almacena informaci\u00f3n espec\u00edfica. En su pr\u00f3xima visita, nuestro sitio web podr\u00e1 recuperar esa informaci\u00f3n y utilizarla para ofrecerle un mejor servicio.<\/p>\n<h3>\u00bfQu\u00e9 hace Plano Plastics con las cookies?<\/h3>\n<p>Podemos recopilar informaci\u00f3n sobre el uso de nuestros sitios web a trav\u00e9s de las cookies. Los terceros tambi\u00e9n pueden hacerlo, pero solo si usted acepta las cookies y da su consentimiento a Plano Plastics.<\/p>\n<h3>\u00bfPara qu\u00e9 sirven las cookies?<\/h3>\n<p>Mediante el uso de cookies, le reconocemos cuando vuelve a visitar nuestro sitio web. De esta forma, podemos adaptar el sitio web y la informaci\u00f3n que se muestra a sus preferencias. Adem\u00e1s, utilizamos esta informaci\u00f3n para mejorar el sitio web. Las cookies nos indican lo que le interesa y lo que no, y si, por ejemplo, desea compartir un art\u00edculo escrito por nosotros en una red social.<\/p>\n<h3>\u00bfQu\u00e9 tipos de cookies hay?<\/h3>\n<p>Existen diferentes tipos de cookies:<\/p>\n<ol>\n<li><strong>Cookies t\u00e9cnicamente necesarias o cookies funcionales<\/strong><\/li>\n<\/ol>\n<p>Las cookies t\u00e9cnicamente necesarias o funcionales son imprescindibles para el funcionamiento de nuestro sitio web. Por ejemplo, debemos utilizar una cookie para recordar si usted acepta otras cookies. Estas son las cookies necesarias o funcionales:<\/p>\n<ol start=\"2\">\n<li><strong>Cookies para estad\u00edsticas<\/strong><\/li>\n<\/ol>\n<p>Utilizamos cookies para estad\u00edsticas con el fin de investigar qu\u00e9 partes del sitio web son m\u00e1s interesantes para nuestros visitantes. Pero tambi\u00e9n las utilizamos para ver si una p\u00e1gina que creemos que es interesante para usted se encuentra f\u00e1cilmente. Por ejemplo, si busca cierta informaci\u00f3n y no la encuentra, podemos verlo gracias a las cookies para estad\u00edsticas. As\u00ed sabemos c\u00f3mo podemos hacer que la estructura, la navegaci\u00f3n y el contenido del sitio web sean m\u00e1s f\u00e1ciles de usar. Las estad\u00edsticas y otros informes no se refieren a personas concretas. A continuaci\u00f3n se muestra un resumen de las cookies para estad\u00edsticas:<\/p>\n<p><em>Google Analytics<br \/><\/em><strong>Objetivo:<\/strong>\u00a0Google Analytics mide c\u00f3mo se utiliza el sitio web. Utilizamos esta informaci\u00f3n para mejorar nuestro sitio web.<br \/><strong>\u00bfQu\u00e9 se comparte?<\/strong>\u00a0Google comparte datos an\u00f3nimos con terceros.<\/p>\n<ol start=\"3\">\n<li><strong>Cookies para redes sociales<\/strong><\/li>\n<\/ol>\n<p>Los art\u00edculos y v\u00eddeos que ve en nuestro sitio web se pueden compartir en las redes sociales mediante botones. Para que estos botones funcionen, Facebook, LinkedIn, Twitter y otras redes sociales instalan cookies que les permiten reconocerle cuando desea compartir un art\u00edculo o un v\u00eddeo. En nuestros sitios web hay v\u00eddeos que funcionan a trav\u00e9s de YouTube. Para poder ver esos v\u00eddeos, tambi\u00e9n son necesarias las cookies de las redes sociales.<\/p>\n<ol start=\"4\">\n<li><strong>Cookies para preferencias personales y anuncios (cookies de seguimiento)<\/strong><\/li>\n<\/ol>\n<p>Plano Plastics utiliza cookies para ofrecerle una mejor experiencia de usuario totalmente adaptada a sus preferencias personales. Con la ayuda de las cookies, Plano Plastics se asegura de que, por ejemplo, no reciba o tenga que introducir repetidamente la misma informaci\u00f3n.<\/p>\n<h3>\u00bfPrefieres no recibir cookies?<\/h3>\n<p>\u00bfPrefiere no recibir cookies? Puede indicarlo en cualquier momento en su navegador.<\/p>\n<p>Atenci\u00f3n: si rechaza y\/o elimina las cookies, es posible que no pueda utilizar todas las funciones de un sitio web. Adem\u00e1s, rechazar y\/o eliminar las cookies solo afecta al ordenador y al navegador en el que realiza esta acci\u00f3n. \u00bfUtiliza varios ordenadores y\/o navegadores? En ese caso, repita la(s) acci\u00f3n(es) para rechazar y\/o eliminar las cookies tantas veces como sea necesario.<\/p>\n<p>\u00a0<\/p>\n<div class=\"accordion\">\n<\/div>\n\t\t<\/div>\n\t\t\t\t\n<style>\n#col-574400282 > .col-inner {\n  padding: 0px 1% 0px 7%;\n  margin: 0px 0px 15px 0px;\n}\n@media (min-width:550px) {\n  #col-574400282 > .col-inner {\n    padding: 0px 2% 0px 2%;\n    margin: 0px 0px 0px 20px;\n  }\n}\n@media (min-width:850px) {\n  #col-574400282 > .col-inner {\n    padding: 0px 160px 0px 0%;\n  }\n}\n<\/style>\n\t<\/div>\n\n\t\n<\/div>\n<div class=\"row\"  id=\"row-889208271\">\n\n\t<div id=\"col-1630487744\" class=\"col medium-3 small-6 large-3 medium-col-first\"  >\n\t\t\t\t<div class=\"col-inner\"  >\n\t\t\t\n\t<div class=\"is-border\"\n\t\tstyle=\"border-color:rgb(21, 128, 163);border-width:20px 20px 20px 20px;margin:5px 5px 5px 5;\">\n\t<\/div>\n\t\t\t\n\t\t<\/div>\n\t\t\t\t\t<\/div>\n\n\t\n\n\t<div id=\"col-551500635\" class=\"col medium-3 small-6 large-3\"  >\n\t\t\t\t<div class=\"col-inner\"  >\n\t\t\t\n\t\t\t\n\t\t<\/div>\n\t\t\t\t\t<\/div>\n\n\t\n\n\t<div id=\"col-907876893\" class=\"col medium-3 small-6 large-3\"  >\n\t\t\t\t<div class=\"col-inner\"  >\n\t\t\t\n\t\t\t\n\t\t<\/div>\n\t\t\t\t\t<\/div>\n\n\t\n\n\t<div id=\"col-294742898\" class=\"col medium-3 small-6 large-3\"  >\n\t\t\t\t<div class=\"col-inner\"  >\n\t\t\t\n\t\t\t\n\t\t<\/div>\n\t\t\t\t\t<\/div>\n\n\t\n<\/div>\n\t\t<\/div>\n\n\t\t\n<style>\n#section_47176572 {\n  padding-top: 51px;\n  padding-bottom: 51px;\n}\n<\/style>\n\t<\/section>","protected":false},"excerpt":{"rendered":"","protected":false},"author":2,"featured_media":0,"parent":0,"menu_order":0,"comment_status":"closed","ping_status":"closed","template":"page-blank.php","meta":{"footnotes":""},"class_list":["post-1401","page","type-page","status-publish","hentry"],"yoast_head":"<!-- This site is optimized with the Yoast SEO plugin v27.0 - https:\/\/yoast.com\/product\/yoast-seo-wordpress\/ -->\n<title>Cookie Statement - Underwaterwindows<\/title>\n<meta name=\"robots\" content=\"index, follow, max-snippet:-1, max-image-preview:large, max-video-preview:-1\" \/>\n<link rel=\"canonical\" href=\"https:\/\/underwaterwindows.eu\/es\/declaracion-sobre-cookies\/\" \/>\n<meta property=\"og:locale\" content=\"es_ES\" \/>\n<meta property=\"og:type\" content=\"article\" \/>\n<meta property=\"og:title\" content=\"Cookie Statement - Underwaterwindows\" \/>\n<meta property=\"og:url\" content=\"https:\/\/underwaterwindows.eu\/es\/declaracion-sobre-cookies\/\" \/>\n<meta property=\"og:site_name\" content=\"Underwaterwindows\" \/>\n<meta property=\"article:modified_time\" content=\"2024-08-05T13:26:15+00:00\" \/>\n<meta name=\"twitter:card\" content=\"summary_large_image\" \/>\n<meta name=\"twitter:label1\" content=\"Est. reading time\" \/>\n\t<meta name=\"twitter:data1\" content=\"4 minutos\" \/>\n<script type=\"application\/ld+json\" class=\"yoast-schema-graph\">{\"@context\":\"https:\/\/schema.org\",\"@graph\":[{\"@type\":\"WebPage\",\"@id\":\"https:\/\/underwaterwindows.eu\/cookie-statement\/\",\"url\":\"https:\/\/underwaterwindows.eu\/cookie-statement\/\",\"name\":\"Cookie Statement - Underwaterwindows\",\"isPartOf\":{\"@id\":\"https:\/\/underwaterwindows.eu\/#website\"},\"datePublished\":\"2022-03-08T09:25:12+00:00\",\"dateModified\":\"2024-08-05T13:26:15+00:00\",\"breadcrumb\":{\"@id\":\"https:\/\/underwaterwindows.eu\/cookie-statement\/#breadcrumb\"},\"inLanguage\":\"es\",\"potentialAction\":[{\"@type\":\"ReadAction\",\"target\":[\"https:\/\/underwaterwindows.eu\/cookie-statement\/\"]}]},{\"@type\":\"BreadcrumbList\",\"@id\":\"https:\/\/underwaterwindows.eu\/cookie-statement\/#breadcrumb\",\"itemListElement\":[{\"@type\":\"ListItem\",\"position\":1,\"name\":\"Home\",\"item\":\"https:\/\/underwaterwindows.eu\/\"},{\"@type\":\"ListItem\",\"position\":2,\"name\":\"Cookie Statement\"}]},{\"@type\":\"WebSite\",\"@id\":\"https:\/\/underwaterwindows.eu\/#website\",\"url\":\"https:\/\/underwaterwindows.eu\/\",\"name\":\"Underwaterwindows\",\"description\":\"\",\"potentialAction\":[{\"@type\":\"SearchAction\",\"target\":{\"@type\":\"EntryPoint\",\"urlTemplate\":\"https:\/\/underwaterwindows.eu\/?s={search_term_string}\"},\"query-input\":{\"@type\":\"PropertyValueSpecification\",\"valueRequired\":true,\"valueName\":\"search_term_string\"}}],\"inLanguage\":\"es\"}]}<\/script>\n<!-- \/ Yoast SEO plugin. -->","yoast_head_json":{"title":"Declaraci\u00f3n sobre cookies - Underwaterwindows","robots":{"index":"index","follow":"follow","max-snippet":"max-snippet:-1","max-image-preview":"max-image-preview:large","max-video-preview":"max-video-preview:-1"},"canonical":"https:\/\/underwaterwindows.eu\/es\/declaracion-sobre-cookies\/","og_locale":"es_ES","og_type":"article","og_title":"Cookie Statement - Underwaterwindows","og_url":"https:\/\/underwaterwindows.eu\/es\/declaracion-sobre-cookies\/","og_site_name":"Underwaterwindows","article_modified_time":"2024-08-05T13:26:15+00:00","twitter_card":"summary_large_image","twitter_misc":{"Est. reading time":"4 minutos"},"schema":{"@context":"https:\/\/schema.org","@graph":[{"@type":"WebPage","@id":"https:\/\/underwaterwindows.eu\/cookie-statement\/","url":"https:\/\/underwaterwindows.eu\/cookie-statement\/","name":"Declaraci\u00f3n sobre cookies - Underwaterwindows","isPartOf":{"@id":"https:\/\/underwaterwindows.eu\/#website"},"datePublished":"2022-03-08T09:25:12+00:00","dateModified":"2024-08-05T13:26:15+00:00","breadcrumb":{"@id":"https:\/\/underwaterwindows.eu\/cookie-statement\/#breadcrumb"},"inLanguage":"es","potentialAction":[{"@type":"ReadAction","target":["https:\/\/underwaterwindows.eu\/cookie-statement\/"]}]},{"@type":"BreadcrumbList","@id":"https:\/\/underwaterwindows.eu\/cookie-statement\/#breadcrumb","itemListElement":[{"@type":"ListItem","position":1,"name":"Home","item":"https:\/\/underwaterwindows.eu\/"},{"@type":"ListItem","position":2,"name":"Cookie Statement"}]},{"@type":"WebSite","@id":"https:\/\/underwaterwindows.eu\/#website","url":"https:\/\/underwaterwindows.eu\/","name":"Ventanas submarinas","description":"","potentialAction":[{"@type":"SearchAction","target":{"@type":"EntryPoint","urlTemplate":"https:\/\/underwaterwindows.eu\/?s={search_term_string}"},"query-input":{"@type":"PropertyValueSpecification","valueRequired":true,"valueName":"search_term_string"}}],"inLanguage":"es"}]}},"_links":{"self":[{"href":"https:\/\/underwaterwindows.eu\/es\/wp-json\/wp\/v2\/pages\/1401","targetHints":{"allow":["GET"]}}],"collection":[{"href":"https:\/\/underwaterwindows.eu\/es\/wp-json\/wp\/v2\/pages"}],"about":[{"href":"https:\/\/underwaterwindows.eu\/es\/wp-json\/wp\/v2\/types\/page"}],"author":[{"embeddable":true,"href":"https:\/\/underwaterwindows.eu\/es\/wp-json\/wp\/v2\/users\/2"}],"replies":[{"embeddable":true,"href":"https:\/\/underwaterwindows.eu\/es\/wp-json\/wp\/v2\/comments?post=1401"}],"version-history":[{"count":4,"href":"https:\/\/underwaterwindows.eu\/es\/wp-json\/wp\/v2\/pages\/1401\/revisions"}],"predecessor-version":[{"id":2178,"href":"https:\/\/underwaterwindows.eu\/es\/wp-json\/wp\/v2\/pages\/1401\/revisions\/2178"}],"wp:attachment":[{"href":"https:\/\/underwaterwindows.eu\/es\/wp-json\/wp\/v2\/media?parent=1401"}],"curies":[{"name":"wp","href":"https:\/\/api.w.org\/{rel}","templated":true}]}}