{"id":1302,"date":"2022-02-24T15:28:01","date_gmt":"2022-02-24T14:28:01","guid":{"rendered":"https:\/\/planoplastics.nl\/?page_id=1302"},"modified":"2025-08-14T16:05:37","modified_gmt":"2025-08-14T14:05:37","slug":"parque-de-maquinas","status":"publish","type":"page","link":"https:\/\/underwaterwindows.eu\/es\/machinepark\/","title":{"rendered":"Maquinaria"},"content":{"rendered":"<section class=\"section header-section\" id=\"section_1035105619\">\n\t\t<div class=\"section-bg fill\" >\n\t\t\t<img loading=\"lazy\" decoding=\"async\" width=\"1559\" height=\"808\" src=\"https:\/\/underwaterwindows.eu\/app\/uploads\/2024\/12\/underwater-windows-header1.jpg\" class=\"bg attachment- size-\" alt=\"\" \/>\t\t\t\t\t\t\n\t\t\t\n\n\t\t<\/div>\n\n\t\t\n\n\t\t<div class=\"section-content relative\">\n\t\t\t\n<div class=\"row\"  id=\"row-904400500\">\n\n\t<div id=\"col-650006686\" class=\"col small-12 large-12\"  >\n\t\t\t\t<div class=\"col-inner\"  >\n\t\t\t\n\t\t\t\n\t<div id=\"text-1483154917\" class=\"text border-left-white\">\n\t\t\n<h1 style=\"font-weight: 600;font-size: 2.5rem\">Maquinaria<br \/><span style=\"font-weight: 300\">Todo bajo un mismo techo<\/span><\/h1>\n\t\t\n<style>\n#text-1483154917 {\n  font-size: 2.5rem;\n  line-height: 1.2;\n  color: rgb(255, 255, 255);\n}\n#text-1483154917 > * {\n  color: rgb(255, 255, 255);\n}\n<\/style>\n\t<\/div>\n\t\n\t\t<\/div>\n\t\t\t\t\t<\/div>\n\n\t\n<\/div>\n\t\t<\/div>\n\n\t\t\n<style>\n#section_1035105619 {\n  padding-top: 30px;\n  padding-bottom: 30px;\n  margin-bottom: 91px;\n}\n#section_1035105619 .section-bg img {\n  object-position: 50% 81%;\n}\n<\/style>\n\t<\/section>\n\t\n\n\t<section class=\"section\" id=\"section_266035001\">\n\t\t<div class=\"section-bg fill\" >\n\t\t\t\t\t\t\t\t\t\n\t\t\t\n\n\t\t<\/div>\n\n\t\t\n\n\t\t<div class=\"section-content relative\">\n\t\t\t\n<div class=\"row row-large align-equal\"  id=\"row-7963986\">\n\n\t<div id=\"col-949237560\" class=\"col flip-card-background1 medium-4 small-12 large-4\"  >\n\t\t\t\t<div class=\"col-inner text-center box-shadow-2\" style=\"background-color:rgb(255,255,255);\" >\n\t\t\t\n\t\t\t\n<a class=\"button primary is-outline box-shadow-1 flip-button1 show-for-medium\"  style=\"border-radius:28px;padding:4px 89px 6px 73px;\">\n\t\t<span><\/span>\n\t<i class=\"icon-angle-down\" aria-hidden=\"true\" ><\/i><\/a>\n\n\t<div class=\"img has-hover x md-x lg-x y md-y lg-y\" id=\"image_946592047\">\n\t\t\t\t\t\t\t\t<div class=\"img-inner dark\" >\n\t\t\t<img loading=\"lazy\" decoding=\"async\" width=\"1020\" height=\"659\" src=\"https:\/\/underwaterwindows.eu\/app\/uploads\/2022\/03\/Frees-twee-koppen-1024x662.jpg\" class=\"attachment-large size-large\" alt=\"Fresadora de dos cabezales - Mayorista de materiales laminados - Acabados Todo bajo un mismo techo\" srcset=\"https:\/\/underwaterwindows.eu\/app\/uploads\/2022\/03\/Frees-twee-koppen-1024x662.jpg 1024w, https:\/\/underwaterwindows.eu\/app\/uploads\/2022\/03\/Frees-twee-koppen-300x194.jpg 300w, https:\/\/underwaterwindows.eu\/app\/uploads\/2022\/03\/Frees-twee-koppen-768x496.jpg 768w, https:\/\/underwaterwindows.eu\/app\/uploads\/2022\/03\/Frees-twee-koppen-600x388.jpg 600w, https:\/\/underwaterwindows.eu\/app\/uploads\/2022\/03\/Frees-twee-koppen.jpg 1181w\" sizes=\"auto, (max-width: 1020px) 100vw, 1020px\" \/>\t\t\t\t\t\t\n\t\t\t\t\t<\/div>\n\t\t\t\t\t\t\t\t\n<style>\n#image_946592047 {\n  width: 100%;\n}\n<\/style>\n\t<\/div>\n\t\n\t<div id=\"text-2127412295\" class=\"text flip-card5\">\n\t\t\n<h2 class=\"uppercase\">Fresado<\/h2>\n<p>Tenemos\u00a0<strong>15 fresadoras<\/strong>\u00a0en casa, entre ellos:<br \/><strong>Cortadora D3 con cinta de fresado y dos sistemas de fresado de 3,6 kW<br \/>Briesse de 5 ejes<br \/>Cosign (hasta 7000 mm)<br \/>Z\u00fbnd<\/strong><\/p>\n\t\t\n<style>\n#text-2127412295 {\n  text-align: left;\n}\n<\/style>\n\t<\/div>\n\t\n<div class=\"video-button-wrapper\" ><a href=\"https:\/\/www.youtube.com\/watch?v=S0KrDp2g-T8\" class=\"button open-video icon circle is-outline is-xlarge\"><i class=\"icon-play\" style=\"font-size:1.5em;\" ><\/i><\/a><\/div>\n<a class=\"button primary is-outline box-shadow-1 flip-button5 show-for-medium\"  style=\"border-radius:28px;padding:4px 89px 6px 73px;\">\n\t\t<span><\/span>\n\t<i class=\"icon-angle-down\" aria-hidden=\"true\" ><\/i><\/a>\n\n\t\t<\/div>\n\t\t\t\t\n<style>\n#col-949237560 > .col-inner {\n  padding: 0px 0px 0px 0px;\n}\n<\/style>\n\t<\/div>\n\n\t\n\n\t<div id=\"col-704238175\" class=\"col flip-card-background3 medium-4 small-12 large-4\"  >\n\t\t\t\t<div class=\"col-inner text-center box-shadow-2\" style=\"background-color:rgb(250, 250, 250);\" >\n\t\t\t\n\t\t\t\n\t<div class=\"img has-hover x md-x lg-x y md-y lg-y\" id=\"image_1142009546\">\n\t\t\t\t\t\t\t\t<div class=\"img-inner dark\" >\n\t\t\t<img loading=\"lazy\" decoding=\"async\" width=\"984\" height=\"636\" src=\"https:\/\/underwaterwindows.eu\/app\/uploads\/2022\/02\/Polijstmachine.jpg\" class=\"attachment-large size-large\" alt=\"Pulidora - pulido de plexigl\u00e1s - pulido de vidrio - pulido de pl\u00e1stico\" srcset=\"https:\/\/underwaterwindows.eu\/app\/uploads\/2022\/02\/Polijstmachine.jpg 984w, https:\/\/underwaterwindows.eu\/app\/uploads\/2022\/02\/Polijstmachine-300x194.jpg 300w, https:\/\/underwaterwindows.eu\/app\/uploads\/2022\/02\/Polijstmachine-768x496.jpg 768w, https:\/\/underwaterwindows.eu\/app\/uploads\/2022\/02\/Polijstmachine-600x388.jpg 600w\" sizes=\"auto, (max-width: 984px) 100vw, 984px\" \/>\t\t\t\t\t\t\n\t\t\t\t\t<\/div>\n\t\t\t\t\t\t\t\t\n<style>\n#image_1142009546 {\n  width: 100%;\n}\n<\/style>\n\t<\/div>\n\t\n\t<div id=\"text-1939643068\" class=\"text flip-card3\">\n\t\t\n<h2 class=\"uppercase\">Pulidora<\/h2>\n<p>En el departamento de pulido se trabaja con <strong>2 pulidoras autom\u00e1ticas Bermaq<\/strong>\u00a0(hasta una longitud de 3000 mm) y varios <strong>pulidoras manuales<\/strong>.<\/p>\n\t\t\n<style>\n#text-1939643068 {\n  text-align: left;\n}\n<\/style>\n\t<\/div>\n\t\n<a class=\"button primary is-outline box-shadow-1 flip-button3 show-for-medium\"  style=\"border-radius:28px;padding:4px 89px 6px 73px;\">\n\t\t<span><\/span>\n\t<i class=\"icon-angle-down\" aria-hidden=\"true\" ><\/i><\/a>\n\n\t\t<\/div>\n\t\t\t\t\n<style>\n#col-704238175 > .col-inner {\n  padding: 0px 0px 0px 0px;\n}\n<\/style>\n\t<\/div>\n\n\t\n\n\t<div id=\"col-1434187720\" class=\"col flip-card-background2 medium-4 small-12 large-4\"  >\n\t\t\t\t<div class=\"col-inner text-center box-shadow-2\" style=\"background-color:rgb(250, 250, 250);\" >\n\t\t\t\n\t\t\t\n\t<div class=\"img has-hover x md-x lg-x y md-y lg-y\" id=\"image_554501037\">\n\t\t\t\t\t\t\t\t<div class=\"img-inner dark\" >\n\t\t\t<img loading=\"lazy\" decoding=\"async\" width=\"1020\" height=\"658\" src=\"https:\/\/underwaterwindows.eu\/app\/uploads\/2022\/02\/eurolaser-1024x661.jpg\" class=\"attachment-large size-large\" alt=\"eurolaser - corte por l\u00e1ser - corte de pl\u00e1sticos con l\u00e1ser - venta al por mayor de materiales laminados a medida\" srcset=\"https:\/\/underwaterwindows.eu\/app\/uploads\/2022\/02\/eurolaser-1024x661.jpg 1024w, https:\/\/underwaterwindows.eu\/app\/uploads\/2022\/02\/eurolaser-300x194.jpg 300w, https:\/\/underwaterwindows.eu\/app\/uploads\/2022\/02\/eurolaser-768x496.jpg 768w, https:\/\/underwaterwindows.eu\/app\/uploads\/2022\/02\/eurolaser-1536x992.jpg 1536w, https:\/\/underwaterwindows.eu\/app\/uploads\/2022\/02\/eurolaser-600x388.jpg 600w, https:\/\/underwaterwindows.eu\/app\/uploads\/2022\/02\/eurolaser.jpg 1977w\" sizes=\"auto, (max-width: 1020px) 100vw, 1020px\" \/>\t\t\t\t\t\t\n\t\t\t\t\t<\/div>\n\t\t\t\t\t\t\t\t\n<style>\n#image_554501037 {\n  width: 100%;\n}\n<\/style>\n\t<\/div>\n\t\n\t<div id=\"text-802669098\" class=\"text flip-card2\">\n\t\t\n<h2 class=\"uppercase\">L\u00c1SER<\/h2>\n<p>En nuestro departamento de l\u00e1ser se trabaja con tres l\u00e1seres:<br \/><b>L\u00e1ser Sei Mercury 1520<br \/>L\u00e1ser Sei Mercury 2030<br \/>Eurolaser XL-3200<\/b><\/p>\n\t\t\n<style>\n#text-802669098 {\n  text-align: left;\n}\n<\/style>\n\t<\/div>\n\t\n<a class=\"button primary is-outline box-shadow-1 flip-button2 show-for-medium\"  style=\"border-radius:28px;padding:4px 89px 6px 73px;\">\n\t\t<span><\/span>\n\t<i class=\"icon-angle-down\" aria-hidden=\"true\" ><\/i><\/a>\n\n\t\t<\/div>\n\t\t\t\t\n<style>\n#col-1434187720 > .col-inner {\n  padding: 0px 0px 0px 0px;\n}\n<\/style>\n\t<\/div>\n\n\t\n<\/div>\n<div class=\"row row-large align-equal\"  id=\"row-2043978288\">\n\n\t<div id=\"col-1640390353\" class=\"col flip-card-background4 medium-4 small-12 large-4\"  >\n\t\t\t\t<div class=\"col-inner text-center box-shadow-2\" style=\"background-color:rgb(250, 250, 250);\" >\n\t\t\t\n\t\t\t\n<a class=\"button primary is-outline box-shadow-1 flip-button4 show-for-medium\"  style=\"border-radius:28px;padding:4px 89px 6px 73px;\">\n\t\t<span><\/span>\n\t<i class=\"icon-angle-down\" aria-hidden=\"true\" ><\/i><\/a>\n\n\t<div class=\"img has-hover x md-x lg-x y md-y lg-y\" id=\"image_1426953410\">\n\t\t\t\t\t\t\t\t<div class=\"img-inner dark\" >\n\t\t\t<img loading=\"lazy\" decoding=\"async\" width=\"984\" height=\"551\" src=\"https:\/\/underwaterwindows.eu\/app\/uploads\/2022\/03\/Plano-Plastics-Robot-1LR.jpg\" class=\"attachment-large size-large\" alt=\"Plano Plastics: almac\u00e9n autom\u00e1tico de placas con robot - Duivendrecht\" srcset=\"https:\/\/underwaterwindows.eu\/app\/uploads\/2022\/03\/Plano-Plastics-Robot-1LR.jpg 984w, https:\/\/underwaterwindows.eu\/app\/uploads\/2022\/03\/Plano-Plastics-Robot-1LR-300x168.jpg 300w, https:\/\/underwaterwindows.eu\/app\/uploads\/2022\/03\/Plano-Plastics-Robot-1LR-768x430.jpg 768w, https:\/\/underwaterwindows.eu\/app\/uploads\/2022\/03\/Plano-Plastics-Robot-1LR-600x336.jpg 600w\" sizes=\"auto, (max-width: 984px) 100vw, 984px\" \/>\t\t\t\t\t\t\n\t\t\t\t\t<\/div>\n\t\t\t\t\t\t\t\t\n<style>\n#image_1426953410 {\n  width: 100%;\n}\n<\/style>\n\t<\/div>\n\t\n\t<div id=\"text-1466810115\" class=\"text flip-card4\">\n\t\t\n<h1 class=\"gdlr-blog-title\">ALMAC\u00c9N AUTOMATIZADO<\/h1>\n<p>Contamos con un almac\u00e9n automatizado que se controla con el software ARDIS\u00ae. Este software consiste en una plataforma modular y est\u00e1ndar, mediante la cual se controlan todas las personas, materiales y m\u00e1quinas de nuestro departamento de corte.<br \/>\n\t\t\n<style>\n#text-1466810115 {\n  text-align: left;\n}\n<\/style>\n\t<\/div>\n\t\n<div class=\"video-button-wrapper\" ><a href=\"https:\/\/www.youtube.com\/watch?v=S5V6AqTiVNQ\" class=\"button open-video icon circle is-outline is-xlarge\"><i class=\"icon-play\" style=\"font-size:1.5em;\" ><\/i><\/a><\/div>\n<a class=\"button primary is-outline box-shadow-1 flip-button4 show-for-medium\"  style=\"border-radius:28px;padding:4px 89px 6px 73px;\">\n\t\t<span><\/span>\n\t<i class=\"icon-angle-down\" aria-hidden=\"true\" ><\/i><\/a>\n\n\t\t<\/div>\n\t\t\t\t\n<style>\n#col-1640390353 > .col-inner {\n  padding: 0px 0px 0px 0px;\n}\n<\/style>\n\t<\/div>\n\n\t\n\n\t<div id=\"col-1803471806\" class=\"col flip-card-background5 medium-4 small-12 large-4\"  >\n\t\t\t\t<div class=\"col-inner text-center box-shadow-2\" style=\"background-color:rgb(250, 250, 250);\" >\n\t\t\t\n\t\t\t\n\t<div class=\"img has-hover x md-x lg-x y md-y lg-y\" id=\"image_1248754863\">\n\t\t\t\t\t\t\t\t<div class=\"img-inner dark\" >\n\t\t\t<img loading=\"lazy\" decoding=\"async\" width=\"984\" height=\"636\" src=\"https:\/\/underwaterwindows.eu\/app\/uploads\/2022\/03\/Zagen-2.jpg\" class=\"attachment-large size-large\" alt=\"Plano Plastics: almac\u00e9n autom\u00e1tico de placas con robot - Duivendrecht - secci\u00f3n de corte controlada\" srcset=\"https:\/\/underwaterwindows.eu\/app\/uploads\/2022\/03\/Zagen-2.jpg 984w, https:\/\/underwaterwindows.eu\/app\/uploads\/2022\/03\/Zagen-2-300x194.jpg 300w, https:\/\/underwaterwindows.eu\/app\/uploads\/2022\/03\/Zagen-2-768x496.jpg 768w, https:\/\/underwaterwindows.eu\/app\/uploads\/2022\/03\/Zagen-2-600x388.jpg 600w\" sizes=\"auto, (max-width: 984px) 100vw, 984px\" \/>\t\t\t\t\t\t\n\t\t\t\t\t<\/div>\n\t\t\t\t\t\t\t\t\n<style>\n#image_1248754863 {\n  width: 100%;\n}\n<\/style>\n\t<\/div>\n\t\n\t<div id=\"text-1894483423\" class=\"text flip-card6\">\n\t\t\n<h2 class=\"uppercase\">sierras<\/h2>\n<p>Mediante <strong>3 sierras industriales de corte longitudinal<\/strong> los materiales laminados se cortan a medida con una precisi\u00f3n milim\u00e9trica.<\/p>\n\t\t\n<style>\n#text-1894483423 {\n  text-align: left;\n}\n<\/style>\n\t<\/div>\n\t\n<a class=\"button primary is-outline box-shadow-1 flip-button6 show-for-medium\"  style=\"border-radius:28px;padding:4px 89px 6px 73px;\">\n\t\t<span><\/span>\n\t<i class=\"icon-angle-down\" aria-hidden=\"true\" ><\/i><\/a>\n\n\t\t<\/div>\n\t\t\t\t\n<style>\n#col-1803471806 > .col-inner {\n  padding: 0px 0px 0px 0px;\n}\n<\/style>\n\t<\/div>\n\n\t\n<\/div>\n<div class=\"row row-large align-equal\"  id=\"row-1890496619\">\n<\/div>\n\t<div id=\"gap-507340316\" class=\"gap-element clearfix\" style=\"display:block; height:auto;\">\n\t\t\n<style>\n#gap-507340316 {\n  padding-top: 59px;\n}\n<\/style>\n\t<\/div>\n\t\n\t\t<\/div>\n\n\t\t\n<style>\n#section_266035001 {\n  padding-top: 0px;\n  padding-bottom: 0px;\n}\n<\/style>\n\t<\/section>","protected":false},"excerpt":{"rendered":"","protected":false},"author":2,"featured_media":0,"parent":0,"menu_order":0,"comment_status":"closed","ping_status":"closed","template":"page-blank.php","meta":{"footnotes":""},"class_list":["post-1302","page","type-page","status-publish","hentry"],"yoast_head":"<!-- This site is optimized with the Yoast SEO plugin v27.0 - https:\/\/yoast.com\/product\/yoast-seo-wordpress\/ -->\n<title>Machinepark - Underwaterwindows<\/title>\n<meta name=\"robots\" content=\"index, follow, max-snippet:-1, max-image-preview:large, max-video-preview:-1\" \/>\n<link rel=\"canonical\" href=\"https:\/\/underwaterwindows.eu\/es\/parque-de-maquinas\/\" \/>\n<meta property=\"og:locale\" content=\"es_ES\" \/>\n<meta property=\"og:type\" content=\"article\" \/>\n<meta property=\"og:title\" content=\"Machinepark - Underwaterwindows\" \/>\n<meta property=\"og:url\" content=\"https:\/\/underwaterwindows.eu\/es\/parque-de-maquinas\/\" \/>\n<meta property=\"og:site_name\" content=\"Underwaterwindows\" \/>\n<meta property=\"article:modified_time\" content=\"2025-08-14T14:05:37+00:00\" \/>\n<meta name=\"twitter:card\" content=\"summary_large_image\" \/>\n<meta name=\"twitter:label1\" content=\"Est. reading time\" \/>\n\t<meta name=\"twitter:data1\" content=\"2 minutos\" \/>\n<script type=\"application\/ld+json\" class=\"yoast-schema-graph\">{\"@context\":\"https:\/\/schema.org\",\"@graph\":[{\"@type\":\"WebPage\",\"@id\":\"https:\/\/underwaterwindows.eu\/machinepark\/\",\"url\":\"https:\/\/underwaterwindows.eu\/machinepark\/\",\"name\":\"Machinepark - Underwaterwindows\",\"isPartOf\":{\"@id\":\"https:\/\/underwaterwindows.eu\/#website\"},\"datePublished\":\"2022-02-24T14:28:01+00:00\",\"dateModified\":\"2025-08-14T14:05:37+00:00\",\"breadcrumb\":{\"@id\":\"https:\/\/underwaterwindows.eu\/machinepark\/#breadcrumb\"},\"inLanguage\":\"es\",\"potentialAction\":[{\"@type\":\"ReadAction\",\"target\":[\"https:\/\/underwaterwindows.eu\/machinepark\/\"]}]},{\"@type\":\"BreadcrumbList\",\"@id\":\"https:\/\/underwaterwindows.eu\/machinepark\/#breadcrumb\",\"itemListElement\":[{\"@type\":\"ListItem\",\"position\":1,\"name\":\"Home\",\"item\":\"https:\/\/underwaterwindows.eu\/\"},{\"@type\":\"ListItem\",\"position\":2,\"name\":\"Machinepark\"}]},{\"@type\":\"WebSite\",\"@id\":\"https:\/\/underwaterwindows.eu\/#website\",\"url\":\"https:\/\/underwaterwindows.eu\/\",\"name\":\"Underwaterwindows\",\"description\":\"\",\"potentialAction\":[{\"@type\":\"SearchAction\",\"target\":{\"@type\":\"EntryPoint\",\"urlTemplate\":\"https:\/\/underwaterwindows.eu\/?s={search_term_string}\"},\"query-input\":{\"@type\":\"PropertyValueSpecification\",\"valueRequired\":true,\"valueName\":\"search_term_string\"}}],\"inLanguage\":\"es\"}]}<\/script>\n<!-- \/ Yoast SEO plugin. -->","yoast_head_json":{"title":"Maquinaria - Underwaterwindows","robots":{"index":"index","follow":"follow","max-snippet":"max-snippet:-1","max-image-preview":"max-image-preview:large","max-video-preview":"max-video-preview:-1"},"canonical":"https:\/\/underwaterwindows.eu\/es\/parque-de-maquinas\/","og_locale":"es_ES","og_type":"article","og_title":"Machinepark - Underwaterwindows","og_url":"https:\/\/underwaterwindows.eu\/es\/parque-de-maquinas\/","og_site_name":"Underwaterwindows","article_modified_time":"2025-08-14T14:05:37+00:00","twitter_card":"summary_large_image","twitter_misc":{"Est. reading time":"2 minutos"},"schema":{"@context":"https:\/\/schema.org","@graph":[{"@type":"WebPage","@id":"https:\/\/underwaterwindows.eu\/machinepark\/","url":"https:\/\/underwaterwindows.eu\/machinepark\/","name":"Maquinaria - Underwaterwindows","isPartOf":{"@id":"https:\/\/underwaterwindows.eu\/#website"},"datePublished":"2022-02-24T14:28:01+00:00","dateModified":"2025-08-14T14:05:37+00:00","breadcrumb":{"@id":"https:\/\/underwaterwindows.eu\/machinepark\/#breadcrumb"},"inLanguage":"es","potentialAction":[{"@type":"ReadAction","target":["https:\/\/underwaterwindows.eu\/machinepark\/"]}]},{"@type":"BreadcrumbList","@id":"https:\/\/underwaterwindows.eu\/machinepark\/#breadcrumb","itemListElement":[{"@type":"ListItem","position":1,"name":"Home","item":"https:\/\/underwaterwindows.eu\/"},{"@type":"ListItem","position":2,"name":"Machinepark"}]},{"@type":"WebSite","@id":"https:\/\/underwaterwindows.eu\/#website","url":"https:\/\/underwaterwindows.eu\/","name":"Ventanas submarinas","description":"","potentialAction":[{"@type":"SearchAction","target":{"@type":"EntryPoint","urlTemplate":"https:\/\/underwaterwindows.eu\/?s={search_term_string}"},"query-input":{"@type":"PropertyValueSpecification","valueRequired":true,"valueName":"search_term_string"}}],"inLanguage":"es"}]}},"_links":{"self":[{"href":"https:\/\/underwaterwindows.eu\/es\/wp-json\/wp\/v2\/pages\/1302","targetHints":{"allow":["GET"]}}],"collection":[{"href":"https:\/\/underwaterwindows.eu\/es\/wp-json\/wp\/v2\/pages"}],"about":[{"href":"https:\/\/underwaterwindows.eu\/es\/wp-json\/wp\/v2\/types\/page"}],"author":[{"embeddable":true,"href":"https:\/\/underwaterwindows.eu\/es\/wp-json\/wp\/v2\/users\/2"}],"replies":[{"embeddable":true,"href":"https:\/\/underwaterwindows.eu\/es\/wp-json\/wp\/v2\/comments?post=1302"}],"version-history":[{"count":23,"href":"https:\/\/underwaterwindows.eu\/es\/wp-json\/wp\/v2\/pages\/1302\/revisions"}],"predecessor-version":[{"id":3552,"href":"https:\/\/underwaterwindows.eu\/es\/wp-json\/wp\/v2\/pages\/1302\/revisions\/3552"}],"wp:attachment":[{"href":"https:\/\/underwaterwindows.eu\/es\/wp-json\/wp\/v2\/media?parent=1302"}],"curies":[{"name":"wp","href":"https:\/\/api.w.org\/{rel}","templated":true}]}}